{"id":8166,"date":"2025-09-04T07:18:36","date_gmt":"2025-09-04T07:18:36","guid":{"rendered":"https:\/\/dura.com\/entreprise\/produits\/"},"modified":"2026-04-20T11:45:49","modified_gmt":"2026-04-20T11:45:49","slug":"produits","status":"publish","type":"page","link":"https:\/\/dura.com\/fr\/entreprises\/produits\/","title":{"rendered":"Produits"},"content":{"rendered":"\t\t<div data-elementor-type=\"wp-page\" data-elementor-id=\"8166\" class=\"elementor elementor-8166 elementor-1623\" data-elementor-post-type=\"page\">\n\t\t\t\t<div class=\"elementor-element elementor-element-c1d019b e-flex e-con-boxed e-con e-parent\" data-id=\"c1d019b\" data-element_type=\"container\" data-e-type=\"container\">\n\t\t\t\t\t<div class=\"e-con-inner\">\n\t\t\t\t<div class=\"elementor-element elementor-element-ca963f9 elementor-widget elementor-widget-heading\" data-id=\"ca963f9\" data-element_type=\"widget\" data-e-type=\"widget\" data-widget_type=\"heading.default\">\n\t\t\t\t\t<h2 class=\"elementor-heading-title elementor-size-default\">PROFESSIONNALISEZ VOTRE ESPACE DE TRAVAIL<\/h2>\t\t\t\t<\/div>\n\t\t\t\t<div class=\"elementor-element elementor-element-1226ec3 elementor-widget elementor-widget-text-editor\" data-id=\"1226ec3\" data-element_type=\"widget\" data-e-type=\"widget\" data-widget_type=\"text-editor.default\">\n\t\t\t\t\t\t\t\t\t<p>Des besoins de stockage les plus simples \u00e0 un atelier multi-baies de pointe, Dura poss\u00e8de l&rsquo;expertise et les syst\u00e8mes adapt\u00e9s.<\/p><p>Une solution con\u00e7ue par des professionnels, r\u00e9pondant pr\u00e9cis\u00e9ment \u00e0 vos exigences et fabriqu\u00e9e pour durer, sera un investissement rentable pour votre entreprise. Nos armoires se d\u00e9clinent en deux gammes distinctes, afin de couvrir les besoins vari\u00e9s des diff\u00e9rents secteurs industriels. Les s\u00e9ries 400 et 600 sont toutes deux fabriqu\u00e9es selon les m\u00eames normes d&rsquo;exigence qui ont fait de Dura le fournisseur de mobilier de choix pour de nombreuses marques internationales.  <\/p>\t\t\t\t\t\t\t\t<\/div>\n\t\t\t\t\t<\/div>\n\t\t\t\t<\/div>\n\t\t<div class=\"elementor-element elementor-element-1c46b33 e-flex e-con-boxed e-con e-parent\" data-id=\"1c46b33\" data-element_type=\"container\" data-e-type=\"container\">\n\t\t\t\t\t<div class=\"e-con-inner\">\n\t\t<div class=\"make-column-clickable-elementor elementor-element elementor-element-8e9d662 e-con-full hoverbox-1 e-flex e-con e-child\" style=\"cursor: pointer;\" data-column-clickable=\"https:\/\/dura.com\/business\/400-series\/\" data-column-clickable-blank=\"_self\" data-id=\"8e9d662\" data-element_type=\"container\" data-e-type=\"container\">\n\t\t\t\t<div class=\"elementor-element elementor-element-adf380c hvr-img elementor-widget elementor-widget-image\" data-id=\"adf380c\" data-element_type=\"widget\" data-e-type=\"widget\" data-widget_type=\"image.default\">\n\t\t\t\t\t\t\t\t\t\t\t\t\t\t\t\t<a href=\"https:\/\/dura.com\/fr\/entreprise\/produits\/serie-400\/\">\n\t\t\t\t\t\t\t<img fetchpriority=\"high\" decoding=\"async\" width=\"1920\" height=\"1080\" src=\"https:\/\/dura.com\/wp-content\/uploads\/2025\/09\/B-product-400.jpg\" class=\"attachment-full size-full wp-image-8162\" alt=\"\" srcset=\"https:\/\/dura.com\/wp-content\/uploads\/2025\/09\/B-product-400.jpg 1920w, https:\/\/dura.com\/wp-content\/uploads\/2025\/09\/B-product-400-300x169.jpg 300w, https:\/\/dura.com\/wp-content\/uploads\/2025\/09\/B-product-400-1024x576.jpg 1024w, https:\/\/dura.com\/wp-content\/uploads\/2025\/09\/B-product-400-768x432.jpg 768w, https:\/\/dura.com\/wp-content\/uploads\/2025\/09\/B-product-400-1536x864.jpg 1536w, https:\/\/dura.com\/wp-content\/uploads\/2025\/09\/B-product-400-600x338.jpg 600w, https:\/\/dura.com\/wp-content\/uploads\/2025\/09\/B-product-400-64x36.jpg 64w\" sizes=\"(max-width: 1920px) 100vw, 1920px\" \/>\t\t\t\t\t\t\t\t<\/a>\n\t\t\t\t\t\t\t\t\t\t\t\t\t\t\t<\/div>\n\t\t<div class=\"make-column-clickable-elementor elementor-element elementor-element-6c7186e e-con-full hoverbox-inner1 e-flex e-con e-child\" style=\"cursor: pointer;\" data-column-clickable=\"https:\/\/dura.com\/fr\/entreprise\/produits\/serie-400\/\" data-column-clickable-blank=\"_self\" data-id=\"6c7186e\" data-element_type=\"container\" data-e-type=\"container\" data-settings=\"{&quot;background_background&quot;:&quot;classic&quot;}\">\n\t\t\t\t<div class=\"elementor-element elementor-element-78306d8 elementor-widget elementor-widget-image\" data-id=\"78306d8\" data-element_type=\"widget\" data-e-type=\"widget\" data-widget_type=\"image.default\">\n\t\t\t\t\t\t\t\t\t\t\t\t\t\t\t\t<a href=\"https:\/\/dura.com\/fr\/entreprise\/produits\/serie-400\/\">\n\t\t\t\t\t\t\t<img decoding=\"async\" width=\"654\" height=\"65\" src=\"https:\/\/dura.com\/wp-content\/uploads\/2025\/08\/400series.webp\" class=\"attachment-large size-large wp-image-8163\" alt=\"\" srcset=\"https:\/\/dura.com\/wp-content\/uploads\/2025\/08\/400series.webp 654w, https:\/\/dura.com\/wp-content\/uploads\/2025\/08\/400series-300x30.webp 300w, https:\/\/dura.com\/wp-content\/uploads\/2025\/08\/400series-600x60.webp 600w\" sizes=\"(max-width: 654px) 100vw, 654px\" \/>\t\t\t\t\t\t\t\t<\/a>\n\t\t\t\t\t\t\t\t\t\t\t\t\t\t\t<\/div>\n\t\t\t\t<div class=\"elementor-element elementor-element-a1e4a89 elementor-widget elementor-widget-heading\" data-id=\"a1e4a89\" data-element_type=\"widget\" data-e-type=\"widget\" data-widget_type=\"heading.default\">\n\t\t\t\t\t<p class=\"elementor-heading-title elementor-size-default\"><a href=\"https:\/\/dura.com\/fr\/entreprise\/produits\/serie-400\/\">Une approche simplifi\u00e9e et logique du mobilier de bureau<\/a><\/p>\t\t\t\t<\/div>\n\t\t\t\t<div class=\"elementor-element elementor-element-8421d1e elementor-widget elementor-widget-text-editor\" data-id=\"8421d1e\" data-element_type=\"widget\" data-e-type=\"widget\" data-widget_type=\"text-editor.default\">\n\t\t\t\t\t\t\t\t\t<p>La s\u00e9rie 400 n&rsquo;est pas destin\u00e9e \u00e0 rivaliser avec les marques \u00e0 bas prix qui utilisent des mat\u00e9riaux et des composants de qualit\u00e9 coh\u00e9rents avec leur prix, mais une \u00ab alternative de valeur \u00bb \u00e0 la s\u00e9rie phare 600, avec la m\u00eame qualit\u00e9 de construction et de composants \u00e9lev\u00e9e dans un syst\u00e8me simplifi\u00e9. . Con\u00e7ue autour de la simplicit\u00e9, la s\u00e9rie 400 propose moins d&rsquo;options mais tous les choix les plus populaires et toutes les meilleures fonctionnalit\u00e9s des produits Dura. La planification est facile et l&rsquo;auto-installation est simple si n\u00e9cessaire. Parfait pour les applications n\u00e9cessitant une solution moins complexe techniquement ou sur mesure, mais o\u00f9 la qualit\u00e9 et la long\u00e9vit\u00e9 du produit sont toujours primordiales.<\/p>\t\t\t\t\t\t\t\t<\/div>\n\t\t\t\t<div class=\"elementor-element elementor-element-8824c67 elementor-view-stacked elementor-shape-circle elementor-widget elementor-widget-icon\" data-id=\"8824c67\" data-element_type=\"widget\" data-e-type=\"widget\" data-widget_type=\"icon.default\">\n\t\t\t\t\t\t\t<div class=\"elementor-icon-wrapper\">\n\t\t\t<a class=\"elementor-icon\" href=\"https:\/\/dura.com\/fr\/entreprise\/produits\/serie-400\/\">\n\t\t\t<svg aria-hidden=\"true\" class=\"e-font-icon-svg e-fas-chevron-right\" viewBox=\"0 0 320 512\" xmlns=\"http:\/\/www.w3.org\/2000\/svg\"><path d=\"M285.476 272.971L91.132 467.314c-9.373 9.373-24.569 9.373-33.941 0l-22.667-22.667c-9.357-9.357-9.375-24.522-.04-33.901L188.505 256 34.484 101.255c-9.335-9.379-9.317-24.544.04-33.901l22.667-22.667c9.373-9.373 24.569-9.373 33.941 0L285.475 239.03c9.373 9.372 9.373 24.568.001 33.941z\"><\/path><\/svg>\t\t\t<\/a>\n\t\t<\/div>\n\t\t\t\t\t\t<\/div>\n\t\t\t\t<\/div>\n\t\t\t\t<\/div>\n\t\t<div class=\"make-column-clickable-elementor elementor-element elementor-element-caa6795 e-con-full hoverbox-2 e-flex e-con e-child\" style=\"cursor: pointer;\" data-column-clickable=\"https:\/\/dura.com\/business\/600-series\/\" data-column-clickable-blank=\"_self\" data-id=\"caa6795\" data-element_type=\"container\" data-e-type=\"container\">\n\t\t\t\t<div class=\"elementor-element elementor-element-057cd1a hvr-img elementor-widget elementor-widget-image\" data-id=\"057cd1a\" data-element_type=\"widget\" data-e-type=\"widget\" data-widget_type=\"image.default\">\n\t\t\t\t\t\t\t\t\t\t\t\t\t\t\t\t<a href=\"https:\/\/dura.com\/fr\/entreprise\/produits\/serie-600\/\">\n\t\t\t\t\t\t\t<img decoding=\"async\" width=\"1920\" height=\"1080\" src=\"https:\/\/dura.com\/wp-content\/uploads\/2025\/09\/B-product-600.jpg\" class=\"attachment-full size-full wp-image-8164\" alt=\"\" srcset=\"https:\/\/dura.com\/wp-content\/uploads\/2025\/09\/B-product-600.jpg 1920w, https:\/\/dura.com\/wp-content\/uploads\/2025\/09\/B-product-600-300x169.jpg 300w, https:\/\/dura.com\/wp-content\/uploads\/2025\/09\/B-product-600-1024x576.jpg 1024w, https:\/\/dura.com\/wp-content\/uploads\/2025\/09\/B-product-600-768x432.jpg 768w, https:\/\/dura.com\/wp-content\/uploads\/2025\/09\/B-product-600-1536x864.jpg 1536w, https:\/\/dura.com\/wp-content\/uploads\/2025\/09\/B-product-600-600x338.jpg 600w, https:\/\/dura.com\/wp-content\/uploads\/2025\/09\/B-product-600-64x36.jpg 64w\" sizes=\"(max-width: 1920px) 100vw, 1920px\" \/>\t\t\t\t\t\t\t\t<\/a>\n\t\t\t\t\t\t\t\t\t\t\t\t\t\t\t<\/div>\n\t\t<div class=\"make-column-clickable-elementor elementor-element elementor-element-00aaa19 e-con-full hoverbox-inner2 e-flex e-con e-child\" style=\"cursor: pointer;\" data-column-clickable=\"https:\/\/dura.com\/fr\/entreprise\/produits\/serie-600\/\" data-column-clickable-blank=\"_self\" data-id=\"00aaa19\" data-element_type=\"container\" data-e-type=\"container\" data-settings=\"{&quot;background_background&quot;:&quot;classic&quot;}\">\n\t\t\t\t<div class=\"elementor-element elementor-element-0910941 elementor-widget elementor-widget-image\" data-id=\"0910941\" data-element_type=\"widget\" data-e-type=\"widget\" data-widget_type=\"image.default\">\n\t\t\t\t\t\t\t\t\t\t\t\t\t\t\t\t<a href=\"https:\/\/dura.com\/fr\/entreprise\/produits\/serie-600\/\">\n\t\t\t\t\t\t\t<img loading=\"lazy\" decoding=\"async\" width=\"656\" height=\"65\" src=\"https:\/\/dura.com\/wp-content\/uploads\/2025\/08\/600series.webp\" class=\"attachment-large size-large wp-image-8165\" alt=\"\" srcset=\"https:\/\/dura.com\/wp-content\/uploads\/2025\/08\/600series.webp 656w, https:\/\/dura.com\/wp-content\/uploads\/2025\/08\/600series-300x30.webp 300w, https:\/\/dura.com\/wp-content\/uploads\/2025\/08\/600series-600x59.webp 600w\" sizes=\"(max-width: 656px) 100vw, 656px\" \/>\t\t\t\t\t\t\t\t<\/a>\n\t\t\t\t\t\t\t\t\t\t\t\t\t\t\t<\/div>\n\t\t\t\t<div class=\"elementor-element elementor-element-c61a3d9 elementor-widget elementor-widget-heading\" data-id=\"c61a3d9\" data-element_type=\"widget\" data-e-type=\"widget\" data-widget_type=\"heading.default\">\n\t\t\t\t\t<span class=\"elementor-heading-title elementor-size-default\"><a href=\"https:\/\/dura.com\/fr\/entreprise\/produits\/serie-600\/\">La solution haut de gamme pour une flexibilit\u00e9 de conception ultime<\/a><\/span>\t\t\t\t<\/div>\n\t\t\t\t<div class=\"elementor-element elementor-element-4c5c2f0 elementor-widget elementor-widget-text-editor\" data-id=\"4c5c2f0\" data-element_type=\"widget\" data-e-type=\"widget\" data-widget_type=\"text-editor.default\">\n\t\t\t\t\t\t\t\t\t<p>En tant que gamme originale prim\u00e9e, la s\u00e9rie 600 a fait ses preuves dans les environnements les plus exigeants depuis plus de 25 ans. Diversifi\u00e9 et \u00e9tendu, ce syst\u00e8me modulaire offre un choix illimit\u00e9 pour une solution sur mesure qui s&rsquo;int\u00e8gre de mani\u00e8re transparente \u00e0 n&rsquo;importe quelle installation. Soutenu par notre \u00e9quipe de conception et de planification hautement exp\u00e9riment\u00e9e, il s&rsquo;agit du syst\u00e8me de mobilier ultime et a \u00e9t\u00e9 le choix de ceux qui sont d\u00e9termin\u00e9s \u00e0 \u00e9tablir les normes professionnelles les plus \u00e9lev\u00e9es dans leur environnement de travail.<\/p>\t\t\t\t\t\t\t\t<\/div>\n\t\t\t\t<div class=\"elementor-element elementor-element-6d1c95c elementor-view-stacked elementor-shape-circle elementor-widget elementor-widget-icon\" data-id=\"6d1c95c\" data-element_type=\"widget\" data-e-type=\"widget\" data-widget_type=\"icon.default\">\n\t\t\t\t\t\t\t<div class=\"elementor-icon-wrapper\">\n\t\t\t<a class=\"elementor-icon\" href=\"https:\/\/dura.com\/fr\/entreprise\/produits\/serie-600\/\">\n\t\t\t<svg aria-hidden=\"true\" class=\"e-font-icon-svg e-fas-chevron-right\" viewBox=\"0 0 320 512\" xmlns=\"http:\/\/www.w3.org\/2000\/svg\"><path d=\"M285.476 272.971L91.132 467.314c-9.373 9.373-24.569 9.373-33.941 0l-22.667-22.667c-9.357-9.357-9.375-24.522-.04-33.901L188.505 256 34.484 101.255c-9.335-9.379-9.317-24.544.04-33.901l22.667-22.667c9.373-9.373 24.569-9.373 33.941 0L285.475 239.03c9.373 9.372 9.373 24.568.001 33.941z\"><\/path><\/svg>\t\t\t<\/a>\n\t\t<\/div>\n\t\t\t\t\t\t<\/div>\n\t\t\t\t<\/div>\n\t\t\t\t<\/div>\n\t\t\t\t\t<\/div>\n\t\t\t\t<\/div>\n\t\t<div class=\"elementor-element elementor-element-585bc79 e-flex e-con-boxed e-con e-parent\" data-id=\"585bc79\" data-element_type=\"container\" data-e-type=\"container\">\n\t\t\t\t\t<div class=\"e-con-inner\">\n\t\t\t\t<div class=\"elementor-element elementor-element-2f5c12d elementor-widget elementor-widget-heading\" data-id=\"2f5c12d\" data-element_type=\"widget\" data-e-type=\"widget\" data-widget_type=\"heading.default\">\n\t\t\t\t\t<h2 class=\"elementor-heading-title elementor-size-default\">COMPARAISON DES GAMMES<\/h2>\t\t\t\t<\/div>\n\t\t\t\t<div class=\"elementor-element elementor-element-cd270a4 elementor-widget elementor-widget-html\" data-id=\"cd270a4\" data-element_type=\"widget\" data-e-type=\"widget\" data-widget_type=\"html.default\">\n\t\t\t\t\t\r\n<div class=\"responsive-table\">\r\n\r\n\r\n<table role=\"table\" class=\"table-el\">\r\n<tbody role=\"rowgroup\"><tr role=\"row\">\r\n<th role=\"columnheader\"><\/th>\r\n<th role=\"columnheader\" class=\"h4\">S\u00e9rie 400<\/th>\r\n<th role=\"columnheader\" class=\"h4\">S\u00e9rie 600<\/th>\r\n\r\n<\/tr>\r\n<tr role=\"row\">\r\n<td role=\"cell\">Gamme d'armoires<\/td>\r\n<td data-cell=\"400 series\" role=\"cell\">Moyen<\/td>\r\n<td data-cell=\"600 series\" role=\"cell\">Extensif<\/td>\r\n\r\n<\/tr>\r\n<tr class=\"thick-underline\" role=\"row\">\r\n<td role=\"cell\">Armoires sp\u00e9cialis\u00e9es (fluide, diagnostic etc)<\/td>\r\n<td data-cell=\"400 series\" role=\"cell\">-<\/td>\r\n<td data-cell=\"600 series\" role=\"cell\">Oui<\/td>\r\n\r\n<\/tr>\r\n<tr role=\"row\">\r\n<td role=\"cell\">Capacit\u00e9 standard des tiroirs<\/td>\r\n<td data-cell=\"400 series\" role=\"cell\">60kg<\/td>\r\n<td data-cell=\"600 series\" role=\"cell\">75kg - 200kg<\/td>\r\n\r\n<\/tr>\r\n<tr role=\"row\">\r\n<td role=\"cell\">\u00c9paisseur minimale d'acier utilis\u00e9e pour les armoires <\/td>\r\n<td data-cell=\"400 series\" role=\"cell\">0.9mm<\/td>\r\n<td data-cell=\"600 series\" role=\"cell\">1.2mm<\/td>\r\n\r\n<\/tr>\r\n<tr class=\"thick-underline\" role=\"row\">\r\n<td role=\"cell\">Fonction de tiroir \u00e0 fermeture douce<\/td>\r\n<td data-cell=\"400 series\" role=\"cell\">Ajust\u00e9<\/td>\r\n<td data-cell=\"600 series\" role=\"cell\">Sur commande<\/td>\r\n<\/tr>\r\n\r\n<tr role=\"row\">\r\n<td role=\"cell\">Serrures - unit\u00e9s de base<\/td>\r\n<td data-cell=\"400 series\" role=\"cell\">Oui<\/td>\r\n<td data-cell=\"600 series\" role=\"cell\">Oui<\/td>\r\n<\/tr>\r\n\r\n<tr role=\"row\">\r\n<td role=\"cell\">Serrures - armoires murales<\/td>\r\n<td data-cell=\"400 series\" role=\"cell\">-<\/td>\r\n<td data-cell=\"600 series\" role=\"cell\">Oui<\/td>\r\n<\/tr>\r\n\r\n<tr role=\"row\">\r\n<td role=\"cell\">Mise \u00e0 niveau r\u00e9glable<\/td>\r\n<td data-cell=\"400 series\" role=\"cell\">Oui<\/td>\r\n<td data-cell=\"600 series\" role=\"cell\">Oui<\/td>\r\n<\/tr>\r\n\r\n\r\n<tr role=\"row\">\r\n<td role=\"cell\">Options de couleur<\/td>\r\n<td data-cell=\"400 series\" role=\"cell\">Gris anthracite<\/td>\r\n<td data-cell=\"600 series\" role=\"cell\">Sur commande<\/td>\r\n<\/tr>\r\n\r\n<tr role=\"row\">\r\n<td role=\"cell\">Options de couleur<\/td>\r\n<td data-cell=\"400 series\" role=\"cell\">Oui<\/td>\r\n<td data-cell=\"600 series\" role=\"cell\">-<\/td>\r\n<\/tr>\r\n\r\n<tr role=\"row\">\r\n<td role=\"cell\">Service de conception et de planification <\/td>\r\n<td data-cell=\"400 series\" role=\"cell\">-<\/td>\r\n<td data-cell=\"600 series\" role=\"cell\">Oui<\/td>\r\n<\/tr>\r\n\r\n\r\n<tr role=\"row\">\r\n<td role=\"cell\"><\/td>\r\n\r\n<td data-cell=\"400 series\" role=\"cell\"><a href=\"\/fr\/entreprise\/produits\/serie-400\/\" class=\"t-cta\">Plus sur la S\u00c9RIE 400<\/a><\/td>\r\n\r\n\r\n\r\n<td data-cell=\"600 series\" role=\"cell\"><a href=\"\/fr\/entreprise\/produits\/serie-600\/\" class=\"t-cta\">Plus sur la S\u00c9RIE 600<\/a><\/td>\r\n\r\n\r\n<\/tr>\r\n\r\n\r\n\r\n<\/tbody><\/table>\r\n<\/div>\r\n\r\n\r\n\r\n\r\n<script>\r\nfunction AddTableARIA() {\r\ntry {\r\nvar allTables = document.querySelectorAll('table');\r\nfor (var i = 0; i < allTables.length; i++) {\r\nallTables[i].setAttribute('role','table');\r\n}\r\nvar allCaptions = document.querySelectorAll('caption');\r\nfor (var i = 0; i < allCaptions.length; i++) {\r\nallCaptions[i].setAttribute('role','caption');\r\n}\r\nvar allRowGroups = document.querySelectorAll('thead, tbody, tfoot');\r\nfor (var i = 0; i < allRowGroups.length; i++) {\r\nallRowGroups[i].setAttribute('role','rowgroup');\r\n}\r\nvar allRows = document.querySelectorAll('tr');\r\nfor (var i = 0; i < allRows.length; i++) {\r\nallRows[i].setAttribute('role','row');\r\n}\r\nvar allCells = document.querySelectorAll('td');\r\nfor (var i = 0; i < allCells.length; i++) {\r\nallCells[i].setAttribute('role','cell');\r\n}\r\nvar allHeaders = document.querySelectorAll('th');\r\nfor (var i = 0; i < allHeaders.length; i++) {\r\nallHeaders[i].setAttribute('role','columnheader');\r\n}\r\n\/\/ this accounts for scoped row headers\r\nvar allRowHeaders = document.querySelectorAll('th[scope=row]');\r\nfor (var i = 0; i < allRowHeaders.length; i++) {\r\nallRowHeaders[i].setAttribute('role','rowheader');\r\n}\r\n} catch (e) {\r\nconsole.log(\"AddTableARIA(): \" + e);\r\n}\r\n}\r\n\r\nAddTableARIA();\r\n\r\n\r\n\r\n\r\n<\/script>\t\t\t\t<\/div>\n\t\t\t\t\t<\/div>\n\t\t\t\t<\/div>\n\t\t<div class=\"elementor-element elementor-element-22def52 e-flex e-con-boxed e-con e-parent\" data-id=\"22def52\" data-element_type=\"container\" data-e-type=\"container\" data-settings=\"{&quot;background_background&quot;:&quot;classic&quot;}\">\n\t\t\t\t\t<div class=\"e-con-inner\">\n\t\t\t\t<div class=\"elementor-element elementor-element-7804149 elementor-widget elementor-widget-heading\" data-id=\"7804149\" data-element_type=\"widget\" data-e-type=\"widget\" data-widget_type=\"heading.default\">\n\t\t\t\t\t<h2 class=\"elementor-heading-title elementor-size-default\">En savoir plus<\/h2>\t\t\t\t<\/div>\n\t\t\t\t<div class=\"elementor-element elementor-element-67f71a7 elementor-widget elementor-widget-heading\" data-id=\"67f71a7\" data-element_type=\"widget\" data-e-type=\"widget\" data-widget_type=\"heading.default\">\n\t\t\t\t\t<span class=\"elementor-heading-title elementor-size-default\">Contactez notre \u00e9quipe pour obtenir plus d'informations sur notre mobilier et nos services d'atelier.<\/span>\t\t\t\t<\/div>\n\t\t\t\t<div class=\"elementor-element elementor-element-ef705be elementor-align-center elementor-widget elementor-widget-button\" data-id=\"ef705be\" data-element_type=\"widget\" data-e-type=\"widget\" data-widget_type=\"button.default\">\n\t\t\t\t\t\t\t\t\t\t<a class=\"elementor-button elementor-button-link elementor-size-sm\" href=\"https:\/\/dura.com\/fr\/entreprise\/contactez-nous\/\">\n\t\t\t\t\t\t<span class=\"elementor-button-content-wrapper\">\n\t\t\t\t\t\t\t\t\t<span class=\"elementor-button-text\">Entrer en contact<\/span>\n\t\t\t\t\t<\/span>\n\t\t\t\t\t<\/a>\n\t\t\t\t\t\t\t\t<\/div>\n\t\t\t\t\t<\/div>\n\t\t\t\t<\/div>\n\t\t\t\t<\/div>\n\t\t","protected":false},"excerpt":{"rendered":"<p>PROFESSIONNALISEZ VOTRE ESPACE DE TRAVAIL Des besoins de stockage les plus simples \u00e0 un atelier multi-baies de pointe, Dura poss\u00e8de l&rsquo;expertise et les syst\u00e8mes adapt\u00e9s. Une solution con\u00e7ue par des professionnels, r\u00e9pondant pr\u00e9cis\u00e9ment \u00e0 vos exigences et fabriqu\u00e9e pour durer, sera un investissement rentable pour votre entreprise. Nos armoires se d\u00e9clinent en deux gammes distinctes, [&hellip;]<\/p>\n","protected":false},"author":1,"featured_media":0,"parent":8150,"menu_order":0,"comment_status":"closed","ping_status":"closed","template":"","meta":{"_acf_changed":false,"footnotes":""},"class_list":["post-8166","page","type-page","status-publish","hentry"],"acf":[],"_links":{"self":[{"href":"https:\/\/dura.com\/fr\/wp-json\/wp\/v2\/pages\/8166","targetHints":{"allow":["GET"]}}],"collection":[{"href":"https:\/\/dura.com\/fr\/wp-json\/wp\/v2\/pages"}],"about":[{"href":"https:\/\/dura.com\/fr\/wp-json\/wp\/v2\/types\/page"}],"author":[{"embeddable":true,"href":"https:\/\/dura.com\/fr\/wp-json\/wp\/v2\/users\/1"}],"replies":[{"embeddable":true,"href":"https:\/\/dura.com\/fr\/wp-json\/wp\/v2\/comments?post=8166"}],"version-history":[{"count":0,"href":"https:\/\/dura.com\/fr\/wp-json\/wp\/v2\/pages\/8166\/revisions"}],"up":[{"embeddable":true,"href":"https:\/\/dura.com\/fr\/wp-json\/wp\/v2\/pages\/8150"}],"wp:attachment":[{"href":"https:\/\/dura.com\/fr\/wp-json\/wp\/v2\/media?parent=8166"}],"curies":[{"name":"wp","href":"https:\/\/api.w.org\/{rel}","templated":true}]}}