{"id":8161,"date":"2025-10-14T09:28:34","date_gmt":"2025-10-14T09:28:34","guid":{"rendered":"https:\/\/dura.com\/entreprise\/telecharger\/"},"modified":"2026-04-20T12:35:06","modified_gmt":"2026-04-20T12:35:06","slug":"telecharger","status":"publish","type":"page","link":"https:\/\/dura.com\/fr\/entreprise\/telecharger\/","title":{"rendered":"T\u00e9l\u00e9charger"},"content":{"rendered":"\t\t<div data-elementor-type=\"wp-page\" data-elementor-id=\"8161\" class=\"elementor elementor-8161 elementor-5837\" data-elementor-post-type=\"page\">\n\t\t\t\t<div class=\"elementor-element elementor-element-08d28ca e-flex e-con-boxed e-con e-parent\" data-id=\"08d28ca\" data-element_type=\"container\" data-e-type=\"container\" data-settings=\"{&quot;background_background&quot;:&quot;classic&quot;}\">\n\t\t\t\t\t<div class=\"e-con-inner\">\n\t\t\t\t\t<\/div>\n\t\t\t\t<\/div>\n\t\t<div class=\"elementor-element elementor-element-2b01d31 e-flex e-con-boxed e-con e-parent\" data-id=\"2b01d31\" data-element_type=\"container\" data-e-type=\"container\">\n\t\t\t\t\t<div class=\"e-con-inner\">\n\t\t\t\t<div class=\"elementor-element elementor-element-3ddb8de elementor-widget elementor-widget-heading\" data-id=\"3ddb8de\" data-element_type=\"widget\" data-e-type=\"widget\" data-widget_type=\"heading.default\">\n\t\t\t\t\t<h2 class=\"elementor-heading-title elementor-size-default\">T\u00e9l\u00e9charger les fichiers de la brochure<\/h2>\t\t\t\t<\/div>\n\t\t\t\t<div class=\"elementor-element elementor-element-1229ac0 elementor-widget elementor-widget-text-editor\" data-id=\"1229ac0\" data-element_type=\"widget\" data-e-type=\"widget\" data-widget_type=\"text-editor.default\">\n\t\t\t\t\t\t\t\t\t<p>Nous vous remercions de votre r\u00e9cente demande et de votre int\u00e9r\u00eat pour nos derni\u00e8res brochures. Nous esp\u00e9rons qu&rsquo;elles vous apporteront des id\u00e9es et de l&rsquo;inspiration pour votre nouvel atelier. Si vous avez d&rsquo;autres questions qui ne sont pas abord\u00e9es dans les brochures, n&rsquo;h\u00e9sitez pas \u00e0 nous appeler au <a href=\"tel:+441280706050\">01280 706050<\/a> ou \u00e0 nous \u00e9crire \u00e0 <a href=\"mailto:info@dura.co.uk\">info@dura.co.uk<\/a>. Vous pouvez \u00e9galement t\u00e9l\u00e9charger la version PDF de nos brochures en cliquant sur les liens ci-dessous.  <\/p>\t\t\t\t\t\t\t\t<\/div>\n\t\t\t\t\t<\/div>\n\t\t\t\t<\/div>\n\t\t<div class=\"elementor-element elementor-element-bb0019f e-flex e-con-boxed e-con e-parent\" data-id=\"bb0019f\" data-element_type=\"container\" data-e-type=\"container\">\n\t\t\t\t\t<div class=\"e-con-inner\">\n\t\t<div class=\"elementor-element elementor-element-118b88e e-con-full e-flex e-con e-child\" data-id=\"118b88e\" data-element_type=\"container\" data-e-type=\"container\">\n\t\t<div class=\"elementor-element elementor-element-a077cb0 e-con-full e-flex e-con e-child\" data-id=\"a077cb0\" data-element_type=\"container\" data-e-type=\"container\">\n\t\t\t\t<div class=\"elementor-element elementor-element-305dd05 elementor-widget elementor-widget-heading\" data-id=\"305dd05\" data-element_type=\"widget\" data-e-type=\"widget\" data-widget_type=\"heading.default\">\n\t\t\t\t\t<h2 class=\"elementor-heading-title elementor-size-default\">Portfolio<\/h2>\t\t\t\t<\/div>\n\t\t\t\t<div class=\"elementor-element elementor-element-b59fc59 elementor-widget elementor-widget-image\" data-id=\"b59fc59\" data-element_type=\"widget\" data-e-type=\"widget\" data-widget_type=\"image.default\">\n\t\t\t\t\t\t\t\t\t\t\t\t\t\t\t\t<a href=\"https:\/\/dura.com\/wp-content\/uploads\/2025\/10\/Dura_BusinPortf_23.pdf\">\n\t\t\t\t\t\t\t<img fetchpriority=\"high\" decoding=\"async\" width=\"1510\" height=\"1080\" src=\"https:\/\/dura.com\/wp-content\/uploads\/2025\/10\/BrThumb_DuraBusinPortf_23.jpg\" class=\"attachment-full size-full wp-image-8158\" alt=\"\" srcset=\"https:\/\/dura.com\/wp-content\/uploads\/2025\/10\/BrThumb_DuraBusinPortf_23.jpg 1510w, https:\/\/dura.com\/wp-content\/uploads\/2025\/10\/BrThumb_DuraBusinPortf_23-300x215.jpg 300w, https:\/\/dura.com\/wp-content\/uploads\/2025\/10\/BrThumb_DuraBusinPortf_23-1024x732.jpg 1024w, https:\/\/dura.com\/wp-content\/uploads\/2025\/10\/BrThumb_DuraBusinPortf_23-768x549.jpg 768w, https:\/\/dura.com\/wp-content\/uploads\/2025\/10\/BrThumb_DuraBusinPortf_23-600x429.jpg 600w, https:\/\/dura.com\/wp-content\/uploads\/2025\/10\/BrThumb_DuraBusinPortf_23-64x46.jpg 64w\" sizes=\"(max-width: 1510px) 100vw, 1510px\" \/>\t\t\t\t\t\t\t\t<\/a>\n\t\t\t\t\t\t\t\t\t\t\t\t\t\t\t<\/div>\n\t\t\t\t<div class=\"elementor-element elementor-element-197dc8e elementor-widget elementor-widget-button\" data-id=\"197dc8e\" data-element_type=\"widget\" data-e-type=\"widget\" data-widget_type=\"button.default\">\n\t\t\t\t\t\t\t\t\t\t<a class=\"elementor-button elementor-button-link elementor-size-sm\" href=\"https:\/\/dura.com\/wp-content\/uploads\/2025\/10\/Dura_BusinPortf_23.pdf\">\n\t\t\t\t\t\t<span class=\"elementor-button-content-wrapper\">\n\t\t\t\t\t\t<span class=\"elementor-button-icon\">\n\t\t\t\t<svg aria-hidden=\"true\" class=\"e-font-icon-svg e-fas-cloud-download-alt\" viewBox=\"0 0 640 512\" xmlns=\"http:\/\/www.w3.org\/2000\/svg\"><path d=\"M537.6 226.6c4.1-10.7 6.4-22.4 6.4-34.6 0-53-43-96-96-96-19.7 0-38.1 6-53.3 16.2C367 64.2 315.3 32 256 32c-88.4 0-160 71.6-160 160 0 2.7.1 5.4.2 8.1C40.2 219.8 0 273.2 0 336c0 79.5 64.5 144 144 144h368c70.7 0 128-57.3 128-128 0-61.9-44-113.6-102.4-125.4zm-132.9 88.7L299.3 420.7c-6.2 6.2-16.4 6.2-22.6 0L171.3 315.3c-10.1-10.1-2.9-27.3 11.3-27.3H248V176c0-8.8 7.2-16 16-16h48c8.8 0 16 7.2 16 16v112h65.4c14.2 0 21.4 17.2 11.3 27.3z\"><\/path><\/svg>\t\t\t<\/span>\n\t\t\t\t\t\t\t\t\t<span class=\"elementor-button-text\">Dura Portfolio<\/span>\n\t\t\t\t\t<\/span>\n\t\t\t\t\t<\/a>\n\t\t\t\t\t\t\t\t<\/div>\n\t\t\t\t<\/div>\n\t\t<div class=\"elementor-element elementor-element-67e0246 e-con-full e-flex e-con e-child\" data-id=\"67e0246\" data-element_type=\"container\" data-e-type=\"container\">\n\t\t\t\t<div class=\"elementor-element elementor-element-4388827 elementor-widget elementor-widget-heading\" data-id=\"4388827\" data-element_type=\"widget\" data-e-type=\"widget\" data-widget_type=\"heading.default\">\n\t\t\t\t\t<h2 class=\"elementor-heading-title elementor-size-default\">Catalogue de la s\u00e9rie 600<\/h2>\t\t\t\t<\/div>\n\t\t\t\t<div class=\"elementor-element elementor-element-e592e58 elementor-widget elementor-widget-image\" data-id=\"e592e58\" data-element_type=\"widget\" data-e-type=\"widget\" data-widget_type=\"image.default\">\n\t\t\t\t\t\t\t\t\t\t\t\t\t\t\t\t<a href=\"https:\/\/dura.com\/wp-content\/uploads\/2025\/10\/600series_PCat_25A.pdf\">\n\t\t\t\t\t\t\t<img decoding=\"async\" width=\"836\" height=\"1080\" src=\"https:\/\/dura.com\/wp-content\/uploads\/2026\/02\/BrThumb_600series_PCat_21B.jpg\" class=\"attachment-full size-full wp-image-8160\" alt=\"\" srcset=\"https:\/\/dura.com\/wp-content\/uploads\/2026\/02\/BrThumb_600series_PCat_21B.jpg 836w, https:\/\/dura.com\/wp-content\/uploads\/2026\/02\/BrThumb_600series_PCat_21B-232x300.jpg 232w, https:\/\/dura.com\/wp-content\/uploads\/2026\/02\/BrThumb_600series_PCat_21B-793x1024.jpg 793w, https:\/\/dura.com\/wp-content\/uploads\/2026\/02\/BrThumb_600series_PCat_21B-768x992.jpg 768w, https:\/\/dura.com\/wp-content\/uploads\/2026\/02\/BrThumb_600series_PCat_21B-600x775.jpg 600w, https:\/\/dura.com\/wp-content\/uploads\/2026\/02\/BrThumb_600series_PCat_21B-64x83.jpg 64w\" sizes=\"(max-width: 836px) 100vw, 836px\" \/>\t\t\t\t\t\t\t\t<\/a>\n\t\t\t\t\t\t\t\t\t\t\t\t\t\t\t<\/div>\n\t\t\t\t<div class=\"elementor-element elementor-element-70e137a elementor-widget elementor-widget-button\" data-id=\"70e137a\" data-element_type=\"widget\" data-e-type=\"widget\" data-widget_type=\"button.default\">\n\t\t\t\t\t\t\t\t\t\t<a class=\"elementor-button elementor-button-link elementor-size-sm\" href=\"https:\/\/dura.com\/wp-content\/uploads\/2025\/10\/600series_PCat_25A.pdf\">\n\t\t\t\t\t\t<span class=\"elementor-button-content-wrapper\">\n\t\t\t\t\t\t<span class=\"elementor-button-icon\">\n\t\t\t\t<svg aria-hidden=\"true\" class=\"e-font-icon-svg e-fas-cloud-download-alt\" viewBox=\"0 0 640 512\" xmlns=\"http:\/\/www.w3.org\/2000\/svg\"><path d=\"M537.6 226.6c4.1-10.7 6.4-22.4 6.4-34.6 0-53-43-96-96-96-19.7 0-38.1 6-53.3 16.2C367 64.2 315.3 32 256 32c-88.4 0-160 71.6-160 160 0 2.7.1 5.4.2 8.1C40.2 219.8 0 273.2 0 336c0 79.5 64.5 144 144 144h368c70.7 0 128-57.3 128-128 0-61.9-44-113.6-102.4-125.4zm-132.9 88.7L299.3 420.7c-6.2 6.2-16.4 6.2-22.6 0L171.3 315.3c-10.1-10.1-2.9-27.3 11.3-27.3H248V176c0-8.8 7.2-16 16-16h48c8.8 0 16 7.2 16 16v112h65.4c14.2 0 21.4 17.2 11.3 27.3z\"><\/path><\/svg>\t\t\t<\/span>\n\t\t\t\t\t\t\t\t\t<span class=\"elementor-button-text\">Catalogue des produits de la s\u00e9rie Dura 600<\/span>\n\t\t\t\t\t<\/span>\n\t\t\t\t\t<\/a>\n\t\t\t\t\t\t\t\t<\/div>\n\t\t\t\t<\/div>\n\t\t<div class=\"elementor-element elementor-element-ecb4786 e-con-full e-flex e-con e-child\" data-id=\"ecb4786\" data-element_type=\"container\" data-e-type=\"container\">\n\t\t\t\t<div class=\"elementor-element elementor-element-184ecc0 elementor-widget elementor-widget-heading\" data-id=\"184ecc0\" data-element_type=\"widget\" data-e-type=\"widget\" data-widget_type=\"heading.default\">\n\t\t\t\t\t<h2 class=\"elementor-heading-title elementor-size-default\">Catalogue de la s\u00e9rie 400<\/h2>\t\t\t\t<\/div>\n\t\t\t\t<div class=\"elementor-element elementor-element-e003be2 elementor-widget elementor-widget-image\" data-id=\"e003be2\" data-element_type=\"widget\" data-e-type=\"widget\" data-widget_type=\"image.default\">\n\t\t\t\t\t\t\t\t\t\t\t\t\t\t\t\t<a href=\"https:\/\/dura.com\/wp-content\/uploads\/2025\/10\/400-Series-Prod-Cat_UK_FR_DE_NL_Jan25A.pdf\">\n\t\t\t\t\t\t\t<img decoding=\"async\" width=\"822\" height=\"1080\" src=\"https:\/\/dura.com\/wp-content\/uploads\/2025\/10\/BrThumb_400series_PCat_24B.jpg\" class=\"attachment-full size-full wp-image-8159\" alt=\"\" srcset=\"https:\/\/dura.com\/wp-content\/uploads\/2025\/10\/BrThumb_400series_PCat_24B.jpg 822w, https:\/\/dura.com\/wp-content\/uploads\/2025\/10\/BrThumb_400series_PCat_24B-228x300.jpg 228w, https:\/\/dura.com\/wp-content\/uploads\/2025\/10\/BrThumb_400series_PCat_24B-779x1024.jpg 779w, https:\/\/dura.com\/wp-content\/uploads\/2025\/10\/BrThumb_400series_PCat_24B-768x1009.jpg 768w, https:\/\/dura.com\/wp-content\/uploads\/2025\/10\/BrThumb_400series_PCat_24B-600x788.jpg 600w, https:\/\/dura.com\/wp-content\/uploads\/2025\/10\/BrThumb_400series_PCat_24B-64x84.jpg 64w\" sizes=\"(max-width: 822px) 100vw, 822px\" \/>\t\t\t\t\t\t\t\t<\/a>\n\t\t\t\t\t\t\t\t\t\t\t\t\t\t\t<\/div>\n\t\t\t\t<div class=\"elementor-element elementor-element-7c40097 elementor-widget elementor-widget-button\" data-id=\"7c40097\" data-element_type=\"widget\" data-e-type=\"widget\" data-widget_type=\"button.default\">\n\t\t\t\t\t\t\t\t\t\t<a class=\"elementor-button elementor-button-link elementor-size-sm\" href=\"https:\/\/dura.com\/wp-content\/uploads\/2025\/10\/400-Series-Prod-Cat_UK_FR_DE_NL_Jan25A.pdf\">\n\t\t\t\t\t\t<span class=\"elementor-button-content-wrapper\">\n\t\t\t\t\t\t<span class=\"elementor-button-icon\">\n\t\t\t\t<svg aria-hidden=\"true\" class=\"e-font-icon-svg e-fas-cloud-download-alt\" viewBox=\"0 0 640 512\" xmlns=\"http:\/\/www.w3.org\/2000\/svg\"><path d=\"M537.6 226.6c4.1-10.7 6.4-22.4 6.4-34.6 0-53-43-96-96-96-19.7 0-38.1 6-53.3 16.2C367 64.2 315.3 32 256 32c-88.4 0-160 71.6-160 160 0 2.7.1 5.4.2 8.1C40.2 219.8 0 273.2 0 336c0 79.5 64.5 144 144 144h368c70.7 0 128-57.3 128-128 0-61.9-44-113.6-102.4-125.4zm-132.9 88.7L299.3 420.7c-6.2 6.2-16.4 6.2-22.6 0L171.3 315.3c-10.1-10.1-2.9-27.3 11.3-27.3H248V176c0-8.8 7.2-16 16-16h48c8.8 0 16 7.2 16 16v112h65.4c14.2 0 21.4 17.2 11.3 27.3z\"><\/path><\/svg>\t\t\t<\/span>\n\t\t\t\t\t\t\t\t\t<span class=\"elementor-button-text\">Catalogue des produits de la s\u00e9rie Dura 400<\/span>\n\t\t\t\t\t<\/span>\n\t\t\t\t\t<\/a>\n\t\t\t\t\t\t\t\t<\/div>\n\t\t\t\t<\/div>\n\t\t\t\t<\/div>\n\t\t\t\t\t<\/div>\n\t\t\t\t<\/div>\n\t\t<div class=\"elementor-element elementor-element-48c90cd e-flex e-con-boxed e-con e-parent\" data-id=\"48c90cd\" data-element_type=\"container\" data-e-type=\"container\" data-settings=\"{&quot;background_background&quot;:&quot;classic&quot;}\">\n\t\t\t\t\t<div class=\"e-con-inner\">\n\t\t\t\t<div class=\"elementor-element elementor-element-a453399 elementor-widget elementor-widget-heading\" data-id=\"a453399\" data-element_type=\"widget\" data-e-type=\"widget\" data-widget_type=\"heading.default\">\n\t\t\t\t\t<h2 class=\"elementor-heading-title elementor-size-default\">En savoir plus<\/h2>\t\t\t\t<\/div>\n\t\t\t\t<div class=\"elementor-element elementor-element-725f913 elementor-widget elementor-widget-heading\" data-id=\"725f913\" data-element_type=\"widget\" data-e-type=\"widget\" data-widget_type=\"heading.default\">\n\t\t\t\t\t<span class=\"elementor-heading-title elementor-size-default\">Contactez notre \u00e9quipe pour obtenir plus d'informations sur notre mobilier et nos services d'atelier.<\/span>\t\t\t\t<\/div>\n\t\t\t\t<div class=\"elementor-element elementor-element-96c08c8 elementor-align-center elementor-widget elementor-widget-button\" data-id=\"96c08c8\" data-element_type=\"widget\" data-e-type=\"widget\" data-widget_type=\"button.default\">\n\t\t\t\t\t\t\t\t\t\t<a class=\"elementor-button elementor-button-link elementor-size-sm\" href=\"https:\/\/dura.com\/fr\/entreprise\/contactez-nous\/\">\n\t\t\t\t\t\t<span class=\"elementor-button-content-wrapper\">\n\t\t\t\t\t\t\t\t\t<span class=\"elementor-button-text\">Contactez-nous<\/span>\n\t\t\t\t\t<\/span>\n\t\t\t\t\t<\/a>\n\t\t\t\t\t\t\t\t<\/div>\n\t\t\t\t\t<\/div>\n\t\t\t\t<\/div>\n\t\t\t\t<\/div>\n\t\t","protected":false},"excerpt":{"rendered":"<p>T\u00e9l\u00e9charger les fichiers de la brochure Nous vous remercions de votre r\u00e9cente demande et de votre int\u00e9r\u00eat pour nos derni\u00e8res brochures. Nous esp\u00e9rons qu&rsquo;elles vous apporteront des id\u00e9es et de l&rsquo;inspiration pour votre nouvel atelier. Si vous avez d&rsquo;autres questions qui ne sont pas abord\u00e9es dans les brochures, n&rsquo;h\u00e9sitez pas \u00e0 nous appeler au 01280 [&hellip;]<\/p>\n","protected":false},"author":1,"featured_media":0,"parent":8150,"menu_order":0,"comment_status":"closed","ping_status":"closed","template":"","meta":{"_acf_changed":false,"footnotes":""},"class_list":["post-8161","page","type-page","status-publish","hentry"],"acf":[],"_links":{"self":[{"href":"https:\/\/dura.com\/fr\/wp-json\/wp\/v2\/pages\/8161","targetHints":{"allow":["GET"]}}],"collection":[{"href":"https:\/\/dura.com\/fr\/wp-json\/wp\/v2\/pages"}],"about":[{"href":"https:\/\/dura.com\/fr\/wp-json\/wp\/v2\/types\/page"}],"author":[{"embeddable":true,"href":"https:\/\/dura.com\/fr\/wp-json\/wp\/v2\/users\/1"}],"replies":[{"embeddable":true,"href":"https:\/\/dura.com\/fr\/wp-json\/wp\/v2\/comments?post=8161"}],"version-history":[{"count":0,"href":"https:\/\/dura.com\/fr\/wp-json\/wp\/v2\/pages\/8161\/revisions"}],"up":[{"embeddable":true,"href":"https:\/\/dura.com\/fr\/wp-json\/wp\/v2\/pages\/8150"}],"wp:attachment":[{"href":"https:\/\/dura.com\/fr\/wp-json\/wp\/v2\/media?parent=8161"}],"curies":[{"name":"wp","href":"https:\/\/api.w.org\/{rel}","templated":true}]}}