{"id":8396,"date":"2025-09-03T11:00:31","date_gmt":"2025-09-03T11:00:31","guid":{"rendered":"https:\/\/dura.com\/empresa\/proyectos\/"},"modified":"2026-04-02T11:23:09","modified_gmt":"2026-04-02T11:23:09","slug":"proyectos","status":"publish","type":"page","link":"https:\/\/dura.com\/es\/empresas\/proyectos\/","title":{"rendered":"Proyectos"},"content":{"rendered":"\t\t<div data-elementor-type=\"wp-page\" data-elementor-id=\"8396\" class=\"elementor elementor-8396 elementor-1356\" data-elementor-post-type=\"page\">\n\t\t\t\t<div class=\"elementor-element elementor-element-d2d2ed8 e-flex e-con-boxed e-con e-parent\" data-id=\"d2d2ed8\" data-element_type=\"container\" data-e-type=\"container\">\n\t\t\t\t\t<div class=\"e-con-inner\">\n\t\t<div class=\"elementor-element elementor-element-64677ed e-con-full e-flex e-con e-child\" data-id=\"64677ed\" data-element_type=\"container\" data-e-type=\"container\">\n\t\t\t\t<div class=\"elementor-element elementor-element-a8d8dae elementor-widget elementor-widget-heading\" data-id=\"a8d8dae\" data-element_type=\"widget\" data-e-type=\"widget\" data-widget_type=\"heading.default\">\n\t\t\t\t\t<h2 class=\"elementor-heading-title elementor-size-default\">GALER\u00cdAS Y ESTUDIOS DE CASO<\/h2>\t\t\t\t<\/div>\n\t\t\t\t<\/div>\n\t\t\t\t\t<\/div>\n\t\t\t\t<\/div>\n\t\t<div class=\"elementor-element elementor-element-490d20c e-flex e-con-boxed e-con e-parent\" data-id=\"490d20c\" data-element_type=\"container\" data-e-type=\"container\">\n\t\t\t\t\t<div class=\"e-con-inner\">\n\t\t<div class=\"elementor-element elementor-element-7b47367 e-con-full e-flex e-con e-child\" data-id=\"7b47367\" data-element_type=\"container\" data-e-type=\"container\">\n\t\t<div class=\"elementor-element elementor-element-c5d36cb e-con-full e-flex e-con e-child\" data-id=\"c5d36cb\" data-element_type=\"container\" data-e-type=\"container\">\n\t\t<div class=\"elementor-element elementor-element-ae7fe4e e-con-full e-flex e-con e-child\" data-id=\"ae7fe4e\" data-element_type=\"container\" data-e-type=\"container\">\n\t\t\t\t<div class=\"elementor-element elementor-element-62569a0 elementor-widget elementor-widget-heading\" data-id=\"62569a0\" data-element_type=\"widget\" data-e-type=\"widget\" data-widget_type=\"heading.default\">\n\t\t\t\t\t<h2 class=\"elementor-heading-title elementor-size-default\">Aeroespacial\/Transporte<\/h2>\t\t\t\t<\/div>\n\t\t\t\t<div class=\"elementor-element elementor-element-a0a85e4 elementor-nav-menu__align-start elementor-nav-menu--dropdown-none sidebar-nav elementor-widget elementor-widget-nav-menu\" data-id=\"a0a85e4\" data-element_type=\"widget\" data-e-type=\"widget\" data-settings=\"{&quot;layout&quot;:&quot;horizontal&quot;,&quot;submenu_icon&quot;:{&quot;value&quot;:&quot;&lt;svg aria-hidden=\\&quot;true\\&quot; class=\\&quot;e-font-icon-svg e-fas-caret-down\\&quot; viewBox=\\&quot;0 0 320 512\\&quot; xmlns=\\&quot;http:\\\/\\\/www.w3.org\\\/2000\\\/svg\\&quot;&gt;&lt;path d=\\&quot;M31.3 192h257.3c17.8 0 26.7 21.5 14.1 34.1L174.1 354.8c-7.8 7.8-20.5 7.8-28.3 0L17.2 226.1C4.6 213.5 13.5 192 31.3 192z\\&quot;&gt;&lt;\\\/path&gt;&lt;\\\/svg&gt;&quot;,&quot;library&quot;:&quot;fa-solid&quot;}}\" data-widget_type=\"nav-menu.default\">\n\t\t\t\t\t\t\t\t<nav aria-label=\"Menu\" class=\"elementor-nav-menu--main elementor-nav-menu__container elementor-nav-menu--layout-horizontal e--pointer-underline e--animation-fade\">\n\t\t\t\t<ul id=\"menu-1-a0a85e4\" class=\"elementor-nav-menu\"><li class=\"menu-item menu-item-type-post_type menu-item-object-page menu-item-1420\"><a href=\"https:\/\/dura.com\/business\/projects\/aerospace-workshop-derby\/\" class=\"elementor-item\">Taller aeroespacial de Derby, Reino Unido<\/a><\/li>\n<li class=\"menu-item menu-item-type-post_type menu-item-object-page menu-item-1756\"><a href=\"https:\/\/dura.com\/business\/projects\/vertical-aerospace\/\" class=\"elementor-item\">Vertical Aerospace<\/a><\/li>\n<\/ul>\t\t\t<\/nav>\n\t\t\t\t\t\t<nav class=\"elementor-nav-menu--dropdown elementor-nav-menu__container\" aria-hidden=\"true\">\n\t\t\t\t<ul id=\"menu-2-a0a85e4\" class=\"elementor-nav-menu\"><li class=\"menu-item menu-item-type-post_type menu-item-object-page menu-item-1420\"><a href=\"https:\/\/dura.com\/business\/projects\/aerospace-workshop-derby\/\" class=\"elementor-item\" tabindex=\"-1\">Taller aeroespacial de Derby, Reino Unido<\/a><\/li>\n<li class=\"menu-item menu-item-type-post_type menu-item-object-page menu-item-1756\"><a href=\"https:\/\/dura.com\/business\/projects\/vertical-aerospace\/\" class=\"elementor-item\" tabindex=\"-1\">Vertical Aerospace<\/a><\/li>\n<\/ul>\t\t\t<\/nav>\n\t\t\t\t\t\t<\/div>\n\t\t<div class=\"elementor-element elementor-element-64e1130 e-con-full e-flex e-con e-child\" data-id=\"64e1130\" data-element_type=\"container\" data-e-type=\"container\">\n\t\t\t\t<div class=\"elementor-element elementor-element-4a534e8 elementor-widget elementor-widget-heading\" data-id=\"4a534e8\" data-element_type=\"widget\" data-e-type=\"widget\" data-widget_type=\"heading.default\">\n\t\t\t\t\t<h2 class=\"elementor-heading-title elementor-size-default\">Automotor<\/h2>\t\t\t\t<\/div>\n\t\t\t\t<div class=\"elementor-element elementor-element-df67a1e elementor-nav-menu__align-start elementor-nav-menu--dropdown-none sidebar-nav elementor-widget elementor-widget-nav-menu\" data-id=\"df67a1e\" data-element_type=\"widget\" data-e-type=\"widget\" data-settings=\"{&quot;layout&quot;:&quot;vertical&quot;,&quot;submenu_icon&quot;:{&quot;value&quot;:&quot;&lt;svg aria-hidden=\\&quot;true\\&quot; class=\\&quot;e-font-icon-svg e-fas-caret-down\\&quot; viewBox=\\&quot;0 0 320 512\\&quot; xmlns=\\&quot;http:\\\/\\\/www.w3.org\\\/2000\\\/svg\\&quot;&gt;&lt;path d=\\&quot;M31.3 192h257.3c17.8 0 26.7 21.5 14.1 34.1L174.1 354.8c-7.8 7.8-20.5 7.8-28.3 0L17.2 226.1C4.6 213.5 13.5 192 31.3 192z\\&quot;&gt;&lt;\\\/path&gt;&lt;\\\/svg&gt;&quot;,&quot;library&quot;:&quot;fa-solid&quot;}}\" data-widget_type=\"nav-menu.default\">\n\t\t\t\t\t\t\t\t<nav aria-label=\"Menu\" class=\"elementor-nav-menu--main elementor-nav-menu__container elementor-nav-menu--layout-vertical e--pointer-underline e--animation-fade\">\n\t\t\t\t<ul id=\"menu-1-df67a1e\" class=\"elementor-nav-menu sm-vertical\"><li class=\"menu-item menu-item-type-post_type menu-item-object-page menu-item-1854\"><a href=\"https:\/\/dura.com\/business\/projects\/aston-martin-gallery\/\" class=\"elementor-item\">Galer\u00eda Aston Martin<\/a><\/li>\n<li class=\"menu-item menu-item-type-post_type menu-item-object-page menu-item-2197\"><a href=\"https:\/\/dura.com\/business\/projects\/jaguar-land-rover-gallery\/\" class=\"elementor-item\">Galer\u00eda de Jaguar Land Rover<\/a><\/li>\n<li class=\"menu-item menu-item-type-post_type menu-item-object-page menu-item-2199\"><a href=\"https:\/\/dura.com\/business\/projects\/porsche-gallery\/\" class=\"elementor-item\">Galer\u00eda Porsche<\/a><\/li>\n<li class=\"menu-item menu-item-type-post_type menu-item-object-page menu-item-2198\"><a href=\"https:\/\/dura.com\/business\/projects\/mclaren-bracknell\/\" class=\"elementor-item\">McLaren Bracknell, Reino Unido<\/a><\/li>\n<li class=\"menu-item menu-item-type-post_type menu-item-object-page menu-item-2196\"><a href=\"https:\/\/dura.com\/business\/projects\/bmw-crewe\/\" class=\"elementor-item\">BMW Crewe, Reino Unido<\/a><\/li>\n<\/ul>\t\t\t<\/nav>\n\t\t\t\t\t\t<nav class=\"elementor-nav-menu--dropdown elementor-nav-menu__container\" aria-hidden=\"true\">\n\t\t\t\t<ul id=\"menu-2-df67a1e\" class=\"elementor-nav-menu sm-vertical\"><li class=\"menu-item menu-item-type-post_type menu-item-object-page menu-item-1854\"><a href=\"https:\/\/dura.com\/business\/projects\/aston-martin-gallery\/\" class=\"elementor-item\" tabindex=\"-1\">Galer\u00eda Aston Martin<\/a><\/li>\n<li class=\"menu-item menu-item-type-post_type menu-item-object-page menu-item-2197\"><a href=\"https:\/\/dura.com\/business\/projects\/jaguar-land-rover-gallery\/\" class=\"elementor-item\" tabindex=\"-1\">Galer\u00eda de Jaguar Land Rover<\/a><\/li>\n<li class=\"menu-item menu-item-type-post_type menu-item-object-page menu-item-2199\"><a href=\"https:\/\/dura.com\/business\/projects\/porsche-gallery\/\" class=\"elementor-item\" tabindex=\"-1\">Galer\u00eda Porsche<\/a><\/li>\n<li class=\"menu-item menu-item-type-post_type menu-item-object-page menu-item-2198\"><a href=\"https:\/\/dura.com\/business\/projects\/mclaren-bracknell\/\" class=\"elementor-item\" tabindex=\"-1\">McLaren Bracknell, Reino Unido<\/a><\/li>\n<li class=\"menu-item menu-item-type-post_type menu-item-object-page menu-item-2196\"><a href=\"https:\/\/dura.com\/business\/projects\/bmw-crewe\/\" class=\"elementor-item\" tabindex=\"-1\">BMW Crewe, Reino Unido<\/a><\/li>\n<\/ul>\t\t\t<\/nav>\n\t\t\t\t\t\t<\/div>\n\t\t\t\t<\/div>\n\t\t<div class=\"elementor-element elementor-element-25236ab e-con-full e-flex e-con e-child\" data-id=\"25236ab\" data-element_type=\"container\" data-e-type=\"container\">\n\t\t\t\t<div class=\"elementor-element elementor-element-4c5045e elementor-widget elementor-widget-heading\" data-id=\"4c5045e\" data-element_type=\"widget\" data-e-type=\"widget\" data-widget_type=\"heading.default\">\n\t\t\t\t\t<h2 class=\"elementor-heading-title elementor-size-default\">Servicios de emergencia<\/h2>\t\t\t\t<\/div>\n\t\t\t\t<div class=\"elementor-element elementor-element-df346d6 elementor-nav-menu__align-start elementor-nav-menu--dropdown-none sidebar-nav elementor-widget elementor-widget-nav-menu\" data-id=\"df346d6\" data-element_type=\"widget\" data-e-type=\"widget\" data-settings=\"{&quot;layout&quot;:&quot;vertical&quot;,&quot;submenu_icon&quot;:{&quot;value&quot;:&quot;&lt;svg aria-hidden=\\&quot;true\\&quot; class=\\&quot;e-font-icon-svg e-fas-caret-down\\&quot; viewBox=\\&quot;0 0 320 512\\&quot; xmlns=\\&quot;http:\\\/\\\/www.w3.org\\\/2000\\\/svg\\&quot;&gt;&lt;path d=\\&quot;M31.3 192h257.3c17.8 0 26.7 21.5 14.1 34.1L174.1 354.8c-7.8 7.8-20.5 7.8-28.3 0L17.2 226.1C4.6 213.5 13.5 192 31.3 192z\\&quot;&gt;&lt;\\\/path&gt;&lt;\\\/svg&gt;&quot;,&quot;library&quot;:&quot;fa-solid&quot;}}\" data-widget_type=\"nav-menu.default\">\n\t\t\t\t\t\t\t\t<nav aria-label=\"Menu\" class=\"elementor-nav-menu--main elementor-nav-menu__container elementor-nav-menu--layout-vertical e--pointer-underline e--animation-fade\">\n\t\t\t\t<ul id=\"menu-1-df346d6\" class=\"elementor-nav-menu sm-vertical\"><li class=\"menu-item menu-item-type-post_type menu-item-object-page menu-item-2200\"><a href=\"https:\/\/dura.com\/business\/projects\/metropolitan-police\/\" class=\"elementor-item\">Metropolitan Police<\/a><\/li>\n<\/ul>\t\t\t<\/nav>\n\t\t\t\t\t\t<nav class=\"elementor-nav-menu--dropdown elementor-nav-menu__container\" aria-hidden=\"true\">\n\t\t\t\t<ul id=\"menu-2-df346d6\" class=\"elementor-nav-menu sm-vertical\"><li class=\"menu-item menu-item-type-post_type menu-item-object-page menu-item-2200\"><a href=\"https:\/\/dura.com\/business\/projects\/metropolitan-police\/\" class=\"elementor-item\" tabindex=\"-1\">Metropolitan Police<\/a><\/li>\n<\/ul>\t\t\t<\/nav>\n\t\t\t\t\t\t<\/div>\n\t\t\t\t<\/div>\n\t\t<div class=\"elementor-element elementor-element-110ec0d e-con-full e-flex e-con e-child\" data-id=\"110ec0d\" data-element_type=\"container\" data-e-type=\"container\">\n\t\t\t\t<div class=\"elementor-element elementor-element-79fa4d9 elementor-widget elementor-widget-heading\" data-id=\"79fa4d9\" data-element_type=\"widget\" data-e-type=\"widget\" data-widget_type=\"heading.default\">\n\t\t\t\t\t<h2 class=\"elementor-heading-title elementor-size-default\">Ingenier\u00eda<\/h2>\t\t\t\t<\/div>\n\t\t\t\t<div class=\"elementor-element elementor-element-f5123d3 elementor-nav-menu__align-start elementor-nav-menu--dropdown-none sidebar-nav elementor-widget elementor-widget-nav-menu\" data-id=\"f5123d3\" data-element_type=\"widget\" data-e-type=\"widget\" data-settings=\"{&quot;layout&quot;:&quot;vertical&quot;,&quot;submenu_icon&quot;:{&quot;value&quot;:&quot;&lt;svg aria-hidden=\\&quot;true\\&quot; class=\\&quot;e-font-icon-svg e-fas-caret-down\\&quot; viewBox=\\&quot;0 0 320 512\\&quot; xmlns=\\&quot;http:\\\/\\\/www.w3.org\\\/2000\\\/svg\\&quot;&gt;&lt;path d=\\&quot;M31.3 192h257.3c17.8 0 26.7 21.5 14.1 34.1L174.1 354.8c-7.8 7.8-20.5 7.8-28.3 0L17.2 226.1C4.6 213.5 13.5 192 31.3 192z\\&quot;&gt;&lt;\\\/path&gt;&lt;\\\/svg&gt;&quot;,&quot;library&quot;:&quot;fa-solid&quot;}}\" data-widget_type=\"nav-menu.default\">\n\t\t\t\t\t\t\t\t<nav aria-label=\"Menu\" class=\"elementor-nav-menu--main elementor-nav-menu__container elementor-nav-menu--layout-vertical e--pointer-underline e--animation-fade\">\n\t\t\t\t<ul id=\"menu-1-f5123d3\" class=\"elementor-nav-menu sm-vertical\"><li class=\"menu-item menu-item-type-post_type menu-item-object-page menu-item-2201\"><a href=\"https:\/\/dura.com\/business\/projects\/lubbering-uk\/\" class=\"elementor-item\">L\u00fcbbering (Reino Unido)<\/a><\/li>\n<\/ul>\t\t\t<\/nav>\n\t\t\t\t\t\t<nav class=\"elementor-nav-menu--dropdown elementor-nav-menu__container\" aria-hidden=\"true\">\n\t\t\t\t<ul id=\"menu-2-f5123d3\" class=\"elementor-nav-menu sm-vertical\"><li class=\"menu-item menu-item-type-post_type menu-item-object-page menu-item-2201\"><a href=\"https:\/\/dura.com\/business\/projects\/lubbering-uk\/\" class=\"elementor-item\" tabindex=\"-1\">L\u00fcbbering (Reino Unido)<\/a><\/li>\n<\/ul>\t\t\t<\/nav>\n\t\t\t\t\t\t<\/div>\n\t\t\t\t<\/div>\n\t\t<div class=\"elementor-element elementor-element-128a1ef e-con-full e-flex e-con e-child\" data-id=\"128a1ef\" data-element_type=\"container\" data-e-type=\"container\">\n\t\t\t\t<div class=\"elementor-element elementor-element-ebbcdec elementor-widget elementor-widget-heading\" data-id=\"ebbcdec\" data-element_type=\"widget\" data-e-type=\"widget\" data-widget_type=\"heading.default\">\n\t\t\t\t\t<h2 class=\"elementor-heading-title elementor-size-default\">Motocicletas<\/h2>\t\t\t\t<\/div>\n\t\t\t\t<div class=\"elementor-element elementor-element-c9eed06 elementor-nav-menu__align-start elementor-nav-menu--dropdown-none sidebar-nav elementor-widget elementor-widget-nav-menu\" data-id=\"c9eed06\" data-element_type=\"widget\" data-e-type=\"widget\" data-settings=\"{&quot;layout&quot;:&quot;vertical&quot;,&quot;submenu_icon&quot;:{&quot;value&quot;:&quot;&lt;svg aria-hidden=\\&quot;true\\&quot; class=\\&quot;e-font-icon-svg e-fas-caret-down\\&quot; viewBox=\\&quot;0 0 320 512\\&quot; xmlns=\\&quot;http:\\\/\\\/www.w3.org\\\/2000\\\/svg\\&quot;&gt;&lt;path d=\\&quot;M31.3 192h257.3c17.8 0 26.7 21.5 14.1 34.1L174.1 354.8c-7.8 7.8-20.5 7.8-28.3 0L17.2 226.1C4.6 213.5 13.5 192 31.3 192z\\&quot;&gt;&lt;\\\/path&gt;&lt;\\\/svg&gt;&quot;,&quot;library&quot;:&quot;fa-solid&quot;}}\" data-widget_type=\"nav-menu.default\">\n\t\t\t\t\t\t\t\t<nav aria-label=\"Menu\" class=\"elementor-nav-menu--main elementor-nav-menu__container elementor-nav-menu--layout-vertical e--pointer-underline e--animation-fade\">\n\t\t\t\t<ul id=\"menu-1-c9eed06\" class=\"elementor-nav-menu sm-vertical\"><li class=\"menu-item menu-item-type-post_type menu-item-object-page menu-item-2202\"><a href=\"https:\/\/dura.com\/business\/projects\/norton-motorcycles\/\" class=\"elementor-item\">Norton Motorcycles<\/a><\/li>\n<\/ul>\t\t\t<\/nav>\n\t\t\t\t\t\t<nav class=\"elementor-nav-menu--dropdown elementor-nav-menu__container\" aria-hidden=\"true\">\n\t\t\t\t<ul id=\"menu-2-c9eed06\" class=\"elementor-nav-menu sm-vertical\"><li class=\"menu-item menu-item-type-post_type menu-item-object-page menu-item-2202\"><a href=\"https:\/\/dura.com\/business\/projects\/norton-motorcycles\/\" class=\"elementor-item\" tabindex=\"-1\">Norton Motorcycles<\/a><\/li>\n<\/ul>\t\t\t<\/nav>\n\t\t\t\t\t\t<\/div>\n\t\t\t\t<\/div>\n\t\t\t\t<\/div>\n\t\t\t\t<\/div>\n\t\t<div class=\"elementor-element elementor-element-70e1de8 e-con-full e-flex e-con e-child\" data-id=\"70e1de8\" data-element_type=\"container\" data-e-type=\"container\">\n\t\t<div class=\"elementor-element elementor-element-fa814df e-grid e-con-full e-con e-child\" data-id=\"fa814df\" data-element_type=\"container\" data-e-type=\"container\">\n\t\t\t\t<div class=\"elementor-element elementor-element-7899b4c blog-post elementor-position-top elementor-widget elementor-widget-image-box\" data-id=\"7899b4c\" data-element_type=\"widget\" data-e-type=\"widget\" data-widget_type=\"image-box.default\">\n\t\t\t\t\t<div class=\"elementor-image-box-wrapper\"><figure class=\"elementor-image-box-img\"><a href=\"https:\/\/dura.com\/es\/empresa\/proyectos\/galeria-aston-martin\/\" tabindex=\"-1\"><img fetchpriority=\"high\" decoding=\"async\" width=\"1920\" height=\"1080\" src=\"https:\/\/dura.com\/wp-content\/uploads\/2025\/09\/IMAGE_AstonSet00_One77.jpg\" class=\"attachment-full size-full wp-image-8390\" alt=\"\" srcset=\"https:\/\/dura.com\/wp-content\/uploads\/2025\/09\/IMAGE_AstonSet00_One77.jpg 1920w, https:\/\/dura.com\/wp-content\/uploads\/2025\/09\/IMAGE_AstonSet00_One77-300x169.jpg 300w, https:\/\/dura.com\/wp-content\/uploads\/2025\/09\/IMAGE_AstonSet00_One77-1024x576.jpg 1024w, https:\/\/dura.com\/wp-content\/uploads\/2025\/09\/IMAGE_AstonSet00_One77-768x432.jpg 768w, https:\/\/dura.com\/wp-content\/uploads\/2025\/09\/IMAGE_AstonSet00_One77-1536x864.jpg 1536w, https:\/\/dura.com\/wp-content\/uploads\/2025\/09\/IMAGE_AstonSet00_One77-600x338.jpg 600w, https:\/\/dura.com\/wp-content\/uploads\/2025\/09\/IMAGE_AstonSet00_One77-64x36.jpg 64w\" sizes=\"(max-width: 1920px) 100vw, 1920px\" \/><\/a><\/figure><div class=\"elementor-image-box-content\"><h3 class=\"elementor-image-box-title\"><a href=\"https:\/\/dura.com\/es\/empresa\/proyectos\/galeria-aston-martin\/\">Galer\u00eda Aston Martin<\/a><\/h3><\/div><\/div>\t\t\t\t<\/div>\n\t\t\t\t<div class=\"elementor-element elementor-element-3ba2ff2 blog-post elementor-position-top elementor-widget elementor-widget-image-box\" data-id=\"3ba2ff2\" data-element_type=\"widget\" data-e-type=\"widget\" data-widget_type=\"image-box.default\">\n\t\t\t\t\t<div class=\"elementor-image-box-wrapper\"><figure class=\"elementor-image-box-img\"><a href=\"https:\/\/dura.com\/es\/empresa\/proyectos\/galeria-de-jaguar-land-rover\/\" tabindex=\"-1\"><img decoding=\"async\" width=\"1920\" height=\"1080\" src=\"https:\/\/dura.com\/wp-content\/uploads\/2025\/09\/IMAGE_JLRSet00_Bishop.jpg\" class=\"attachment-full size-full wp-image-8391\" alt=\"\" srcset=\"https:\/\/dura.com\/wp-content\/uploads\/2025\/09\/IMAGE_JLRSet00_Bishop.jpg 1920w, https:\/\/dura.com\/wp-content\/uploads\/2025\/09\/IMAGE_JLRSet00_Bishop-300x169.jpg 300w, https:\/\/dura.com\/wp-content\/uploads\/2025\/09\/IMAGE_JLRSet00_Bishop-1024x576.jpg 1024w, https:\/\/dura.com\/wp-content\/uploads\/2025\/09\/IMAGE_JLRSet00_Bishop-768x432.jpg 768w, https:\/\/dura.com\/wp-content\/uploads\/2025\/09\/IMAGE_JLRSet00_Bishop-1536x864.jpg 1536w, https:\/\/dura.com\/wp-content\/uploads\/2025\/09\/IMAGE_JLRSet00_Bishop-600x338.jpg 600w, https:\/\/dura.com\/wp-content\/uploads\/2025\/09\/IMAGE_JLRSet00_Bishop-64x36.jpg 64w\" sizes=\"(max-width: 1920px) 100vw, 1920px\" \/><\/a><\/figure><div class=\"elementor-image-box-content\"><h3 class=\"elementor-image-box-title\"><a href=\"https:\/\/dura.com\/es\/empresa\/proyectos\/galeria-de-jaguar-land-rover\/\">Galer\u00eda de Jaguar Land Rover<\/a><\/h3><\/div><\/div>\t\t\t\t<\/div>\n\t\t\t\t<div class=\"elementor-element elementor-element-b6af4f9 blog-post elementor-position-top elementor-widget elementor-widget-image-box\" data-id=\"b6af4f9\" data-element_type=\"widget\" data-e-type=\"widget\" data-widget_type=\"image-box.default\">\n\t\t\t\t\t<div class=\"elementor-image-box-wrapper\"><figure class=\"elementor-image-box-img\"><a href=\"https:\/\/dura.com\/es\/empresa\/proyectos\/galeria-porsche\/\" tabindex=\"-1\"><img decoding=\"async\" width=\"1920\" height=\"1080\" src=\"https:\/\/dura.com\/wp-content\/uploads\/2025\/09\/IMAGE_PorscheSet01_Mannheim.jpg\" class=\"attachment-full size-full wp-image-8392\" alt=\"\" srcset=\"https:\/\/dura.com\/wp-content\/uploads\/2025\/09\/IMAGE_PorscheSet01_Mannheim.jpg 1920w, https:\/\/dura.com\/wp-content\/uploads\/2025\/09\/IMAGE_PorscheSet01_Mannheim-300x169.jpg 300w, https:\/\/dura.com\/wp-content\/uploads\/2025\/09\/IMAGE_PorscheSet01_Mannheim-1024x576.jpg 1024w, https:\/\/dura.com\/wp-content\/uploads\/2025\/09\/IMAGE_PorscheSet01_Mannheim-768x432.jpg 768w, https:\/\/dura.com\/wp-content\/uploads\/2025\/09\/IMAGE_PorscheSet01_Mannheim-1536x864.jpg 1536w, https:\/\/dura.com\/wp-content\/uploads\/2025\/09\/IMAGE_PorscheSet01_Mannheim-600x338.jpg 600w, https:\/\/dura.com\/wp-content\/uploads\/2025\/09\/IMAGE_PorscheSet01_Mannheim-64x36.jpg 64w\" sizes=\"(max-width: 1920px) 100vw, 1920px\" \/><\/a><\/figure><div class=\"elementor-image-box-content\"><h3 class=\"elementor-image-box-title\"><a href=\"https:\/\/dura.com\/es\/empresa\/proyectos\/galeria-porsche\/\">Porsche Gallery<\/a><\/h3><\/div><\/div>\t\t\t\t<\/div>\n\t\t\t\t<div class=\"elementor-element elementor-element-a71408a blog-post elementor-position-top elementor-widget elementor-widget-image-box\" data-id=\"a71408a\" data-element_type=\"widget\" data-e-type=\"widget\" data-widget_type=\"image-box.default\">\n\t\t\t\t\t<div class=\"elementor-image-box-wrapper\"><figure class=\"elementor-image-box-img\"><a href=\"https:\/\/dura.com\/es\/empresa\/proyectos\/mclaren-bracknell-reino-unido\/\" tabindex=\"-1\"><img loading=\"lazy\" decoding=\"async\" width=\"1920\" height=\"1080\" src=\"https:\/\/dura.com\/wp-content\/uploads\/2025\/09\/Dura_McLarenBracknell_1.jpg\" class=\"attachment-full size-full wp-image-8393\" alt=\"\" srcset=\"https:\/\/dura.com\/wp-content\/uploads\/2025\/09\/Dura_McLarenBracknell_1.jpg 1920w, https:\/\/dura.com\/wp-content\/uploads\/2025\/09\/Dura_McLarenBracknell_1-300x169.jpg 300w, https:\/\/dura.com\/wp-content\/uploads\/2025\/09\/Dura_McLarenBracknell_1-1024x576.jpg 1024w, https:\/\/dura.com\/wp-content\/uploads\/2025\/09\/Dura_McLarenBracknell_1-768x432.jpg 768w, https:\/\/dura.com\/wp-content\/uploads\/2025\/09\/Dura_McLarenBracknell_1-1536x864.jpg 1536w, https:\/\/dura.com\/wp-content\/uploads\/2025\/09\/Dura_McLarenBracknell_1-600x338.jpg 600w, https:\/\/dura.com\/wp-content\/uploads\/2025\/09\/Dura_McLarenBracknell_1-64x36.jpg 64w\" sizes=\"(max-width: 1920px) 100vw, 1920px\" \/><\/a><\/figure><div class=\"elementor-image-box-content\"><h3 class=\"elementor-image-box-title\"><a href=\"https:\/\/dura.com\/es\/empresa\/proyectos\/mclaren-bracknell-reino-unido\/\">McLaren Bracknell, Reino Unido<\/a><\/h3><\/div><\/div>\t\t\t\t<\/div>\n\t\t\t\t<div class=\"elementor-element elementor-element-80d1c52 blog-post elementor-position-top elementor-widget elementor-widget-image-box\" data-id=\"80d1c52\" data-element_type=\"widget\" data-e-type=\"widget\" data-widget_type=\"image-box.default\">\n\t\t\t\t\t<div class=\"elementor-image-box-wrapper\"><figure class=\"elementor-image-box-img\"><a href=\"https:\/\/dura.com\/es\/empresa\/proyectos\/bmw-crewe-reino-unido\/\" tabindex=\"-1\"><img loading=\"lazy\" decoding=\"async\" width=\"1920\" height=\"1080\" src=\"https:\/\/dura.com\/wp-content\/uploads\/2025\/09\/Dura_BMW_Crewe_1.jpg\" class=\"attachment-full size-full wp-image-8394\" alt=\"\" srcset=\"https:\/\/dura.com\/wp-content\/uploads\/2025\/09\/Dura_BMW_Crewe_1.jpg 1920w, https:\/\/dura.com\/wp-content\/uploads\/2025\/09\/Dura_BMW_Crewe_1-300x169.jpg 300w, https:\/\/dura.com\/wp-content\/uploads\/2025\/09\/Dura_BMW_Crewe_1-1024x576.jpg 1024w, https:\/\/dura.com\/wp-content\/uploads\/2025\/09\/Dura_BMW_Crewe_1-768x432.jpg 768w, https:\/\/dura.com\/wp-content\/uploads\/2025\/09\/Dura_BMW_Crewe_1-1536x864.jpg 1536w, https:\/\/dura.com\/wp-content\/uploads\/2025\/09\/Dura_BMW_Crewe_1-600x338.jpg 600w, https:\/\/dura.com\/wp-content\/uploads\/2025\/09\/Dura_BMW_Crewe_1-64x36.jpg 64w\" sizes=\"(max-width: 1920px) 100vw, 1920px\" \/><\/a><\/figure><div class=\"elementor-image-box-content\"><h3 class=\"elementor-image-box-title\"><a href=\"https:\/\/dura.com\/es\/empresa\/proyectos\/bmw-crewe-reino-unido\/\">BMW Crewe, Reino Unido<\/a><\/h3><\/div><\/div>\t\t\t\t<\/div>\n\t\t\t\t<div class=\"elementor-element elementor-element-d5bbd2b blog-post elementor-position-top elementor-widget elementor-widget-image-box\" data-id=\"d5bbd2b\" data-element_type=\"widget\" data-e-type=\"widget\" data-widget_type=\"image-box.default\">\n\t\t\t\t\t<div class=\"elementor-image-box-wrapper\"><figure class=\"elementor-image-box-img\"><a href=\"http:\/\/redreefpixel.co.uk\/projects\/dura\/business\/projects\/aerospace-workshop-derby\/\" tabindex=\"-1\" target=\"_blank\" rel=\"noopener\"><img loading=\"lazy\" decoding=\"async\" width=\"1920\" height=\"1080\" src=\"https:\/\/dura.com\/wp-content\/uploads\/2025\/09\/IMAGE_News_14_11_19_Derby1.jpg\" class=\"attachment-full size-full wp-image-8395\" alt=\"\" srcset=\"https:\/\/dura.com\/wp-content\/uploads\/2025\/09\/IMAGE_News_14_11_19_Derby1.jpg 1920w, https:\/\/dura.com\/wp-content\/uploads\/2025\/09\/IMAGE_News_14_11_19_Derby1-300x169.jpg 300w, https:\/\/dura.com\/wp-content\/uploads\/2025\/09\/IMAGE_News_14_11_19_Derby1-1024x576.jpg 1024w, https:\/\/dura.com\/wp-content\/uploads\/2025\/09\/IMAGE_News_14_11_19_Derby1-768x432.jpg 768w, https:\/\/dura.com\/wp-content\/uploads\/2025\/09\/IMAGE_News_14_11_19_Derby1-1536x864.jpg 1536w, https:\/\/dura.com\/wp-content\/uploads\/2025\/09\/IMAGE_News_14_11_19_Derby1-600x338.jpg 600w, https:\/\/dura.com\/wp-content\/uploads\/2025\/09\/IMAGE_News_14_11_19_Derby1-64x36.jpg 64w\" sizes=\"(max-width: 1920px) 100vw, 1920px\" \/><\/a><\/figure><div class=\"elementor-image-box-content\"><h3 class=\"elementor-image-box-title\"><a href=\"http:\/\/redreefpixel.co.uk\/projects\/dura\/business\/projects\/aerospace-workshop-derby\/\" target=\"_blank\" rel=\"noopener\">Taller aeroespacial de Derby, Reino Unido<\/a><\/h3><\/div><\/div>\t\t\t\t<\/div>\n\t\t\t\t<\/div>\n\t\t\t\t<\/div>\n\t\t\t\t<\/div>\n\t\t\t\t\t<\/div>\n\t\t\t\t<\/div>\n\t\t\t\t<\/div>\n\t\t","protected":false},"excerpt":{"rendered":"<p>GALER\u00cdAS Y ESTUDIOS DE CASO Aeroespacial\/Transporte Automotor Servicios de emergencia Ingenier\u00eda Motocicletas Galer\u00eda Aston Martin Galer\u00eda de Jaguar Land Rover Porsche Gallery McLaren Bracknell, Reino Unido BMW Crewe, Reino Unido Taller aeroespacial de Derby, Reino Unido<\/p>\n","protected":false},"author":1,"featured_media":0,"parent":7858,"menu_order":0,"comment_status":"closed","ping_status":"closed","template":"","meta":{"_acf_changed":false,"footnotes":""},"class_list":["post-8396","page","type-page","status-publish","hentry"],"acf":[],"_links":{"self":[{"href":"https:\/\/dura.com\/es\/wp-json\/wp\/v2\/pages\/8396","targetHints":{"allow":["GET"]}}],"collection":[{"href":"https:\/\/dura.com\/es\/wp-json\/wp\/v2\/pages"}],"about":[{"href":"https:\/\/dura.com\/es\/wp-json\/wp\/v2\/types\/page"}],"author":[{"embeddable":true,"href":"https:\/\/dura.com\/es\/wp-json\/wp\/v2\/users\/1"}],"replies":[{"embeddable":true,"href":"https:\/\/dura.com\/es\/wp-json\/wp\/v2\/comments?post=8396"}],"version-history":[{"count":0,"href":"https:\/\/dura.com\/es\/wp-json\/wp\/v2\/pages\/8396\/revisions"}],"up":[{"embeddable":true,"href":"https:\/\/dura.com\/es\/wp-json\/wp\/v2\/pages\/7858"}],"wp:attachment":[{"href":"https:\/\/dura.com\/es\/wp-json\/wp\/v2\/media?parent=8396"}],"curies":[{"name":"wp","href":"https:\/\/api.w.org\/{rel}","templated":true}]}}