{"id":8366,"date":"2025-09-04T07:18:36","date_gmt":"2025-09-04T07:18:36","guid":{"rendered":"https:\/\/dura.com\/empresa\/productos\/"},"modified":"2026-04-20T11:34:05","modified_gmt":"2026-04-20T11:34:05","slug":"productos","status":"publish","type":"page","link":"https:\/\/dura.com\/es\/empresas\/productos\/","title":{"rendered":"Productos"},"content":{"rendered":"\t\t<div data-elementor-type=\"wp-page\" data-elementor-id=\"8366\" class=\"elementor elementor-8366 elementor-1623\" data-elementor-post-type=\"page\">\n\t\t\t\t<div class=\"elementor-element elementor-element-c1d019b e-flex e-con-boxed e-con e-parent\" data-id=\"c1d019b\" data-element_type=\"container\" data-e-type=\"container\">\n\t\t\t\t\t<div class=\"e-con-inner\">\n\t\t\t\t<div class=\"elementor-element elementor-element-ca963f9 elementor-widget elementor-widget-heading\" data-id=\"ca963f9\" data-element_type=\"widget\" data-e-type=\"widget\" data-widget_type=\"heading.default\">\n\t\t\t\t\t<h2 class=\"elementor-heading-title elementor-size-default\">PROFESIONALIZA TU ESPACIO DE TRABAJO<\/h2>\t\t\t\t<\/div>\n\t\t\t\t<div class=\"elementor-element elementor-element-1226ec3 elementor-widget elementor-widget-text-editor\" data-id=\"1226ec3\" data-element_type=\"widget\" data-e-type=\"widget\" data-widget_type=\"text-editor.default\">\n\t\t\t\t\t\t\t\t\t<p>Desde las necesidades de almacenamiento m\u00e1s sencillas hasta un taller insignia con m\u00faltiples bah\u00edas, Dura cuenta con la experiencia y los sistemas adecuados.<\/p><p>Una soluci\u00f3n dise\u00f1ada profesionalmente que cumpla con sus requisitos espec\u00edficos y que est\u00e9 construida para durar le reportar\u00e1 grandes beneficios a su empresa. Nuestros armarios se han desarrollado en dos gamas distintas para cubrir las diversas necesidades de diferentes sectores industriales. Tanto la Serie 400 como la Serie 600 se fabrican con el mismo est\u00e1ndar de calidad que ha convertido a Dura en la marca de mobiliario preferida por tantas marcas internacionales.  <\/p>\t\t\t\t\t\t\t\t<\/div>\n\t\t\t\t\t<\/div>\n\t\t\t\t<\/div>\n\t\t<div class=\"elementor-element elementor-element-1c46b33 e-flex e-con-boxed e-con e-parent\" data-id=\"1c46b33\" data-element_type=\"container\" data-e-type=\"container\">\n\t\t\t\t\t<div class=\"e-con-inner\">\n\t\t<div class=\"make-column-clickable-elementor elementor-element elementor-element-8e9d662 e-con-full hoverbox-1 e-flex e-con e-child\" style=\"cursor: pointer;\" data-column-clickable=\"https:\/\/dura.com\/business\/400-series\/\" data-column-clickable-blank=\"_self\" data-id=\"8e9d662\" data-element_type=\"container\" data-e-type=\"container\">\n\t\t\t\t<div class=\"elementor-element elementor-element-adf380c hvr-img elementor-widget elementor-widget-image\" data-id=\"adf380c\" data-element_type=\"widget\" data-e-type=\"widget\" data-widget_type=\"image.default\">\n\t\t\t\t\t\t\t\t\t\t\t\t\t\t\t\t<a href=\"https:\/\/dura.com\/es\/empresa\/productos\/serie-400\/\">\n\t\t\t\t\t\t\t<img fetchpriority=\"high\" decoding=\"async\" width=\"1920\" height=\"1080\" src=\"https:\/\/dura.com\/wp-content\/uploads\/2025\/09\/B-product-400.jpg\" class=\"attachment-full size-full wp-image-8362\" alt=\"\" srcset=\"https:\/\/dura.com\/wp-content\/uploads\/2025\/09\/B-product-400.jpg 1920w, https:\/\/dura.com\/wp-content\/uploads\/2025\/09\/B-product-400-300x169.jpg 300w, https:\/\/dura.com\/wp-content\/uploads\/2025\/09\/B-product-400-1024x576.jpg 1024w, https:\/\/dura.com\/wp-content\/uploads\/2025\/09\/B-product-400-768x432.jpg 768w, https:\/\/dura.com\/wp-content\/uploads\/2025\/09\/B-product-400-1536x864.jpg 1536w, https:\/\/dura.com\/wp-content\/uploads\/2025\/09\/B-product-400-600x338.jpg 600w, https:\/\/dura.com\/wp-content\/uploads\/2025\/09\/B-product-400-64x36.jpg 64w\" sizes=\"(max-width: 1920px) 100vw, 1920px\" \/>\t\t\t\t\t\t\t\t<\/a>\n\t\t\t\t\t\t\t\t\t\t\t\t\t\t\t<\/div>\n\t\t<div class=\"make-column-clickable-elementor elementor-element elementor-element-6c7186e e-con-full hoverbox-inner1 e-flex e-con e-child\" style=\"cursor: pointer;\" data-column-clickable=\"https:\/\/dura.com\/es\/empresa\/productos\/serie-400\/\" data-column-clickable-blank=\"_self\" data-id=\"6c7186e\" data-element_type=\"container\" data-e-type=\"container\" data-settings=\"{&quot;background_background&quot;:&quot;classic&quot;}\">\n\t\t\t\t<div class=\"elementor-element elementor-element-78306d8 elementor-widget elementor-widget-image\" data-id=\"78306d8\" data-element_type=\"widget\" data-e-type=\"widget\" data-widget_type=\"image.default\">\n\t\t\t\t\t\t\t\t\t\t\t\t\t\t\t\t<a href=\"https:\/\/dura.com\/es\/empresa\/productos\/serie-400\/\">\n\t\t\t\t\t\t\t<img decoding=\"async\" width=\"654\" height=\"65\" src=\"https:\/\/dura.com\/wp-content\/uploads\/2025\/08\/400series.webp\" class=\"attachment-large size-large wp-image-8363\" alt=\"\" srcset=\"https:\/\/dura.com\/wp-content\/uploads\/2025\/08\/400series.webp 654w, https:\/\/dura.com\/wp-content\/uploads\/2025\/08\/400series-300x30.webp 300w, https:\/\/dura.com\/wp-content\/uploads\/2025\/08\/400series-600x60.webp 600w\" sizes=\"(max-width: 654px) 100vw, 654px\" \/>\t\t\t\t\t\t\t\t<\/a>\n\t\t\t\t\t\t\t\t\t\t\t\t\t\t\t<\/div>\n\t\t\t\t<div class=\"elementor-element elementor-element-a1e4a89 elementor-widget elementor-widget-heading\" data-id=\"a1e4a89\" data-element_type=\"widget\" data-e-type=\"widget\" data-widget_type=\"heading.default\">\n\t\t\t\t\t<p class=\"elementor-heading-title elementor-size-default\"><a href=\"https:\/\/dura.com\/es\/empresa\/productos\/serie-400\/\">Un enfoque simplificado y l\u00f3gico para el mobiliario de oficina.<\/a><\/p>\t\t\t\t<\/div>\n\t\t\t\t<div class=\"elementor-element elementor-element-8421d1e elementor-widget elementor-widget-text-editor\" data-id=\"8421d1e\" data-element_type=\"widget\" data-e-type=\"widget\" data-widget_type=\"text-editor.default\">\n\t\t\t\t\t\t\t\t\t<p>La serie 400 no pretende competir con las marcas de bajo coste que utilizan materiales y componentes de calidad acorde a su precio, sino que se presenta como una alternativa econ\u00f3mica a la serie insignia 600, con la misma alta calidad de fabricaci\u00f3n y componentes en un sistema simplificado. Dise\u00f1ada para la simplicidad, la serie 400 ofrece menos opciones, pero incluye las m\u00e1s populares y todas las mejores caracter\u00edsticas de los productos Dura. La planificaci\u00f3n es sencilla y la autoinstalaci\u00f3n es f\u00e1cil si se requiere. Ideal para aplicaciones que necesitan una soluci\u00f3n menos compleja t\u00e9cnicamente o a medida, pero donde la calidad y la durabilidad del producto siguen siendo primordiales.<\/p>\t\t\t\t\t\t\t\t<\/div>\n\t\t\t\t<div class=\"elementor-element elementor-element-8824c67 elementor-view-stacked elementor-shape-circle elementor-widget elementor-widget-icon\" data-id=\"8824c67\" data-element_type=\"widget\" data-e-type=\"widget\" data-widget_type=\"icon.default\">\n\t\t\t\t\t\t\t<div class=\"elementor-icon-wrapper\">\n\t\t\t<a class=\"elementor-icon\" href=\"https:\/\/dura.com\/es\/empresa\/productos\/serie-400\/\">\n\t\t\t<svg aria-hidden=\"true\" class=\"e-font-icon-svg e-fas-chevron-right\" viewBox=\"0 0 320 512\" xmlns=\"http:\/\/www.w3.org\/2000\/svg\"><path d=\"M285.476 272.971L91.132 467.314c-9.373 9.373-24.569 9.373-33.941 0l-22.667-22.667c-9.357-9.357-9.375-24.522-.04-33.901L188.505 256 34.484 101.255c-9.335-9.379-9.317-24.544.04-33.901l22.667-22.667c9.373-9.373 24.569-9.373 33.941 0L285.475 239.03c9.373 9.372 9.373 24.568.001 33.941z\"><\/path><\/svg>\t\t\t<\/a>\n\t\t<\/div>\n\t\t\t\t\t\t<\/div>\n\t\t\t\t<\/div>\n\t\t\t\t<\/div>\n\t\t<div class=\"make-column-clickable-elementor elementor-element elementor-element-caa6795 e-con-full hoverbox-2 e-flex e-con e-child\" style=\"cursor: pointer;\" data-column-clickable=\"https:\/\/dura.com\/business\/600-series\/\" data-column-clickable-blank=\"_self\" data-id=\"caa6795\" data-element_type=\"container\" data-e-type=\"container\">\n\t\t\t\t<div class=\"elementor-element elementor-element-057cd1a hvr-img elementor-widget elementor-widget-image\" data-id=\"057cd1a\" data-element_type=\"widget\" data-e-type=\"widget\" data-widget_type=\"image.default\">\n\t\t\t\t\t\t\t\t\t\t\t\t\t\t\t\t<a href=\"https:\/\/dura.com\/es\/empresa\/productos\/serie-600\/\">\n\t\t\t\t\t\t\t<img decoding=\"async\" width=\"1920\" height=\"1080\" src=\"https:\/\/dura.com\/wp-content\/uploads\/2025\/09\/B-product-600.jpg\" class=\"attachment-full size-full wp-image-8364\" alt=\"\" srcset=\"https:\/\/dura.com\/wp-content\/uploads\/2025\/09\/B-product-600.jpg 1920w, https:\/\/dura.com\/wp-content\/uploads\/2025\/09\/B-product-600-300x169.jpg 300w, https:\/\/dura.com\/wp-content\/uploads\/2025\/09\/B-product-600-1024x576.jpg 1024w, https:\/\/dura.com\/wp-content\/uploads\/2025\/09\/B-product-600-768x432.jpg 768w, https:\/\/dura.com\/wp-content\/uploads\/2025\/09\/B-product-600-1536x864.jpg 1536w, https:\/\/dura.com\/wp-content\/uploads\/2025\/09\/B-product-600-600x338.jpg 600w, https:\/\/dura.com\/wp-content\/uploads\/2025\/09\/B-product-600-64x36.jpg 64w\" sizes=\"(max-width: 1920px) 100vw, 1920px\" \/>\t\t\t\t\t\t\t\t<\/a>\n\t\t\t\t\t\t\t\t\t\t\t\t\t\t\t<\/div>\n\t\t<div class=\"make-column-clickable-elementor elementor-element elementor-element-00aaa19 e-con-full hoverbox-inner2 e-flex e-con e-child\" style=\"cursor: pointer;\" data-column-clickable=\"https:\/\/dura.com\/es\/empresa\/productos\/serie-600\/\" data-column-clickable-blank=\"_self\" data-id=\"00aaa19\" data-element_type=\"container\" data-e-type=\"container\" data-settings=\"{&quot;background_background&quot;:&quot;classic&quot;}\">\n\t\t\t\t<div class=\"elementor-element elementor-element-0910941 elementor-widget elementor-widget-image\" data-id=\"0910941\" data-element_type=\"widget\" data-e-type=\"widget\" data-widget_type=\"image.default\">\n\t\t\t\t\t\t\t\t\t\t\t\t\t\t\t\t<a href=\"https:\/\/dura.com\/es\/empresa\/productos\/serie-600\/\">\n\t\t\t\t\t\t\t<img loading=\"lazy\" decoding=\"async\" width=\"656\" height=\"65\" src=\"https:\/\/dura.com\/wp-content\/uploads\/2025\/08\/600series.webp\" class=\"attachment-large size-large wp-image-8365\" alt=\"\" srcset=\"https:\/\/dura.com\/wp-content\/uploads\/2025\/08\/600series.webp 656w, https:\/\/dura.com\/wp-content\/uploads\/2025\/08\/600series-300x30.webp 300w, https:\/\/dura.com\/wp-content\/uploads\/2025\/08\/600series-600x59.webp 600w\" sizes=\"(max-width: 656px) 100vw, 656px\" \/>\t\t\t\t\t\t\t\t<\/a>\n\t\t\t\t\t\t\t\t\t\t\t\t\t\t\t<\/div>\n\t\t\t\t<div class=\"elementor-element elementor-element-c61a3d9 elementor-widget elementor-widget-heading\" data-id=\"c61a3d9\" data-element_type=\"widget\" data-e-type=\"widget\" data-widget_type=\"heading.default\">\n\t\t\t\t\t<span class=\"elementor-heading-title elementor-size-default\"><a href=\"https:\/\/dura.com\/es\/empresa\/productos\/serie-600\/\">La soluci\u00f3n premium para una flexibilidad de dise\u00f1o m\u00e1xima.<\/a><\/span>\t\t\t\t<\/div>\n\t\t\t\t<div class=\"elementor-element elementor-element-4c5c2f0 elementor-widget elementor-widget-text-editor\" data-id=\"4c5c2f0\" data-element_type=\"widget\" data-e-type=\"widget\" data-widget_type=\"text-editor.default\">\n\t\t\t\t\t\t\t\t\t<p>Como nuestra gama original y galardonada, la serie 600 ha demostrado su eficacia en los entornos m\u00e1s exigentes durante m\u00e1s de 25 a\u00f1os. Diverso y completo, este sistema modular ofrece una variedad ilimitada de opciones para una soluci\u00f3n a medida que se integra a la perfecci\u00f3n en cualquier espacio. Respaldado por nuestro equipo de dise\u00f1o y planificaci\u00f3n altamente experimentado, este es el sistema de mobiliario definitivo y ha sido la elecci\u00f3n de quienes buscan establecer los m\u00e1s altos est\u00e1ndares profesionales en sus entornos de trabajo.<\/p>\t\t\t\t\t\t\t\t<\/div>\n\t\t\t\t<div class=\"elementor-element elementor-element-6d1c95c elementor-view-stacked elementor-shape-circle elementor-widget elementor-widget-icon\" data-id=\"6d1c95c\" data-element_type=\"widget\" data-e-type=\"widget\" data-widget_type=\"icon.default\">\n\t\t\t\t\t\t\t<div class=\"elementor-icon-wrapper\">\n\t\t\t<a class=\"elementor-icon\" href=\"https:\/\/dura.com\/es\/empresa\/productos\/serie-600\/\">\n\t\t\t<svg aria-hidden=\"true\" class=\"e-font-icon-svg e-fas-chevron-right\" viewBox=\"0 0 320 512\" xmlns=\"http:\/\/www.w3.org\/2000\/svg\"><path d=\"M285.476 272.971L91.132 467.314c-9.373 9.373-24.569 9.373-33.941 0l-22.667-22.667c-9.357-9.357-9.375-24.522-.04-33.901L188.505 256 34.484 101.255c-9.335-9.379-9.317-24.544.04-33.901l22.667-22.667c9.373-9.373 24.569-9.373 33.941 0L285.475 239.03c9.373 9.372 9.373 24.568.001 33.941z\"><\/path><\/svg>\t\t\t<\/a>\n\t\t<\/div>\n\t\t\t\t\t\t<\/div>\n\t\t\t\t<\/div>\n\t\t\t\t<\/div>\n\t\t\t\t\t<\/div>\n\t\t\t\t<\/div>\n\t\t<div class=\"elementor-element elementor-element-585bc79 e-flex e-con-boxed e-con e-parent\" data-id=\"585bc79\" data-element_type=\"container\" data-e-type=\"container\">\n\t\t\t\t\t<div class=\"e-con-inner\">\n\t\t\t\t<div class=\"elementor-element elementor-element-2f5c12d elementor-widget elementor-widget-heading\" data-id=\"2f5c12d\" data-element_type=\"widget\" data-e-type=\"widget\" data-widget_type=\"heading.default\">\n\t\t\t\t\t<h2 class=\"elementor-heading-title elementor-size-default\">COMPARACI\u00d3N DE LAS GAMA<\/h2>\t\t\t\t<\/div>\n\t\t\t\t<div class=\"elementor-element elementor-element-cd270a4 elementor-widget elementor-widget-html\" data-id=\"cd270a4\" data-element_type=\"widget\" data-e-type=\"widget\" data-widget_type=\"html.default\">\n\t\t\t\t\t\r\n<div class=\"responsive-table\">\r\n\r\n\r\n<table role=\"table\" class=\"table-el\">\r\n<tbody role=\"rowgroup\"><tr role=\"row\">\r\n<th role=\"columnheader\"><\/th>\r\n<th role=\"columnheader\" class=\"h4\">Serie 400 <\/th>\r\n<th role=\"columnheader\" class=\"h4\">Serie 600 <\/th>\r\n\r\n<\/tr>\r\n<tr role=\"row\">\r\n<td role=\"cell\">Gama de gabinetes <\/td>\r\n<td data-cell=\"400 series\" role=\"cell\">Medio<\/td>\r\n<td data-cell=\"600 series\" role=\"cell\">Extenso<\/td>\r\n\r\n<\/tr>\r\n<tr class=\"thick-underline\" role=\"row\">\r\n<td role=\"cell\">Gabinetes especializados (fluidos, diagn\u00f3stico, etc)<\/td>\r\n<td data-cell=\"400 series\" role=\"cell\">-<\/td>\r\n<td data-cell=\"600 series\" role=\"cell\">Si<\/td>\r\n\r\n<\/tr>\r\n<tr role=\"row\">\r\n<td role=\"cell\">Capacidad de caj\u00f3n est\u00e1ndar<\/td>\r\n<td data-cell=\"400 series\" role=\"cell\">60 kilos<\/td>\r\n<td data-cell=\"600 series\" role=\"cell\">75 kilos - 200 kilos<\/td>\r\n\r\n<\/tr>\r\n<tr role=\"row\">\r\n<td role=\"cell\">Espesor m\u00ednimo de acero utilizado para gabinetes<\/td>\r\n<td data-cell=\"400 series\" role=\"cell\">0.9mm<\/td>\r\n<td data-cell=\"600 series\" role=\"cell\">1.2mm<\/td>\r\n\r\n<\/tr>\r\n<tr class=\"thick-underline\" role=\"row\">\r\n<td role=\"cell\">Funci\u00f3n de caj\u00f3n con cierre suave<\/td>\r\n<td data-cell=\"400 series\" role=\"cell\">Equipado<\/td>\r\n<td data-cell=\"600 series\" role=\"cell\">Hecho a la medida<\/td>\r\n<\/tr>\r\n\r\n<tr role=\"row\">\r\n<td role=\"cell\">Cerraduras - unidades base<\/td>\r\n<td data-cell=\"400 series\" role=\"cell\">Si<\/td>\r\n<td data-cell=\"600 series\" role=\"cell\">Si<\/td>\r\n<\/tr>\r\n\r\n<tr role=\"row\">\r\n<td role=\"cell\">Cerraduras - armarios de pared<\/td>\r\n<td data-cell=\"400 series\" role=\"cell\">-<\/td>\r\n<td data-cell=\"600 series\" role=\"cell\">Si<\/td>\r\n<\/tr>\r\n\r\n<tr role=\"row\">\r\n<td role=\"cell\">Nivelaci\u00f3n ajustable<\/td>\r\n<td data-cell=\"400 series\" role=\"cell\">Si<\/td>\r\n<td data-cell=\"600 series\" role=\"cell\">Si<\/td>\r\n<\/tr>\r\n\r\n\r\n<tr role=\"row\">\r\n<td role=\"cell\">Opciones de color <\/td>\r\n<td data-cell=\"400 series\" role=\"cell\">Gris antracita <\/td>\r\n<td data-cell=\"600 series\" role=\"cell\">Hecho a la medida<\/td>\r\n<\/tr>\r\n\r\n<tr role=\"row\">\r\n<td role=\"cell\">Opci\u00f3n de compra en l\u00ednea<\/td>\r\n<td data-cell=\"400 series\" role=\"cell\">Si<\/td>\r\n<td data-cell=\"600 series\" role=\"cell\">-<\/td>\r\n<\/tr>\r\n\r\n<tr role=\"row\">\r\n<td role=\"cell\">Servicio de dise\u00f1o y planificaci\u00f3n<\/td>\r\n<td data-cell=\"400 series\" role=\"cell\">-<\/td>\r\n<td data-cell=\"600 series\" role=\"cell\">Si<\/td>\r\n<\/tr>\r\n\r\n\r\n<tr role=\"row\">\r\n<td role=\"cell\"><\/td>\r\n<td data-cell=\"400 series\" role=\"cell\">\r\n<a href=\"\/es\/empresa\/productos\/serie-400\/\" class=\"t-cta\">M\u00e1s sobre SERIE 400<\/a>\r\n\r\n<\/td>\r\n<td data-cell=\"600 series\" role=\"cell\">\r\n<a href=\"\/es\/empresa\/productos\/serie-600\/\" class=\"t-cta\">M\u00e1s sobre SERIE 600<\/a>\r\n\r\n<\/td>\r\n<\/tr>\r\n\r\n\r\n\r\n<\/tbody><\/table>\r\n<\/div>\r\n\r\n\r\n\r\n\r\n<script>\r\nfunction AddTableARIA() {\r\ntry {\r\nvar allTables = document.querySelectorAll('table');\r\nfor (var i = 0; i < allTables.length; i++) {\r\nallTables[i].setAttribute('role','table');\r\n}\r\nvar allCaptions = document.querySelectorAll('caption');\r\nfor (var i = 0; i < allCaptions.length; i++) {\r\nallCaptions[i].setAttribute('role','caption');\r\n}\r\nvar allRowGroups = document.querySelectorAll('thead, tbody, tfoot');\r\nfor (var i = 0; i < allRowGroups.length; i++) {\r\nallRowGroups[i].setAttribute('role','rowgroup');\r\n}\r\nvar allRows = document.querySelectorAll('tr');\r\nfor (var i = 0; i < allRows.length; i++) {\r\nallRows[i].setAttribute('role','row');\r\n}\r\nvar allCells = document.querySelectorAll('td');\r\nfor (var i = 0; i < allCells.length; i++) {\r\nallCells[i].setAttribute('role','cell');\r\n}\r\nvar allHeaders = document.querySelectorAll('th');\r\nfor (var i = 0; i < allHeaders.length; i++) {\r\nallHeaders[i].setAttribute('role','columnheader');\r\n}\r\n\/\/ this accounts for scoped row headers\r\nvar allRowHeaders = document.querySelectorAll('th[scope=row]');\r\nfor (var i = 0; i < allRowHeaders.length; i++) {\r\nallRowHeaders[i].setAttribute('role','rowheader');\r\n}\r\n} catch (e) {\r\nconsole.log(\"AddTableARIA(): \" + e);\r\n}\r\n}\r\n\r\nAddTableARIA();\r\n\r\n\r\n\r\n\r\n<\/script>\t\t\t\t<\/div>\n\t\t\t\t\t<\/div>\n\t\t\t\t<\/div>\n\t\t<div class=\"elementor-element elementor-element-22def52 e-flex e-con-boxed e-con e-parent\" data-id=\"22def52\" data-element_type=\"container\" data-e-type=\"container\" data-settings=\"{&quot;background_background&quot;:&quot;classic&quot;}\">\n\t\t\t\t\t<div class=\"e-con-inner\">\n\t\t\t\t<div class=\"elementor-element elementor-element-7804149 elementor-widget elementor-widget-heading\" data-id=\"7804149\" data-element_type=\"widget\" data-e-type=\"widget\" data-widget_type=\"heading.default\">\n\t\t\t\t\t<h2 class=\"elementor-heading-title elementor-size-default\">Descubre m\u00e1s<\/h2>\t\t\t\t<\/div>\n\t\t\t\t<div class=\"elementor-element elementor-element-67f71a7 elementor-widget elementor-widget-heading\" data-id=\"67f71a7\" data-element_type=\"widget\" data-e-type=\"widget\" data-widget_type=\"heading.default\">\n\t\t\t\t\t<span class=\"elementor-heading-title elementor-size-default\">Habla con nuestro equipo para obtener m\u00e1s informaci\u00f3n sobre nuestro mobiliario y servicios para talleres<\/span>\t\t\t\t<\/div>\n\t\t\t\t<div class=\"elementor-element elementor-element-ef705be elementor-align-center elementor-widget elementor-widget-button\" data-id=\"ef705be\" data-element_type=\"widget\" data-e-type=\"widget\" data-widget_type=\"button.default\">\n\t\t\t\t\t\t\t\t\t\t<a class=\"elementor-button elementor-button-link elementor-size-sm\" href=\"https:\/\/dura.com\/es\/empresa\/contactenos\/\">\n\t\t\t\t\t\t<span class=\"elementor-button-content-wrapper\">\n\t\t\t\t\t\t\t\t\t<span class=\"elementor-button-text\">Ponte en contacto<\/span>\n\t\t\t\t\t<\/span>\n\t\t\t\t\t<\/a>\n\t\t\t\t\t\t\t\t<\/div>\n\t\t\t\t\t<\/div>\n\t\t\t\t<\/div>\n\t\t\t\t<\/div>\n\t\t","protected":false},"excerpt":{"rendered":"<p>PROFESIONALIZA TU ESPACIO DE TRABAJO Desde las necesidades de almacenamiento m\u00e1s sencillas hasta un taller insignia con m\u00faltiples bah\u00edas, Dura cuenta con la experiencia y los sistemas adecuados. Una soluci\u00f3n dise\u00f1ada profesionalmente que cumpla con sus requisitos espec\u00edficos y que est\u00e9 construida para durar le reportar\u00e1 grandes beneficios a su empresa. Nuestros armarios se han [&hellip;]<\/p>\n","protected":false},"author":1,"featured_media":0,"parent":7858,"menu_order":0,"comment_status":"closed","ping_status":"closed","template":"","meta":{"_acf_changed":false,"footnotes":""},"class_list":["post-8366","page","type-page","status-publish","hentry"],"acf":[],"_links":{"self":[{"href":"https:\/\/dura.com\/es\/wp-json\/wp\/v2\/pages\/8366","targetHints":{"allow":["GET"]}}],"collection":[{"href":"https:\/\/dura.com\/es\/wp-json\/wp\/v2\/pages"}],"about":[{"href":"https:\/\/dura.com\/es\/wp-json\/wp\/v2\/types\/page"}],"author":[{"embeddable":true,"href":"https:\/\/dura.com\/es\/wp-json\/wp\/v2\/users\/1"}],"replies":[{"embeddable":true,"href":"https:\/\/dura.com\/es\/wp-json\/wp\/v2\/comments?post=8366"}],"version-history":[{"count":0,"href":"https:\/\/dura.com\/es\/wp-json\/wp\/v2\/pages\/8366\/revisions"}],"up":[{"embeddable":true,"href":"https:\/\/dura.com\/es\/wp-json\/wp\/v2\/pages\/7858"}],"wp:attachment":[{"href":"https:\/\/dura.com\/es\/wp-json\/wp\/v2\/media?parent=8366"}],"curies":[{"name":"wp","href":"https:\/\/api.w.org\/{rel}","templated":true}]}}