{"id":8354,"date":"2025-10-30T10:48:29","date_gmt":"2025-10-30T10:48:29","guid":{"rendered":"https:\/\/dura.com\/sobre-dura\/"},"modified":"2026-03-31T15:50:25","modified_gmt":"2026-03-31T15:50:25","slug":"sobre-dura","status":"publish","type":"page","link":"https:\/\/dura.com\/es\/sobre-dura\/","title":{"rendered":"Sobre Dura"},"content":{"rendered":"\t\t<div data-elementor-type=\"wp-page\" data-elementor-id=\"8354\" class=\"elementor elementor-8354 elementor-6909\" data-elementor-post-type=\"page\">\n\t\t\t\t<div class=\"elementor-element elementor-element-8314bb4 e-flex e-con-boxed e-con e-parent\" data-id=\"8314bb4\" data-element_type=\"container\" data-e-type=\"container\" data-settings=\"{&quot;background_background&quot;:&quot;classic&quot;}\">\n\t\t\t\t\t<div class=\"e-con-inner\">\n\t\t\t\t\t<\/div>\n\t\t\t\t<\/div>\n\t\t<div class=\"elementor-element elementor-element-5e6bed0 e-flex e-con-boxed e-con e-parent\" data-id=\"5e6bed0\" data-element_type=\"container\" data-e-type=\"container\">\n\t\t\t\t\t<div class=\"e-con-inner\">\n\t\t\t\t<div class=\"elementor-element elementor-element-e34af98 elementor-widget elementor-widget-heading\" data-id=\"e34af98\" data-element_type=\"widget\" data-e-type=\"widget\" data-widget_type=\"heading.default\">\n\t\t\t\t\t<h2 class=\"elementor-heading-title elementor-size-default\">SOBRE DURA<\/h2>\t\t\t\t<\/div>\n\t\t\t\t<div class=\"elementor-element elementor-element-02d10be elementor-widget elementor-widget-text-editor\" data-id=\"02d10be\" data-element_type=\"widget\" data-e-type=\"widget\" data-widget_type=\"text-editor.default\">\n\t\t\t\t\t\t\t\t\t<p>Dura es l\u00edder mundial en el dise\u00f1o y la fabricaci\u00f3n de talleres profesionales, orgullosamente fabricados en Gran Breta\u00f1a<\/p><p>Fundada en 1997 por el dise\u00f1ador industrial Dominic Wishlade, Dura naci\u00f3 con una idea audaz: transformar el taller tradicional en un espacio de trabajo moderno, eficiente e inspirador.<\/p><p>Desde sus inicios, Dura se ha convertido en una marca reconocida mundialmente, con sede en Brackley, Northamptonshire, y una de las plantas de fabricaci\u00f3n m\u00e1s avanzadas del Reino Unido en Plymouth, Devon. Nuestro equipo de dise\u00f1adores, ingenieros y especialistas en producci\u00f3n trabaja en conjunto para ofrecer sistemas de mobiliario modulares e integrados para los entornos comerciales m\u00e1s exigentes. <\/p>\t\t\t\t\t\t\t\t<\/div>\n\t\t\t\t\t<\/div>\n\t\t\t\t<\/div>\n\t\t<div class=\"elementor-element elementor-element-0a91cb8 e-flex e-con-boxed e-con e-parent\" data-id=\"0a91cb8\" data-element_type=\"container\" data-e-type=\"container\">\n\t\t\t\t\t<div class=\"e-con-inner\">\n\t\t<div class=\"elementor-element elementor-element-5cd154f e-con-full e-flex e-con e-child\" data-id=\"5cd154f\" data-element_type=\"container\" data-e-type=\"container\">\n\t\t\t\t<div class=\"elementor-element elementor-element-8907772 elementor-widget elementor-widget-image\" data-id=\"8907772\" data-element_type=\"widget\" data-e-type=\"widget\" data-widget_type=\"image.default\">\n\t\t\t\t\t\t\t\t\t\t\t\t\t\t\t<img fetchpriority=\"high\" decoding=\"async\" width=\"1920\" height=\"1080\" src=\"https:\/\/dura.com\/wp-content\/uploads\/2025\/09\/about-img-one.jpg\" class=\"attachment-full size-full wp-image-8346\" alt=\"\" srcset=\"https:\/\/dura.com\/wp-content\/uploads\/2025\/09\/about-img-one.jpg 1920w, https:\/\/dura.com\/wp-content\/uploads\/2025\/09\/about-img-one-300x169.jpg 300w, https:\/\/dura.com\/wp-content\/uploads\/2025\/09\/about-img-one-1024x576.jpg 1024w, https:\/\/dura.com\/wp-content\/uploads\/2025\/09\/about-img-one-768x432.jpg 768w, https:\/\/dura.com\/wp-content\/uploads\/2025\/09\/about-img-one-1536x864.jpg 1536w, https:\/\/dura.com\/wp-content\/uploads\/2025\/09\/about-img-one-600x338.jpg 600w, https:\/\/dura.com\/wp-content\/uploads\/2025\/09\/about-img-one-64x36.jpg 64w\" sizes=\"(max-width: 1920px) 100vw, 1920px\" \/>\t\t\t\t\t\t\t\t\t\t\t\t\t\t\t<\/div>\n\t\t\t\t<div class=\"elementor-element elementor-element-0077fa0 elementor-widget elementor-widget-heading\" data-id=\"0077fa0\" data-element_type=\"widget\" data-e-type=\"widget\" data-widget_type=\"heading.default\">\n\t\t\t\t\t<h2 class=\"elementor-heading-title elementor-size-default\">Los gabinetes Dura cuentan con la confianza de los profesionales l\u00edderes.<\/h2>\t\t\t\t<\/div>\n\t\t\t\t<\/div>\n\t\t<div class=\"elementor-element elementor-element-f3125f4 e-con-full e-flex e-con e-child\" data-id=\"f3125f4\" data-element_type=\"container\" data-e-type=\"container\">\n\t\t\t\t<div class=\"elementor-element elementor-element-7f815d1 elementor-widget elementor-widget-image\" data-id=\"7f815d1\" data-element_type=\"widget\" data-e-type=\"widget\" data-widget_type=\"image.default\">\n\t\t\t\t\t\t\t\t\t\t\t\t\t\t\t<img decoding=\"async\" width=\"1920\" height=\"1080\" src=\"https:\/\/dura.com\/wp-content\/uploads\/2025\/09\/about-img-two.jpg\" class=\"attachment-full size-full wp-image-8347\" alt=\"\" srcset=\"https:\/\/dura.com\/wp-content\/uploads\/2025\/09\/about-img-two.jpg 1920w, https:\/\/dura.com\/wp-content\/uploads\/2025\/09\/about-img-two-300x169.jpg 300w, https:\/\/dura.com\/wp-content\/uploads\/2025\/09\/about-img-two-1024x576.jpg 1024w, https:\/\/dura.com\/wp-content\/uploads\/2025\/09\/about-img-two-768x432.jpg 768w, https:\/\/dura.com\/wp-content\/uploads\/2025\/09\/about-img-two-1536x864.jpg 1536w, https:\/\/dura.com\/wp-content\/uploads\/2025\/09\/about-img-two-600x338.jpg 600w, https:\/\/dura.com\/wp-content\/uploads\/2025\/09\/about-img-two-64x36.jpg 64w\" sizes=\"(max-width: 1920px) 100vw, 1920px\" \/>\t\t\t\t\t\t\t\t\t\t\t\t\t\t\t<\/div>\n\t\t\t\t<div class=\"elementor-element elementor-element-721dde3 elementor-widget elementor-widget-heading\" data-id=\"721dde3\" data-element_type=\"widget\" data-e-type=\"widget\" data-widget_type=\"heading.default\">\n\t\t\t\t\t<h2 class=\"elementor-heading-title elementor-size-default\">Dura Manufacturing: una de las principales empresas de conformado de acero del Reino Unido.<\/h2>\t\t\t\t<\/div>\n\t\t\t\t<\/div>\n\t\t\t\t\t<\/div>\n\t\t\t\t<\/div>\n\t\t<div class=\"elementor-element elementor-element-3ea414d e-flex e-con-boxed e-con e-parent\" data-id=\"3ea414d\" data-element_type=\"container\" data-e-type=\"container\">\n\t\t\t\t\t<div class=\"e-con-inner\">\n\t\t\t\t<div class=\"elementor-element elementor-element-d81f282 elementor-widget elementor-widget-text-editor\" data-id=\"d81f282\" data-element_type=\"widget\" data-e-type=\"widget\" data-widget_type=\"text-editor.default\">\n\t\t\t\t\t\t\t\t\t<p>Desde sus inicios, Dura reconoci\u00f3 que el taller profesional sol\u00eda pasar desapercibido, con equipos fragmentados, ergonom\u00eda deficiente y distribuciones ineficientes. Nuestro sistema modular de mobiliario de acero lo cambi\u00f3 todo, integrando cada elemento, desde el almacenamiento de herramientas y la gesti\u00f3n de residuos hasta los carretes de fluidos y los equipos de diagn\u00f3stico, en un dise\u00f1o \u00fanico y coherente. <\/p><p>El impacto fue inmediato. Aston Martin fue el primero en adoptar el concepto a nivel mundial, seguido poco despu\u00e9s por Audi AG y otras prestigiosas marcas automovil\u00edsticas. Hoy en d\u00eda, los sistemas de Dura son especificados y recomendados por pr\u00e1cticamente todos los principales fabricantes de autom\u00f3viles premium, as\u00ed como por clientes de primer nivel en los sectores industrial y aeroespacial.  <\/p><p>Con exportaciones a m\u00e1s de 40 pa\u00edses, incluyendo Jap\u00f3n y Estados Unidos, Dura contin\u00faa marcando la pauta en calidad, innovaci\u00f3n e integridad de dise\u00f1o. Seguimos apasionados por lo que hacemos: combinar la excelencia de la ingenier\u00eda brit\u00e1nica con el compromiso de crear espacios de trabajo que inspiren productividad, profesionalidad y orgullo. <\/p><p>Adem\u00e1s de nuestro trabajo en el sector comercial, Dura es tambi\u00e9n l\u00edder del mercado en el dise\u00f1o de garajes residenciales de lujo.<\/p><p>Nuestras instalaciones a medida llevan la misma ingenier\u00eda de precisi\u00f3n y la excelencia en el dise\u00f1o que se encuentran en los mejores talleres del mundo a los hogares de los entusiastas del automovilismo en todo el Reino Unido y m\u00e1s all\u00e1.<\/p>\t\t\t\t\t\t\t\t<\/div>\n\t\t\t\t\t<\/div>\n\t\t\t\t<\/div>\n\t\t<div class=\"elementor-element elementor-element-689e1fe e-flex e-con-boxed e-con e-parent\" data-id=\"689e1fe\" data-element_type=\"container\" data-e-type=\"container\">\n\t\t\t\t\t<div class=\"e-con-inner\">\n\t\t\t\t<div class=\"elementor-element elementor-element-f39291a elementor-widget-tablet__width-initial elementor-widget elementor-widget-gallery\" data-id=\"f39291a\" data-element_type=\"widget\" data-e-type=\"widget\" data-settings=\"{&quot;columns&quot;:6,&quot;gap&quot;:{&quot;unit&quot;:&quot;px&quot;,&quot;size&quot;:20,&quot;sizes&quot;:[]},&quot;columns_tablet&quot;:3,&quot;columns_mobile&quot;:3,&quot;gap_tablet&quot;:{&quot;unit&quot;:&quot;px&quot;,&quot;size&quot;:69,&quot;sizes&quot;:[]},&quot;gap_mobile&quot;:{&quot;unit&quot;:&quot;px&quot;,&quot;size&quot;:34,&quot;sizes&quot;:[]},&quot;lazyload&quot;:&quot;yes&quot;,&quot;gallery_layout&quot;:&quot;grid&quot;,&quot;aspect_ratio&quot;:&quot;3:2&quot;,&quot;content_hover_animation&quot;:&quot;fade-in&quot;}\" data-widget_type=\"gallery.default\">\n\t\t\t\t\t\t\t<div class=\"elementor-gallery__container\">\n\t\t\t\t\t\t\t<div class=\"e-gallery-item elementor-gallery-item elementor-animated-content\">\n\t\t\t\t\t<div class=\"e-gallery-image elementor-gallery-item__image\" data-thumbnail=\"https:\/\/dura.com\/wp-content\/uploads\/2025\/09\/Award_MIB_POS.svg\" data-width=\"141\" data-height=\"141\" aria-label=\"\" role=\"img\" ><\/div>\n\t\t\t\t\t\t\t\t\t\t\t\t\t\t<\/div>\n\t\t\t\t\t\t\t<div class=\"e-gallery-item elementor-gallery-item elementor-animated-content\">\n\t\t\t\t\t<div class=\"e-gallery-image elementor-gallery-item__image\" data-thumbnail=\"https:\/\/dura.com\/wp-content\/uploads\/2025\/09\/Award_Queen_POS.svg\" data-width=\"141\" data-height=\"141\" aria-label=\"\" role=\"img\" ><\/div>\n\t\t\t\t\t\t\t\t\t\t\t\t\t\t<\/div>\n\t\t\t\t\t\t\t<div class=\"e-gallery-item elementor-gallery-item elementor-animated-content\">\n\t\t\t\t\t<div class=\"e-gallery-image elementor-gallery-item__image\" data-thumbnail=\"https:\/\/dura.com\/wp-content\/uploads\/2025\/09\/Award_RedDot_POS.svg\" data-width=\"141\" data-height=\"141\" aria-label=\"\" role=\"img\" ><\/div>\n\t\t\t\t\t\t\t\t\t\t\t\t\t\t<\/div>\n\t\t\t\t\t\t\t<div class=\"e-gallery-item elementor-gallery-item elementor-animated-content\">\n\t\t\t\t\t<div class=\"e-gallery-image elementor-gallery-item__image\" data-thumbnail=\"https:\/\/dura.com\/wp-content\/uploads\/2025\/09\/Award_Serv1st_POS.svg\" data-width=\"141\" data-height=\"141\" aria-label=\"\" role=\"img\" ><\/div>\n\t\t\t\t\t\t\t\t\t\t\t\t\t\t<\/div>\n\t\t\t\t\t\t\t<div class=\"e-gallery-item elementor-gallery-item elementor-animated-content\">\n\t\t\t\t\t<div class=\"e-gallery-image elementor-gallery-item__image\" data-thumbnail=\"https:\/\/dura.com\/wp-content\/uploads\/2025\/09\/Award_ISO_POS.svg\" data-width=\"141\" data-height=\"141\" aria-label=\"\" role=\"img\" ><\/div>\n\t\t\t\t\t\t\t\t\t\t\t\t\t\t<\/div>\n\t\t\t\t\t\t\t<div class=\"e-gallery-item elementor-gallery-item elementor-animated-content\">\n\t\t\t\t\t<div class=\"e-gallery-image elementor-gallery-item__image\" data-thumbnail=\"https:\/\/dura.com\/wp-content\/uploads\/2025\/09\/Award_Axalta_POS.svg\" data-width=\"141\" data-height=\"141\" aria-label=\"\" role=\"img\" ><\/div>\n\t\t\t\t\t\t\t\t\t\t\t\t\t\t<\/div>\n\t\t\t\t\t<\/div>\n\t\t\t\t\t<\/div>\n\t\t\t\t\t<\/div>\n\t\t\t\t<\/div>\n\t\t<div class=\"elementor-element elementor-element-ef6ee5b e-flex e-con-boxed e-con e-parent\" data-id=\"ef6ee5b\" data-element_type=\"container\" data-e-type=\"container\" data-settings=\"{&quot;background_background&quot;:&quot;classic&quot;}\">\n\t\t\t\t\t<div class=\"e-con-inner\">\n\t\t\t\t<div class=\"elementor-element elementor-element-19ef5fa elementor-widget elementor-widget-heading\" data-id=\"19ef5fa\" data-element_type=\"widget\" data-e-type=\"widget\" data-widget_type=\"heading.default\">\n\t\t\t\t\t<h2 class=\"elementor-heading-title elementor-size-default\">Descubre m\u00e1s<\/h2>\t\t\t\t<\/div>\n\t\t\t\t<div class=\"elementor-element elementor-element-d0f27e4 elementor-widget elementor-widget-heading\" data-id=\"d0f27e4\" data-element_type=\"widget\" data-e-type=\"widget\" data-widget_type=\"heading.default\">\n\t\t\t\t\t<span class=\"elementor-heading-title elementor-size-default\">Habla con nuestro equipo para obtener m\u00e1s informaci\u00f3n sobre nuestro mobiliario y servicios para talleres<\/span>\t\t\t\t<\/div>\n\t\t\t\t<div class=\"elementor-element elementor-element-101b83b elementor-align-center elementor-widget elementor-widget-button\" data-id=\"101b83b\" data-element_type=\"widget\" data-e-type=\"widget\" data-widget_type=\"button.default\">\n\t\t\t\t\t\t\t\t\t\t<a class=\"elementor-button elementor-button-link elementor-size-sm\" href=\"https:\/\/dura.com\/es\/empresa\/contactenos\/\">\n\t\t\t\t\t\t<span class=\"elementor-button-content-wrapper\">\n\t\t\t\t\t\t\t\t\t<span class=\"elementor-button-text\">Descubra m\u00e1s<\/span>\n\t\t\t\t\t<\/span>\n\t\t\t\t\t<\/a>\n\t\t\t\t\t\t\t\t<\/div>\n\t\t\t\t\t<\/div>\n\t\t\t\t<\/div>\n\t\t\t\t<\/div>\n\t\t","protected":false},"excerpt":{"rendered":"<p>SOBRE DURA Dura es l\u00edder mundial en el dise\u00f1o y la fabricaci\u00f3n de talleres profesionales, orgullosamente fabricados en Gran Breta\u00f1a Fundada en 1997 por el dise\u00f1ador industrial Dominic Wishlade, Dura naci\u00f3 con una idea audaz: transformar el taller tradicional en un espacio de trabajo moderno, eficiente e inspirador. Desde sus inicios, Dura se ha convertido [&hellip;]<\/p>\n","protected":false},"author":1,"featured_media":0,"parent":0,"menu_order":0,"comment_status":"closed","ping_status":"closed","template":"","meta":{"_acf_changed":false,"footnotes":""},"class_list":["post-8354","page","type-page","status-publish","hentry"],"acf":[],"_links":{"self":[{"href":"https:\/\/dura.com\/es\/wp-json\/wp\/v2\/pages\/8354","targetHints":{"allow":["GET"]}}],"collection":[{"href":"https:\/\/dura.com\/es\/wp-json\/wp\/v2\/pages"}],"about":[{"href":"https:\/\/dura.com\/es\/wp-json\/wp\/v2\/types\/page"}],"author":[{"embeddable":true,"href":"https:\/\/dura.com\/es\/wp-json\/wp\/v2\/users\/1"}],"replies":[{"embeddable":true,"href":"https:\/\/dura.com\/es\/wp-json\/wp\/v2\/comments?post=8354"}],"version-history":[{"count":0,"href":"https:\/\/dura.com\/es\/wp-json\/wp\/v2\/pages\/8354\/revisions"}],"wp:attachment":[{"href":"https:\/\/dura.com\/es\/wp-json\/wp\/v2\/media?parent=8354"}],"curies":[{"name":"wp","href":"https:\/\/api.w.org\/{rel}","templated":true}]}}