{"id":7858,"date":"2025-09-01T05:06:48","date_gmt":"2025-09-01T05:06:48","guid":{"rendered":"https:\/\/duramain.wpenginepowered.com\/empresa\/"},"modified":"2026-04-27T11:35:55","modified_gmt":"2026-04-27T11:35:55","slug":"empresas","status":"publish","type":"page","link":"https:\/\/dura.com\/es\/empresas\/","title":{"rendered":"Empresa"},"content":{"rendered":"\t\t<div data-elementor-type=\"wp-page\" data-elementor-id=\"7858\" class=\"elementor elementor-7858 elementor-972\" data-elementor-post-type=\"page\">\n\t\t\t\t<div class=\"elementor-element elementor-element-525e66e e-flex e-con-boxed e-con e-parent\" data-id=\"525e66e\" data-element_type=\"container\" data-e-type=\"container\" data-settings=\"{&quot;background_background&quot;:&quot;classic&quot;}\">\n\t\t\t\t\t<div class=\"e-con-inner\">\n\t\t\t\t\t<\/div>\n\t\t\t\t<\/div>\n\t\t<div class=\"elementor-element elementor-element-9703998 e-flex e-con-boxed e-con e-parent\" data-id=\"9703998\" data-element_type=\"container\" data-e-type=\"container\">\n\t\t\t\t\t<div class=\"e-con-inner\">\n\t\t\t\t<div class=\"elementor-element elementor-element-67e0a65 elementor-widget elementor-widget-heading\" data-id=\"67e0a65\" data-element_type=\"widget\" data-e-type=\"widget\" data-widget_type=\"heading.default\">\n\t\t\t\t\t<h2 class=\"elementor-heading-title elementor-size-default\">PIONEROS MUNDIALES EN<br>MOBILIARIO MODULAR INTEGRADO PARA TALLERES<\/h2>\t\t\t\t<\/div>\n\t\t\t\t<div class=\"elementor-element elementor-element-41c4c53 elementor-widget elementor-widget-heading\" data-id=\"41c4c53\" data-element_type=\"widget\" data-e-type=\"widget\" data-widget_type=\"heading.default\">\n\t\t\t\t\t<span class=\"elementor-heading-title elementor-size-default\">Mobiliario modular para talleres de clase mundial, dise\u00f1ado para maximizar la eficiencia, la organizaci\u00f3n y el flujo de trabajo de tu negocio. Con Dura, puedes crear el Centro de Excelencia que tus clientes esperan. <\/span>\t\t\t\t<\/div>\n\t\t\t\t<div class=\"elementor-element elementor-element-35edb98 elementor-widget elementor-widget-text-editor\" data-id=\"35edb98\" data-element_type=\"widget\" data-e-type=\"widget\" data-widget_type=\"text-editor.default\">\n\t\t\t\t\t\t\t\t\t<p>Dise\u00f1ado, con ingenier\u00eda de precisi\u00f3n y fabricado por expertos en el Reino Unido, nuestro mobiliario para talleres est\u00e1 construido seg\u00fan los est\u00e1ndares m\u00e1s altos, garantizando durabilidad y una integraci\u00f3n perfecta en tu espacio de trabajo.<\/p><p>Tu taller es la columna vertebral de tu negocio e influye directamente en la productividad, la rentabilidad y la satisfacci\u00f3n del cliente. Por eso, acertar con el dise\u00f1o a la primera es esencial. Como innovador original del mobiliario integrado para talleres, Dura aporta d\u00e9cadas de experiencia ofreciendo soluciones flexibles, escalables y centradas en el dise\u00f1o, adaptadas a tu sector.  <\/p><p>Tanto si est\u00e1s montando una nueva instalaci\u00f3n, ampliando un centro de servicio existente o realizando una reforma completa de un espacio de trabajo actual, nuestros expertos en dise\u00f1o crear\u00e1n un espacio de alto rendimiento que mejore tanto la eficiencia de los t\u00e9cnicos como el rendimiento del negocio. Con nuestra propia f\u00e1brica de \u00faltima generaci\u00f3n en el Reino Unido, Dura ofrece armarios galardonados y soluciones modulares para talleres, con cada pieza fabricada bajo pedido para asegurar que cada detalle cumpla con tus requisitos exactos. Desde bancos de trabajo y almacenamiento de herramientas de alta resistencia hasta talleres especializados totalmente integrados, nuestras soluciones a medida aportan precisi\u00f3n, productividad y profesionalidad a tu negocio.  <\/p>\t\t\t\t\t\t\t\t<\/div>\n\t\t\t\t\t<\/div>\n\t\t\t\t<\/div>\n\t\t<div class=\"elementor-element elementor-element-35afecd e-flex e-con-boxed e-con e-parent\" data-id=\"35afecd\" data-element_type=\"container\" data-e-type=\"container\">\n\t\t\t\t\t<div class=\"e-con-inner\">\n\t\t\t\t<div class=\"elementor-element elementor-element-87651f3 elementor-widget elementor-widget-heading\" data-id=\"87651f3\" data-element_type=\"widget\" data-e-type=\"widget\" data-widget_type=\"heading.default\">\n\t\t\t\t\t<h2 class=\"elementor-heading-title elementor-size-default\">\u00bfPOR QU\u00c9 ELEGIR DURA?<\/h2>\t\t\t\t<\/div>\n\t\t\t\t<div class=\"elementor-element elementor-element-f085b6b elementor-widget elementor-widget-text-editor\" data-id=\"f085b6b\" data-element_type=\"widget\" data-e-type=\"widget\" data-widget_type=\"text-editor.default\">\n\t\t\t\t\t\t\t\t\t<ul><li>Aumenta la eficiencia y maximiza el rendimiento para una mayor rentabilidad<\/li><li>Mejora la confianza del cliente con un taller elegante y profesional<\/li><li>Entornos de trabajo m\u00e1s seguros y limpios para los compa\u00f1eros<\/li><li>Atrae y ret\u00e9n a t\u00e9cnicos cualificados con un espacio de trabajo optimizado<\/li><\/ul>\t\t\t\t\t\t\t\t<\/div>\n\t\t\t\t<div class=\"elementor-element elementor-element-e96bc26 elementor-widget elementor-widget-image\" data-id=\"e96bc26\" data-element_type=\"widget\" data-e-type=\"widget\" data-widget_type=\"image.default\">\n\t\t\t\t\t\t\t\t\t\t\t\t\t\t\t<img decoding=\"async\" width=\"345\" height=\"112\" src=\"https:\/\/dura.com\/wp-content\/uploads\/2025\/09\/innovation-design-excellence.webp\" class=\"attachment-full size-full wp-image-7841\" alt=\"\" srcset=\"https:\/\/dura.com\/wp-content\/uploads\/2025\/09\/innovation-design-excellence.webp 345w, https:\/\/dura.com\/wp-content\/uploads\/2025\/09\/innovation-design-excellence-300x97.webp 300w, https:\/\/dura.com\/wp-content\/uploads\/2025\/09\/innovation-design-excellence-64x21.webp 64w\" sizes=\"(max-width: 345px) 100vw, 345px\" \/>\t\t\t\t\t\t\t\t\t\t\t\t\t\t\t<\/div>\n\t\t\t\t\t<\/div>\n\t\t\t\t<\/div>\n\t\t<div class=\"elementor-element elementor-element-b2f55fe e-flex e-con-boxed e-con e-parent\" data-id=\"b2f55fe\" data-element_type=\"container\" data-e-type=\"container\" data-settings=\"{&quot;background_background&quot;:&quot;classic&quot;}\">\n\t\t\t\t\t<div class=\"e-con-inner\">\n\t\t\t\t<div class=\"elementor-element elementor-element-2b293cd elementor-widget elementor-widget-heading\" data-id=\"2b293cd\" data-element_type=\"widget\" data-e-type=\"widget\" data-widget_type=\"heading.default\">\n\t\t\t\t\t<h2 class=\"elementor-heading-title elementor-size-default\">LA DIFERENCIA DE DURA<\/h2>\t\t\t\t<\/div>\n\t\t<div class=\"elementor-element elementor-element-9982c3e e-con-full e-flex e-con e-child\" data-id=\"9982c3e\" data-element_type=\"container\" data-e-type=\"container\">\n\t\t\t\t<div class=\"elementor-element elementor-element-934c5af elementor-widget__width-initial elementor-icon-list--layout-traditional elementor-list-item-link-full_width elementor-widget elementor-widget-icon-list\" data-id=\"934c5af\" data-element_type=\"widget\" data-e-type=\"widget\" data-widget_type=\"icon-list.default\">\n\t\t\t\t\t\t\t<ul class=\"elementor-icon-list-items\">\n\t\t\t\t\t\t\t<li class=\"elementor-icon-list-item\">\n\t\t\t\t\t\t\t\t\t\t\t<span class=\"elementor-icon-list-icon\">\n\t\t\t\t\t\t\t<svg aria-hidden=\"true\" class=\"e-font-icon-svg e-fas-check\" viewBox=\"0 0 512 512\" xmlns=\"http:\/\/www.w3.org\/2000\/svg\"><path d=\"M173.898 439.404l-166.4-166.4c-9.997-9.997-9.997-26.206 0-36.204l36.203-36.204c9.997-9.998 26.207-9.998 36.204 0L192 312.69 432.095 72.596c9.997-9.997 26.207-9.997 36.204 0l36.203 36.204c9.997 9.997 9.997 26.206 0 36.204l-294.4 294.401c-9.998 9.997-26.207 9.997-36.204-.001z\"><\/path><\/svg>\t\t\t\t\t\t<\/span>\n\t\t\t\t\t\t\t\t\t\t<span class=\"elementor-icon-list-text\">El pionero de la soluci\u00f3n modular para talleres: una experiencia inigualable para ofrecer el taller que tu negocio necesita<\/span>\n\t\t\t\t\t\t\t\t\t<\/li>\n\t\t\t\t\t\t\t\t<li class=\"elementor-icon-list-item\">\n\t\t\t\t\t\t\t\t\t\t\t<span class=\"elementor-icon-list-icon\">\n\t\t\t\t\t\t\t<svg aria-hidden=\"true\" class=\"e-font-icon-svg e-fas-check\" viewBox=\"0 0 512 512\" xmlns=\"http:\/\/www.w3.org\/2000\/svg\"><path d=\"M173.898 439.404l-166.4-166.4c-9.997-9.997-9.997-26.206 0-36.204l36.203-36.204c9.997-9.998 26.207-9.998 36.204 0L192 312.69 432.095 72.596c9.997-9.997 26.207-9.997 36.204 0l36.203 36.204c9.997 9.997 9.997 26.206 0 36.204l-294.4 294.401c-9.998 9.997-26.207 9.997-36.204-.001z\"><\/path><\/svg>\t\t\t\t\t\t<\/span>\n\t\t\t\t\t\t\t\t\t\t<span class=\"elementor-icon-list-text\">Producto modular para una flexibilidad e integraci\u00f3n total en tus instalaciones y procesos<\/span>\n\t\t\t\t\t\t\t\t\t<\/li>\n\t\t\t\t\t\t\t\t<li class=\"elementor-icon-list-item\">\n\t\t\t\t\t\t\t\t\t\t\t<span class=\"elementor-icon-list-icon\">\n\t\t\t\t\t\t\t<svg aria-hidden=\"true\" class=\"e-font-icon-svg e-fas-check\" viewBox=\"0 0 512 512\" xmlns=\"http:\/\/www.w3.org\/2000\/svg\"><path d=\"M173.898 439.404l-166.4-166.4c-9.997-9.997-9.997-26.206 0-36.204l36.203-36.204c9.997-9.998 26.207-9.998 36.204 0L192 312.69 432.095 72.596c9.997-9.997 26.207-9.997 36.204 0l36.203 36.204c9.997 9.997 9.997 26.206 0 36.204l-294.4 294.401c-9.998 9.997-26.207 9.997-36.204-.001z\"><\/path><\/svg>\t\t\t\t\t\t<\/span>\n\t\t\t\t\t\t\t\t\t\t<span class=\"elementor-icon-list-text\">Dise\u00f1adores propios para gestionar tu proyecto desde la consulta inicial hasta la entrega final<\/span>\n\t\t\t\t\t\t\t\t\t<\/li>\n\t\t\t\t\t\t<\/ul>\n\t\t\t\t\t\t<\/div>\n\t\t\t\t<div class=\"elementor-element elementor-element-f2037e7 elementor-widget__width-initial elementor-icon-list--layout-traditional elementor-list-item-link-full_width elementor-widget elementor-widget-icon-list\" data-id=\"f2037e7\" data-element_type=\"widget\" data-e-type=\"widget\" data-widget_type=\"icon-list.default\">\n\t\t\t\t\t\t\t<ul class=\"elementor-icon-list-items\">\n\t\t\t\t\t\t\t<li class=\"elementor-icon-list-item\">\n\t\t\t\t\t\t\t\t\t\t\t<span class=\"elementor-icon-list-icon\">\n\t\t\t\t\t\t\t<svg aria-hidden=\"true\" class=\"e-font-icon-svg e-fas-check\" viewBox=\"0 0 512 512\" xmlns=\"http:\/\/www.w3.org\/2000\/svg\"><path d=\"M173.898 439.404l-166.4-166.4c-9.997-9.997-9.997-26.206 0-36.204l36.203-36.204c9.997-9.998 26.207-9.998 36.204 0L192 312.69 432.095 72.596c9.997-9.997 26.207-9.997 36.204 0l36.203 36.204c9.997 9.997 9.997 26.206 0 36.204l-294.4 294.401c-9.998 9.997-26.207 9.997-36.204-.001z\"><\/path><\/svg>\t\t\t\t\t\t<\/span>\n\t\t\t\t\t\t\t\t\t\t<span class=\"elementor-icon-list-text\">Servicios de alta calidad prestados a trav\u00e9s de una red de los mejores socios en equipamiento de talleres<\/span>\n\t\t\t\t\t\t\t\t\t<\/li>\n\t\t\t\t\t\t\t\t<li class=\"elementor-icon-list-item\">\n\t\t\t\t\t\t\t\t\t\t\t<span class=\"elementor-icon-list-icon\">\n\t\t\t\t\t\t\t<svg aria-hidden=\"true\" class=\"e-font-icon-svg e-fas-check\" viewBox=\"0 0 512 512\" xmlns=\"http:\/\/www.w3.org\/2000\/svg\"><path d=\"M173.898 439.404l-166.4-166.4c-9.997-9.997-9.997-26.206 0-36.204l36.203-36.204c9.997-9.998 26.207-9.998 36.204 0L192 312.69 432.095 72.596c9.997-9.997 26.207-9.997 36.204 0l36.203 36.204c9.997 9.997 9.997 26.206 0 36.204l-294.4 294.401c-9.998 9.997-26.207 9.997-36.204-.001z\"><\/path><\/svg>\t\t\t\t\t\t<\/span>\n\t\t\t\t\t\t\t\t\t\t<span class=\"elementor-icon-list-text\">Una de las instalaciones de conformado de metales m\u00e1s avanzadas del Reino Unido, con codiciadas acreditaciones de pintura de AkzoNobel y Axalta (parte del Grupo Dupont)<\/span>\n\t\t\t\t\t\t\t\t\t<\/li>\n\t\t\t\t\t\t\t\t<li class=\"elementor-icon-list-item\">\n\t\t\t\t\t\t\t\t\t\t\t<span class=\"elementor-icon-list-icon\">\n\t\t\t\t\t\t\t<svg aria-hidden=\"true\" class=\"e-font-icon-svg e-fas-check\" viewBox=\"0 0 512 512\" xmlns=\"http:\/\/www.w3.org\/2000\/svg\"><path d=\"M173.898 439.404l-166.4-166.4c-9.997-9.997-9.997-26.206 0-36.204l36.203-36.204c9.997-9.998 26.207-9.998 36.204 0L192 312.69 432.095 72.596c9.997-9.997 26.207-9.997 36.204 0l36.203 36.204c9.997 9.997 9.997 26.206 0 36.204l-294.4 294.401c-9.998 9.997-26.207 9.997-36.204-.001z\"><\/path><\/svg>\t\t\t\t\t\t<\/span>\n\t\t\t\t\t\t\t\t\t\t<span class=\"elementor-icon-list-text\">Servicios de dise\u00f1o de productos personalizados o desarrollo de nuevos conceptos de mobiliario<\/span>\n\t\t\t\t\t\t\t\t\t<\/li>\n\t\t\t\t\t\t<\/ul>\n\t\t\t\t\t\t<\/div>\n\t\t\t\t<\/div>\n\t\t\t\t\t<\/div>\n\t\t\t\t<\/div>\n\t\t<div class=\"elementor-element elementor-element-4f1c5eb e-flex e-con-boxed e-con e-parent\" data-id=\"4f1c5eb\" data-element_type=\"container\" data-e-type=\"container\">\n\t\t\t\t\t<div class=\"e-con-inner\">\n\t\t\t\t<div class=\"elementor-element elementor-element-c11b510 elementor-widget elementor-widget-heading\" data-id=\"c11b510\" data-element_type=\"widget\" data-e-type=\"widget\" data-widget_type=\"heading.default\">\n\t\t\t\t\t<h2 class=\"elementor-heading-title elementor-size-default\">LAS PRINCIPALES EMPRESAS Y ORGANIZACIONES A LAS QUE SERVIMOS<\/h2>\t\t\t\t<\/div>\n\t\t\t\t<div class=\"elementor-element elementor-element-b60bc0f elementor-widget elementor-widget-text-editor\" data-id=\"b60bc0f\" data-element_type=\"widget\" data-e-type=\"widget\" data-widget_type=\"text-editor.default\">\n\t\t\t\t\t\t\t\t\t<p>El mobiliario modular para talleres de Dura est\u00e1 dise\u00f1ado para satisfacer las demandas \u00fanicas de sectores como la automoci\u00f3n, el aeroespacial, la fabricaci\u00f3n y el automovilismo, ofreciendo soluciones duraderas, eficientes y totalmente integradas para espacios de trabajo de alto rendimiento.<\/p>\t\t\t\t\t\t\t\t<\/div>\n\t\t\t\t\t<\/div>\n\t\t\t\t<\/div>\n\t\t<div class=\"elementor-element elementor-element-4a3c382 e-flex e-con-boxed e-con e-parent\" data-id=\"4a3c382\" data-element_type=\"container\" data-e-type=\"container\">\n\t\t\t\t\t<div class=\"e-con-inner\">\n\t\t\t\t<div class=\"elementor-element elementor-element-c424703 elementor-widget elementor-widget-image-carousel\" data-id=\"c424703\" data-element_type=\"widget\" data-e-type=\"widget\" data-settings=\"{&quot;slides_to_show&quot;:&quot;10&quot;,&quot;slides_to_scroll&quot;:&quot;1&quot;,&quot;navigation&quot;:&quot;none&quot;,&quot;autoplay_speed&quot;:3000,&quot;image_spacing_custom&quot;:{&quot;unit&quot;:&quot;px&quot;,&quot;size&quot;:46,&quot;sizes&quot;:[]},&quot;slides_to_show_mobile&quot;:&quot;2&quot;,&quot;slides_to_scroll_tablet&quot;:&quot;3&quot;,&quot;slides_to_scroll_mobile&quot;:&quot;3&quot;,&quot;slides_to_show_tablet&quot;:&quot;3&quot;,&quot;autoplay&quot;:&quot;yes&quot;,&quot;pause_on_hover&quot;:&quot;yes&quot;,&quot;pause_on_interaction&quot;:&quot;yes&quot;,&quot;infinite&quot;:&quot;yes&quot;,&quot;speed&quot;:500,&quot;image_spacing_custom_tablet&quot;:{&quot;unit&quot;:&quot;px&quot;,&quot;size&quot;:&quot;&quot;,&quot;sizes&quot;:[]},&quot;image_spacing_custom_mobile&quot;:{&quot;unit&quot;:&quot;px&quot;,&quot;size&quot;:&quot;&quot;,&quot;sizes&quot;:[]}}\" data-widget_type=\"image-carousel.default\">\n\t\t\t\t\t\t\t<div class=\"elementor-image-carousel-wrapper swiper\" role=\"region\" aria-roledescription=\"carousel\" aria-label=\"Image Carousel\" dir=\"ltr\">\n\t\t\t<div class=\"elementor-image-carousel swiper-wrapper\" aria-live=\"off\">\n\t\t\t\t\t\t\t\t<div class=\"swiper-slide\" role=\"group\" aria-roledescription=\"slide\" aria-label=\"1 de 14\"><figure class=\"swiper-slide-inner\"><img decoding=\"async\" class=\"swiper-slide-image\" src=\"https:\/\/dura.com\/wp-content\/uploads\/2025\/09\/IMAGE_BO_Carousel_WMAm.jpg\" alt=\"IMAGE_BO_Carousel_WMAm\" \/><\/figure><\/div><div class=\"swiper-slide\" role=\"group\" aria-roledescription=\"slide\" aria-label=\"2 de 14\"><figure class=\"swiper-slide-inner\"><img decoding=\"async\" class=\"swiper-slide-image\" src=\"https:\/\/dura.com\/wp-content\/uploads\/2025\/09\/IMAGE_B0_Carousel_Vert.jpg\" alt=\"IMAGE_B0_Carousel_Vert\" \/><\/figure><\/div><div class=\"swiper-slide\" role=\"group\" aria-roledescription=\"slide\" aria-label=\"3 de 14\"><figure class=\"swiper-slide-inner\"><img decoding=\"async\" class=\"swiper-slide-image\" src=\"https:\/\/dura.com\/wp-content\/uploads\/2025\/09\/IMAGE_B0_Carousel_Roll.jpg\" alt=\"IMAGE_B0_Carousel_Roll\" \/><\/figure><\/div><div class=\"swiper-slide\" role=\"group\" aria-roledescription=\"slide\" aria-label=\"4 de 14\"><figure class=\"swiper-slide-inner\"><img decoding=\"async\" class=\"swiper-slide-image\" src=\"https:\/\/dura.com\/wp-content\/uploads\/2025\/09\/IMAGE_B0_Carousel_Pors.jpg\" alt=\"IMAGE_B0_Carousel_Pors\" \/><\/figure><\/div><div class=\"swiper-slide\" role=\"group\" aria-roledescription=\"slide\" aria-label=\"5 de 14\"><figure class=\"swiper-slide-inner\"><img decoding=\"async\" class=\"swiper-slide-image\" src=\"https:\/\/dura.com\/wp-content\/uploads\/2025\/09\/IMAGE_B0_Carousel_NIFR.jpg\" alt=\"IMAGE_B0_Carousel_NIFR\" \/><\/figure><\/div><div class=\"swiper-slide\" role=\"group\" aria-roledescription=\"slide\" aria-label=\"6 de 14\"><figure class=\"swiper-slide-inner\"><img decoding=\"async\" class=\"swiper-slide-image\" src=\"https:\/\/dura.com\/wp-content\/uploads\/2025\/09\/IMAGE_B0_Carousel_MetP.jpg\" alt=\"IMAGE_B0_Carousel_MetP\" \/><\/figure><\/div><div class=\"swiper-slide\" role=\"group\" aria-roledescription=\"slide\" aria-label=\"7 de 14\"><figure class=\"swiper-slide-inner\"><img decoding=\"async\" class=\"swiper-slide-image\" src=\"https:\/\/dura.com\/wp-content\/uploads\/2025\/09\/IMAGE_B0_Carousel_McLa.jpg\" alt=\"IMAGE_B0_Carousel_McLa\" \/><\/figure><\/div><div class=\"swiper-slide\" role=\"group\" aria-roledescription=\"slide\" aria-label=\"8 de 14\"><figure class=\"swiper-slide-inner\"><img decoding=\"async\" class=\"swiper-slide-image\" src=\"https:\/\/dura.com\/wp-content\/uploads\/2025\/09\/IMAGE_B0_Carousel_Lubb.jpg\" alt=\"IMAGE_B0_Carousel_Lubb\" \/><\/figure><\/div><div class=\"swiper-slide\" role=\"group\" aria-roledescription=\"slide\" aria-label=\"9 de 14\"><figure class=\"swiper-slide-inner\"><img decoding=\"async\" class=\"swiper-slide-image\" src=\"https:\/\/dura.com\/wp-content\/uploads\/2025\/09\/IMAGE_B0_Carousel_Lamb.jpg\" alt=\"IMAGE_B0_Carousel_Lamb\" \/><\/figure><\/div><div class=\"swiper-slide\" role=\"group\" aria-roledescription=\"slide\" aria-label=\"10 de 14\"><figure class=\"swiper-slide-inner\"><img decoding=\"async\" class=\"swiper-slide-image\" src=\"https:\/\/dura.com\/wp-content\/uploads\/2025\/09\/IMAGE_B0_Carousel_Cate.jpg\" alt=\"IMAGE_B0_Carousel_Cate\" \/><\/figure><\/div><div class=\"swiper-slide\" role=\"group\" aria-roledescription=\"slide\" aria-label=\"11 de 14\"><figure class=\"swiper-slide-inner\"><img decoding=\"async\" class=\"swiper-slide-image\" src=\"https:\/\/dura.com\/wp-content\/uploads\/2025\/09\/IMAGE_B0_Carousel_BMW.jpg\" alt=\"IMAGE_B0_Carousel_BMW\" \/><\/figure><\/div><div class=\"swiper-slide\" role=\"group\" aria-roledescription=\"slide\" aria-label=\"12 de 14\"><figure class=\"swiper-slide-inner\"><img decoding=\"async\" class=\"swiper-slide-image\" src=\"https:\/\/dura.com\/wp-content\/uploads\/2025\/09\/IMAGE_B0_Carousel_Bent.jpg\" alt=\"IMAGE_B0_Carousel_Bent\" \/><\/figure><\/div><div class=\"swiper-slide\" role=\"group\" aria-roledescription=\"slide\" aria-label=\"13 de 14\"><figure class=\"swiper-slide-inner\"><img decoding=\"async\" class=\"swiper-slide-image\" src=\"https:\/\/dura.com\/wp-content\/uploads\/2025\/09\/IMAGE_B0_Carousel_Audi.jpg\" alt=\"IMAGE_B0_Carousel_Audi\" \/><\/figure><\/div><div class=\"swiper-slide\" role=\"group\" aria-roledescription=\"slide\" aria-label=\"14 de 14\"><figure class=\"swiper-slide-inner\"><img decoding=\"async\" class=\"swiper-slide-image\" src=\"https:\/\/dura.com\/wp-content\/uploads\/2025\/09\/IMAGE_B0_Carousel_AMar.jpg\" alt=\"IMAGE_B0_Carousel_AMar\" \/><\/figure><\/div>\t\t\t<\/div>\n\t\t\t\t\t\t\t\n\t\t\t\t\t\t\t\t\t<\/div>\n\t\t\t\t\t\t<\/div>\n\t\t\t\t\t<\/div>\n\t\t\t\t<\/div>\n\t\t<div class=\"elementor-element elementor-element-f82f641 e-flex e-con-boxed e-con e-parent\" data-id=\"f82f641\" data-element_type=\"container\" data-e-type=\"container\">\n\t\t\t\t\t<div class=\"e-con-inner\">\n\t\t<div class=\"elementor-element elementor-element-c570d90 e-con-full e-flex e-con e-child\" data-id=\"c570d90\" data-element_type=\"container\" data-e-type=\"container\">\n\t\t\t\t<div class=\"elementor-element elementor-element-0629ed0 elementor-widget elementor-widget-text-editor\" data-id=\"0629ed0\" data-element_type=\"widget\" data-e-type=\"widget\" data-widget_type=\"text-editor.default\">\n\t\t\t\t\t\t\t\t\t<ul><li>Instalaciones de montaje de automoci\u00f3n y centros de servicio<\/li><li>Concesionarios principales y especialistas independientes<\/li><li>Servicios de emergencia y operaciones de veh\u00edculos a medida<\/li><li>Automovilismo y F\u00f3rmula 1<\/li><li>Competici\u00f3n y deportes de equipo<\/li><li>Petr\u00f3leo, gas y alta mar<\/li><li>Espacios de trabajo para el sector minorista y el consumidor<\/li><\/ul>\t\t\t\t\t\t\t\t<\/div>\n\t\t\t\t<\/div>\n\t\t<div class=\"elementor-element elementor-element-9867a14 e-con-full e-flex e-con e-child\" data-id=\"9867a14\" data-element_type=\"container\" data-e-type=\"container\">\n\t\t\t\t<div class=\"elementor-element elementor-element-2400744 elementor-widget elementor-widget-text-editor\" data-id=\"2400744\" data-element_type=\"widget\" data-e-type=\"widget\" data-widget_type=\"text-editor.default\">\n\t\t\t\t\t\t\t\t\t<ul><li>Ingenier\u00eda, industrial y fabricaci\u00f3n<\/li><li>N\u00e1utica, marina y mar\u00edtima<\/li><li>Centros de mantenimiento de aviaci\u00f3n y talleres aeroespaciales<\/li><li>M\u00e9dico, laboratorio e investigaci\u00f3n y desarrollo (I+D)<\/li><li>Educaci\u00f3n y formaci\u00f3n<\/li><li>Aplicaciones especializadas, sensibles y de defensa<\/li><\/ul>\t\t\t\t\t\t\t\t<\/div>\n\t\t\t\t<\/div>\n\t\t\t\t\t<\/div>\n\t\t\t\t<\/div>\n\t\t<div class=\"elementor-element elementor-element-1055931 e-flex e-con-boxed e-con e-parent\" data-id=\"1055931\" data-element_type=\"container\" data-e-type=\"container\" data-settings=\"{&quot;background_background&quot;:&quot;classic&quot;}\">\n\t\t\t\t\t<div class=\"e-con-inner\">\n\t\t<div class=\"elementor-element elementor-element-8888596 e-con-full e-flex e-con e-child\" data-id=\"8888596\" data-element_type=\"container\" data-e-type=\"container\">\n\t\t\t\t<div class=\"elementor-element elementor-element-3021977 elementor-widget elementor-widget-heading\" data-id=\"3021977\" data-element_type=\"widget\" data-e-type=\"widget\" data-widget_type=\"heading.default\">\n\t\t\t\t\t<h2 class=\"elementor-heading-title elementor-size-default\">NUESTRO MOBILIARIO DE CLASE MUNDIAL<\/h2>\t\t\t\t<\/div>\n\t\t\t\t<div class=\"elementor-element elementor-element-3b0b0e8 elementor-widget elementor-widget-heading\" data-id=\"3b0b0e8\" data-element_type=\"widget\" data-e-type=\"widget\" data-widget_type=\"heading.default\">\n\t\t\t\t\t<span class=\"elementor-heading-title elementor-size-default\">Explora las ventajas de nuestras gamas modulares<\/span>\t\t\t\t<\/div>\n\t\t\t\t<\/div>\n\t\t<div class=\"elementor-element elementor-element-2f07151 e-con-full e-flex e-con e-child\" data-id=\"2f07151\" data-element_type=\"container\" data-e-type=\"container\">\n\t\t\t\t<div class=\"elementor-element elementor-element-ababcd0 elementor-align-center elementor-widget elementor-widget-button\" data-id=\"ababcd0\" data-element_type=\"widget\" data-e-type=\"widget\" data-widget_type=\"button.default\">\n\t\t\t\t\t\t\t\t\t\t<a class=\"elementor-button elementor-button-link elementor-size-sm\" href=\"https:\/\/dura.com\/es\/empresa\/productos\/\">\n\t\t\t\t\t\t<span class=\"elementor-button-content-wrapper\">\n\t\t\t\t\t\t\t\t\t<span class=\"elementor-button-text\">Saber m\u00e1s<\/span>\n\t\t\t\t\t<\/span>\n\t\t\t\t\t<\/a>\n\t\t\t\t\t\t\t\t<\/div>\n\t\t\t\t<\/div>\n\t\t\t\t\t<\/div>\n\t\t\t\t<\/div>\n\t\t<div class=\"elementor-element elementor-element-e8c5be9 e-flex e-con-boxed e-con e-parent\" data-id=\"e8c5be9\" data-element_type=\"container\" data-e-type=\"container\">\n\t\t\t\t\t<div class=\"e-con-inner\">\n\t\t\t\t<div class=\"elementor-element elementor-element-48c993c elementor-widget elementor-widget-heading\" data-id=\"48c993c\" data-element_type=\"widget\" data-e-type=\"widget\" data-widget_type=\"heading.default\">\n\t\t\t\t\t<h2 class=\"elementor-heading-title elementor-size-default\">Noticias<\/h2>\t\t\t\t<\/div>\n\t\t\t\t\t<\/div>\n\t\t\t\t<\/div>\n\t\t<div class=\"elementor-element elementor-element-74b152b e-flex e-con-boxed e-con e-parent\" data-id=\"74b152b\" data-element_type=\"container\" data-e-type=\"container\" data-settings=\"{&quot;background_background&quot;:&quot;classic&quot;}\">\n\t\t\t\t\t<div class=\"e-con-inner\">\n\t\t\t\t<div class=\"elementor-element elementor-element-63c5410 elementor-widget elementor-widget-heading\" data-id=\"63c5410\" data-element_type=\"widget\" data-e-type=\"widget\" data-widget_type=\"heading.default\">\n\t\t\t\t\t<h2 class=\"elementor-heading-title elementor-size-default\">Descubre m\u00e1s<\/h2>\t\t\t\t<\/div>\n\t\t\t\t<div class=\"elementor-element elementor-element-74e584d elementor-widget elementor-widget-heading\" data-id=\"74e584d\" data-element_type=\"widget\" data-e-type=\"widget\" data-widget_type=\"heading.default\">\n\t\t\t\t\t<span class=\"elementor-heading-title elementor-size-default\">Habla con nuestro equipo para obtener m\u00e1s informaci\u00f3n sobre nuestro mobiliario y servicios para talleres<\/span>\t\t\t\t<\/div>\n\t\t\t\t<div class=\"elementor-element elementor-element-9f238d2 elementor-align-center elementor-widget elementor-widget-button\" data-id=\"9f238d2\" data-element_type=\"widget\" data-e-type=\"widget\" data-widget_type=\"button.default\">\n\t\t\t\t\t\t\t\t\t\t<a class=\"elementor-button elementor-button-link elementor-size-sm\" href=\"https:\/\/dura.com\/es\/empresa\/contactenos\/\">\n\t\t\t\t\t\t<span class=\"elementor-button-content-wrapper\">\n\t\t\t\t\t\t\t\t\t<span class=\"elementor-button-text\">Ponte en contacto<\/span>\n\t\t\t\t\t<\/span>\n\t\t\t\t\t<\/a>\n\t\t\t\t\t\t\t\t<\/div>\n\t\t\t\t\t<\/div>\n\t\t\t\t<\/div>\n\t\t\t\t<\/div>\n\t\t","protected":false},"excerpt":{"rendered":"<p>PIONEROS MUNDIALES EN MOBILIARIO MODULAR INTEGRADO PARA TALLERES Mobiliario modular para talleres de clase mundial, dise\u00f1ado para maximizar la eficiencia, la organizaci\u00f3n y el flujo de trabajo de tu negocio. Con Dura, puedes crear el Centro de Excelencia que tus clientes esperan. Dise\u00f1ado, con ingenier\u00eda de precisi\u00f3n y fabricado por expertos en el Reino Unido, [&hellip;]<\/p>\n","protected":false},"author":1,"featured_media":0,"parent":0,"menu_order":0,"comment_status":"closed","ping_status":"closed","template":"","meta":{"_acf_changed":false,"footnotes":""},"class_list":["post-7858","page","type-page","status-publish","hentry"],"acf":[],"_links":{"self":[{"href":"https:\/\/dura.com\/es\/wp-json\/wp\/v2\/pages\/7858","targetHints":{"allow":["GET"]}}],"collection":[{"href":"https:\/\/dura.com\/es\/wp-json\/wp\/v2\/pages"}],"about":[{"href":"https:\/\/dura.com\/es\/wp-json\/wp\/v2\/types\/page"}],"author":[{"embeddable":true,"href":"https:\/\/dura.com\/es\/wp-json\/wp\/v2\/users\/1"}],"replies":[{"embeddable":true,"href":"https:\/\/dura.com\/es\/wp-json\/wp\/v2\/comments?post=7858"}],"version-history":[{"count":0,"href":"https:\/\/dura.com\/es\/wp-json\/wp\/v2\/pages\/7858\/revisions"}],"wp:attachment":[{"href":"https:\/\/dura.com\/es\/wp-json\/wp\/v2\/media?parent=7858"}],"curies":[{"name":"wp","href":"https:\/\/api.w.org\/{rel}","templated":true}]}}