{"id":7915,"date":"2025-09-04T07:18:36","date_gmt":"2025-09-04T07:18:36","guid":{"rendered":"https:\/\/dura.com\/geschaeftskunden\/produkte\/"},"modified":"2026-04-21T05:48:59","modified_gmt":"2026-04-21T05:48:59","slug":"produkte","status":"publish","type":"page","link":"https:\/\/dura.com\/de\/geschaeftskunden\/produkte\/","title":{"rendered":"Produkte"},"content":{"rendered":"\t\t<div data-elementor-type=\"wp-page\" data-elementor-id=\"7915\" class=\"elementor elementor-7915 elementor-1623\" data-elementor-post-type=\"page\">\n\t\t\t\t<div class=\"elementor-element elementor-element-c1d019b e-flex e-con-boxed e-con e-parent\" data-id=\"c1d019b\" data-element_type=\"container\" data-e-type=\"container\">\n\t\t\t\t\t<div class=\"e-con-inner\">\n\t\t\t\t<div class=\"elementor-element elementor-element-ca963f9 elementor-widget elementor-widget-heading\" data-id=\"ca963f9\" data-element_type=\"widget\" data-e-type=\"widget\" data-widget_type=\"heading.default\">\n\t\t\t\t\t<h2 class=\"elementor-heading-title elementor-size-default\">PROFESSIONALISIEREN SIE IHREN ARBEITSBEREICH<\/h2>\t\t\t\t<\/div>\n\t\t\t\t<div class=\"elementor-element elementor-element-1226ec3 elementor-widget elementor-widget-text-editor\" data-id=\"1226ec3\" data-element_type=\"widget\" data-e-type=\"widget\" data-widget_type=\"text-editor.default\">\n\t\t\t\t\t\t\t\t\t<p>Von den einfachsten Lageranforderungen bis hin zu einer Flaggschiff-Werkstatt mit mehreren Lagerpl\u00e4tzen verf\u00fcgt Dura \u00fcber das n\u00f6tige Fachwissen und die passenden Systeme.<\/p><p>Eine professionell gestaltete L\u00f6sung, die genau Ihren Anforderungen entspricht und auf Langlebigkeit ausgelegt ist, wird sich f\u00fcr Ihr Unternehmen auszahlen. Unsere Schr\u00e4nke wurden in zwei verschiedenen Sortimenten entwickelt, um den unterschiedlichen Anforderungen verschiedener Industriezweige gerecht zu werden. Sowohl die 400er- als auch die 600er-Serie werden nach den gleichen hohen Standards hergestellt, die Dura zum bevorzugten M\u00f6belst\u00fcck so vieler globaler Marken gemacht haben.  <\/p>\t\t\t\t\t\t\t\t<\/div>\n\t\t\t\t\t<\/div>\n\t\t\t\t<\/div>\n\t\t<div class=\"elementor-element elementor-element-1c46b33 e-flex e-con-boxed e-con e-parent\" data-id=\"1c46b33\" data-element_type=\"container\" data-e-type=\"container\">\n\t\t\t\t\t<div class=\"e-con-inner\">\n\t\t<div class=\"make-column-clickable-elementor elementor-element elementor-element-8e9d662 e-con-full hoverbox-1 e-flex e-con e-child\" style=\"cursor: pointer;\" data-column-clickable=\"https:\/\/dura.com\/business\/400-series\/\" data-column-clickable-blank=\"_self\" data-id=\"8e9d662\" data-element_type=\"container\" data-e-type=\"container\">\n\t\t\t\t<div class=\"elementor-element elementor-element-adf380c hvr-img elementor-widget elementor-widget-image\" data-id=\"adf380c\" data-element_type=\"widget\" data-e-type=\"widget\" data-widget_type=\"image.default\">\n\t\t\t\t\t\t\t\t\t\t\t\t\t\t\t<img fetchpriority=\"high\" decoding=\"async\" width=\"1920\" height=\"1080\" src=\"https:\/\/dura.com\/wp-content\/uploads\/2025\/09\/B-product-400.jpg\" class=\"attachment-full size-full wp-image-7911\" alt=\"\" srcset=\"https:\/\/dura.com\/wp-content\/uploads\/2025\/09\/B-product-400.jpg 1920w, https:\/\/dura.com\/wp-content\/uploads\/2025\/09\/B-product-400-300x169.jpg 300w, https:\/\/dura.com\/wp-content\/uploads\/2025\/09\/B-product-400-1024x576.jpg 1024w, https:\/\/dura.com\/wp-content\/uploads\/2025\/09\/B-product-400-768x432.jpg 768w, https:\/\/dura.com\/wp-content\/uploads\/2025\/09\/B-product-400-1536x864.jpg 1536w, https:\/\/dura.com\/wp-content\/uploads\/2025\/09\/B-product-400-600x338.jpg 600w, https:\/\/dura.com\/wp-content\/uploads\/2025\/09\/B-product-400-64x36.jpg 64w\" sizes=\"(max-width: 1920px) 100vw, 1920px\" \/>\t\t\t\t\t\t\t\t\t\t\t\t\t\t\t<\/div>\n\t\t<div class=\"make-column-clickable-elementor elementor-element elementor-element-6c7186e e-con-full hoverbox-inner1 e-flex e-con e-child\" style=\"cursor: pointer;\" data-column-clickable=\"https:\/\/dura.com\/de\/geschaeftskunden\/produkte\/400er-serie\/\" data-column-clickable-blank=\"_self\" data-id=\"6c7186e\" data-element_type=\"container\" data-e-type=\"container\" data-settings=\"{&quot;background_background&quot;:&quot;classic&quot;}\">\n\t\t\t\t<div class=\"elementor-element elementor-element-78306d8 elementor-widget elementor-widget-image\" data-id=\"78306d8\" data-element_type=\"widget\" data-e-type=\"widget\" data-widget_type=\"image.default\">\n\t\t\t\t\t\t\t\t\t\t\t\t\t\t\t\t<a href=\"https:\/\/dura.com\/de\/geschaeftskunden\/produkte\/400er-serie\/\">\n\t\t\t\t\t\t\t<img decoding=\"async\" width=\"654\" height=\"65\" src=\"https:\/\/dura.com\/wp-content\/uploads\/2025\/08\/400series.webp\" class=\"attachment-large size-large wp-image-7912\" alt=\"\" srcset=\"https:\/\/dura.com\/wp-content\/uploads\/2025\/08\/400series.webp 654w, https:\/\/dura.com\/wp-content\/uploads\/2025\/08\/400series-300x30.webp 300w, https:\/\/dura.com\/wp-content\/uploads\/2025\/08\/400series-600x60.webp 600w\" sizes=\"(max-width: 654px) 100vw, 654px\" \/>\t\t\t\t\t\t\t\t<\/a>\n\t\t\t\t\t\t\t\t\t\t\t\t\t\t\t<\/div>\n\t\t\t\t<div class=\"elementor-element elementor-element-a1e4a89 elementor-widget elementor-widget-heading\" data-id=\"a1e4a89\" data-element_type=\"widget\" data-e-type=\"widget\" data-widget_type=\"heading.default\">\n\t\t\t\t\t<p class=\"elementor-heading-title elementor-size-default\"><a href=\"https:\/\/dura.com\/de\/geschaeftskunden\/produkte\/400er-serie\/\">Ein vereinfachter, logischer Ansatz f\u00fcr Arbeitsplatzm\u00f6bel<\/a><\/p>\t\t\t\t<\/div>\n\t\t\t\t<div class=\"elementor-element elementor-element-8421d1e elementor-widget elementor-widget-text-editor\" data-id=\"8421d1e\" data-element_type=\"widget\" data-e-type=\"widget\" data-widget_type=\"text-editor.default\">\n\t\t\t\t\t\t\t\t\t<p>Die 400er-Serie soll nicht mit den Billigmarken konkurrieren, die hochwertige Materialien und Komponenten verwenden, die ihrem Preis entsprechen, sondern eine \u201ewertvolle Alternative\u201c zur Flaggschiff-600er-Serie mit der gleichen hohen Verarbeitungs- und Komponentenqualit\u00e4t in einem vereinfachten System darstellen . Die auf Einfachheit ausgelegte 400er-Serie bietet weniger Optionen, daf\u00fcr aber die beliebtesten Optionen und die besten Eigenschaften der Dura-Produkte. Die Planung ist einfach und die Selbstinstallation ist bei Bedarf problemlos m\u00f6glich. Perfekt f\u00fcr Anwendungen, die eine weniger technisch komplexe oder ma\u00dfgeschneiderte L\u00f6sung erfordern, bei denen jedoch Produktqualit\u00e4t und Langlebigkeit dennoch im Vordergrund stehen.<\/p>\t\t\t\t\t\t\t\t<\/div>\n\t\t\t\t<div class=\"elementor-element elementor-element-8824c67 elementor-view-stacked elementor-shape-circle elementor-widget elementor-widget-icon\" data-id=\"8824c67\" data-element_type=\"widget\" data-e-type=\"widget\" data-widget_type=\"icon.default\">\n\t\t\t\t\t\t\t<div class=\"elementor-icon-wrapper\">\n\t\t\t<a class=\"elementor-icon\" href=\"https:\/\/dura.com\/de\/geschaeftskunden\/produkte\/400er-serie\/\">\n\t\t\t<svg aria-hidden=\"true\" class=\"e-font-icon-svg e-fas-chevron-right\" viewBox=\"0 0 320 512\" xmlns=\"http:\/\/www.w3.org\/2000\/svg\"><path d=\"M285.476 272.971L91.132 467.314c-9.373 9.373-24.569 9.373-33.941 0l-22.667-22.667c-9.357-9.357-9.375-24.522-.04-33.901L188.505 256 34.484 101.255c-9.335-9.379-9.317-24.544.04-33.901l22.667-22.667c9.373-9.373 24.569-9.373 33.941 0L285.475 239.03c9.373 9.372 9.373 24.568.001 33.941z\"><\/path><\/svg>\t\t\t<\/a>\n\t\t<\/div>\n\t\t\t\t\t\t<\/div>\n\t\t\t\t<\/div>\n\t\t\t\t<\/div>\n\t\t<div class=\"make-column-clickable-elementor elementor-element elementor-element-caa6795 e-con-full hoverbox-2 e-flex e-con e-child\" style=\"cursor: pointer;\" data-column-clickable=\"https:\/\/dura.com\/business\/600-series\/\" data-column-clickable-blank=\"_self\" data-id=\"caa6795\" data-element_type=\"container\" data-e-type=\"container\">\n\t\t\t\t<div class=\"elementor-element elementor-element-057cd1a hvr-img elementor-widget elementor-widget-image\" data-id=\"057cd1a\" data-element_type=\"widget\" data-e-type=\"widget\" data-widget_type=\"image.default\">\n\t\t\t\t\t\t\t\t\t\t\t\t\t\t\t<img decoding=\"async\" width=\"1920\" height=\"1080\" src=\"https:\/\/dura.com\/wp-content\/uploads\/2025\/09\/B-product-600.jpg\" class=\"attachment-full size-full wp-image-7913\" alt=\"\" srcset=\"https:\/\/dura.com\/wp-content\/uploads\/2025\/09\/B-product-600.jpg 1920w, https:\/\/dura.com\/wp-content\/uploads\/2025\/09\/B-product-600-300x169.jpg 300w, https:\/\/dura.com\/wp-content\/uploads\/2025\/09\/B-product-600-1024x576.jpg 1024w, https:\/\/dura.com\/wp-content\/uploads\/2025\/09\/B-product-600-768x432.jpg 768w, https:\/\/dura.com\/wp-content\/uploads\/2025\/09\/B-product-600-1536x864.jpg 1536w, https:\/\/dura.com\/wp-content\/uploads\/2025\/09\/B-product-600-600x338.jpg 600w, https:\/\/dura.com\/wp-content\/uploads\/2025\/09\/B-product-600-64x36.jpg 64w\" sizes=\"(max-width: 1920px) 100vw, 1920px\" \/>\t\t\t\t\t\t\t\t\t\t\t\t\t\t\t<\/div>\n\t\t<div class=\"make-column-clickable-elementor elementor-element elementor-element-00aaa19 e-con-full hoverbox-inner2 e-flex e-con e-child\" style=\"cursor: pointer;\" data-column-clickable=\"https:\/\/dura.com\/de\/geschaeftskunden\/produkte\/600-serie\/\" data-column-clickable-blank=\"_self\" data-id=\"00aaa19\" data-element_type=\"container\" data-e-type=\"container\" data-settings=\"{&quot;background_background&quot;:&quot;classic&quot;}\">\n\t\t\t\t<div class=\"elementor-element elementor-element-0910941 elementor-widget elementor-widget-image\" data-id=\"0910941\" data-element_type=\"widget\" data-e-type=\"widget\" data-widget_type=\"image.default\">\n\t\t\t\t\t\t\t\t\t\t\t\t\t\t\t<img loading=\"lazy\" decoding=\"async\" width=\"656\" height=\"65\" src=\"https:\/\/dura.com\/wp-content\/uploads\/2025\/08\/600series.webp\" class=\"attachment-large size-large wp-image-7914\" alt=\"\" srcset=\"https:\/\/dura.com\/wp-content\/uploads\/2025\/08\/600series.webp 656w, https:\/\/dura.com\/wp-content\/uploads\/2025\/08\/600series-300x30.webp 300w, https:\/\/dura.com\/wp-content\/uploads\/2025\/08\/600series-600x59.webp 600w\" sizes=\"(max-width: 656px) 100vw, 656px\" \/>\t\t\t\t\t\t\t\t\t\t\t\t\t\t\t<\/div>\n\t\t\t\t<div class=\"elementor-element elementor-element-c61a3d9 elementor-widget elementor-widget-heading\" data-id=\"c61a3d9\" data-element_type=\"widget\" data-e-type=\"widget\" data-widget_type=\"heading.default\">\n\t\t\t\t\t<p class=\"elementor-heading-title elementor-size-default\"><a href=\"https:\/\/dura.com\/de\/geschaeftskunden\/produkte\/600-serie\/\">Die Premiuml\u00f6sung f\u00fcr ultimative Designflexibilit\u00e4t<\/a><\/p>\t\t\t\t<\/div>\n\t\t\t\t<div class=\"elementor-element elementor-element-4c5c2f0 elementor-widget elementor-widget-text-editor\" data-id=\"4c5c2f0\" data-element_type=\"widget\" data-e-type=\"widget\" data-widget_type=\"text-editor.default\">\n\t\t\t\t\t\t\t\t\t<p>Als unser urspr\u00fcngliches, preisgekr\u00f6ntes Sortiment hat sich die 600er-Serie seit \u00fcber 25 Jahren in den anspruchsvollsten Umgebungen bew\u00e4hrt. Vielf\u00e4ltig und umfangreich bietet dieses modulare System unbegrenzte Auswahl f\u00fcr eine passgenaue L\u00f6sung, die jede Einrichtung nahtlos integriert. Unterst\u00fctzt durch unser \u00e4u\u00dferst erfahrenes Design- und Planungsteam ist dies das ultimative M\u00f6belsystem und die Wahl derjenigen, die entschlossen sind, in ihrer Arbeitsumgebung h\u00f6chste professionelle Standards zu setzen.<\/p>\t\t\t\t\t\t\t\t<\/div>\n\t\t\t\t<div class=\"elementor-element elementor-element-6d1c95c elementor-view-stacked elementor-shape-circle elementor-widget elementor-widget-icon\" data-id=\"6d1c95c\" data-element_type=\"widget\" data-e-type=\"widget\" data-widget_type=\"icon.default\">\n\t\t\t\t\t\t\t<div class=\"elementor-icon-wrapper\">\n\t\t\t<a class=\"elementor-icon\" href=\"https:\/\/dura.com\/de\/geschaeftskunden\/produkte\/600-serie\/\">\n\t\t\t<svg aria-hidden=\"true\" class=\"e-font-icon-svg e-fas-chevron-right\" viewBox=\"0 0 320 512\" xmlns=\"http:\/\/www.w3.org\/2000\/svg\"><path d=\"M285.476 272.971L91.132 467.314c-9.373 9.373-24.569 9.373-33.941 0l-22.667-22.667c-9.357-9.357-9.375-24.522-.04-33.901L188.505 256 34.484 101.255c-9.335-9.379-9.317-24.544.04-33.901l22.667-22.667c9.373-9.373 24.569-9.373 33.941 0L285.475 239.03c9.373 9.372 9.373 24.568.001 33.941z\"><\/path><\/svg>\t\t\t<\/a>\n\t\t<\/div>\n\t\t\t\t\t\t<\/div>\n\t\t\t\t<\/div>\n\t\t\t\t<\/div>\n\t\t\t\t\t<\/div>\n\t\t\t\t<\/div>\n\t\t<div class=\"elementor-element elementor-element-585bc79 e-flex e-con-boxed e-con e-parent\" data-id=\"585bc79\" data-element_type=\"container\" data-e-type=\"container\">\n\t\t\t\t\t<div class=\"e-con-inner\">\n\t\t\t\t<div class=\"elementor-element elementor-element-2f5c12d elementor-widget elementor-widget-heading\" data-id=\"2f5c12d\" data-element_type=\"widget\" data-e-type=\"widget\" data-widget_type=\"heading.default\">\n\t\t\t\t\t<h2 class=\"elementor-heading-title elementor-size-default\">VERGLEICH DER BEREICHE<\/h2>\t\t\t\t<\/div>\n\t\t\t\t<div class=\"elementor-element elementor-element-cd270a4 elementor-widget elementor-widget-html\" data-id=\"cd270a4\" data-element_type=\"widget\" data-e-type=\"widget\" data-widget_type=\"html.default\">\n\t\t\t\t\t\r\n<div class=\"responsive-table\">\r\n\r\n\r\n<table role=\"table\" class=\"table-el\">\r\n<tbody role=\"rowgroup\"><tr role=\"row\">\r\n<th role=\"columnheader\"><\/th>\r\n<th role=\"columnheader\" class=\"h4\">400er-Serie<\/th>\r\n<th role=\"columnheader\" class=\"h4\">600er-Serie<\/th>\r\n\r\n<\/tr>\r\n<tr role=\"row\">\r\n<td role=\"cell\">Schranksortiment<\/td>\r\n<td data-cell=\"400 series\" role=\"cell\">Mittel<\/td>\r\n<td data-cell=\"600 series\" role=\"cell\">Umfangreich<\/td>\r\n\r\n<\/tr>\r\n<tr class=\"thick-underline\" role=\"row\">\r\n<td role=\"cell\">Specialised (Fl\u00fcssigkeit, Diagnose usw.)<\/td>\r\n<td data-cell=\"400 series\" role=\"cell\">-<\/td>\r\n<td data-cell=\"600 series\" role=\"cell\">Ja<\/td>\r\n\r\n<\/tr>\r\n<tr role=\"row\">\r\n<td role=\"cell\">Standard-Schubladenkapazit\u00e4t<\/td>\r\n<td data-cell=\"400 series\" role=\"cell\">60kg<\/td>\r\n<td data-cell=\"600 series\" role=\"cell\">75kg - 200kg<\/td>\r\n\r\n<\/tr>\r\n<tr role=\"row\">\r\n<td role=\"cell\">Mindeststahldicke f\u00fcr Schr\u00e4nke<\/td>\r\n<td data-cell=\"400 series\" role=\"cell\">0.9mm<\/td>\r\n<td data-cell=\"600 series\" role=\"cell\">1.2mm<\/td>\r\n\r\n<\/tr>\r\n<tr class=\"thick-underline\" role=\"row\">\r\n<td role=\"cell\">Soft-Close-Funktion der Schublad<\/td>\r\n<td data-cell=\"400 series\" role=\"cell\">Tailliert<\/td>\r\n<td data-cell=\"600 series\" role=\"cell\">Auf Bestellung<\/td>\r\n<\/tr>\r\n\r\n<tr role=\"row\">\r\n<td role=\"cell\">Schl\u00f6sser \u2013 Basiseinheiten<\/td>\r\n<td data-cell=\"400 series\" role=\"cell\">Ja<\/td>\r\n<td data-cell=\"600 series\" role=\"cell\">Ja<\/td>\r\n<\/tr>\r\n\r\n<tr role=\"row\">\r\n<td role=\"cell\">Schl\u00f6sser \u2013 Wandschr\u00e4nke<\/td>\r\n<td data-cell=\"400 series\" role=\"cell\">-<\/td>\r\n<td data-cell=\"600 series\" role=\"cell\">Ja<\/td>\r\n<\/tr>\r\n\r\n<tr role=\"row\">\r\n<td role=\"cell\">Einstellbare Nivellierung<\/td>\r\n<td data-cell=\"400 series\" role=\"cell\">Ja<\/td>\r\n<td data-cell=\"600 series\" role=\"cell\">Ja<\/td>\r\n<\/tr>\r\n\r\n\r\n<tr role=\"row\">\r\n<td role=\"cell\">Farboptionen<\/td>\r\n<td data-cell=\"400 series\" role=\"cell\">Anthrazitgrau<\/td>\r\n<td data-cell=\"600 series\" role=\"cell\">Auf Bestellung<\/td>\r\n<\/tr>\r\n\r\n<tr role=\"row\">\r\n<td role=\"cell\">Online-Kaufoption<\/td>\r\n<td data-cell=\"400 series\" role=\"cell\">Ja<\/td>\r\n<td data-cell=\"600 series\" role=\"cell\">-<\/td>\r\n<\/tr>\r\n\r\n<tr role=\"row\">\r\n<td role=\"cell\">Design- und Planungsservice<\/td>\r\n<td data-cell=\"400 series\" role=\"cell\">-<\/td>\r\n<td data-cell=\"600 series\" role=\"cell\">Ja<\/td>\r\n<\/tr>\r\n\r\n\r\n<tr role=\"row\">\r\n<td role=\"cell\"><\/td>\r\n<td data-cell=\"400 series\" role=\"cell\">\r\n<a href=\"\/de\/geschaeftskunden\/produkte\/400er-serie\/\" class=\"t-cta\">Mehr zur 400er-Serie<\/a>\r\n\r\n<\/td>\r\n<td data-cell=\"600 series\" role=\"cell\">\r\n<a href=\"\/de\/geschaeftskunden\/produkte\/600-serie\/\" class=\"t-cta\">Mehr zur 600er-Serie<\/a>\r\n\r\n<\/td>\r\n<\/tr>\r\n\r\n\r\n\r\n<\/tbody><\/table>\r\n<\/div>\r\n\r\n\r\n\r\n\r\n<script>\r\nfunction AddTableARIA() {\r\ntry {\r\nvar allTables = document.querySelectorAll('table');\r\nfor (var i = 0; i < allTables.length; i++) {\r\nallTables[i].setAttribute('role','table');\r\n}\r\nvar allCaptions = document.querySelectorAll('caption');\r\nfor (var i = 0; i < allCaptions.length; i++) {\r\nallCaptions[i].setAttribute('role','caption');\r\n}\r\nvar allRowGroups = document.querySelectorAll('thead, tbody, tfoot');\r\nfor (var i = 0; i < allRowGroups.length; i++) {\r\nallRowGroups[i].setAttribute('role','rowgroup');\r\n}\r\nvar allRows = document.querySelectorAll('tr');\r\nfor (var i = 0; i < allRows.length; i++) {\r\nallRows[i].setAttribute('role','row');\r\n}\r\nvar allCells = document.querySelectorAll('td');\r\nfor (var i = 0; i < allCells.length; i++) {\r\nallCells[i].setAttribute('role','cell');\r\n}\r\nvar allHeaders = document.querySelectorAll('th');\r\nfor (var i = 0; i < allHeaders.length; i++) {\r\nallHeaders[i].setAttribute('role','columnheader');\r\n}\r\n\/\/ this accounts for scoped row headers\r\nvar allRowHeaders = document.querySelectorAll('th[scope=row]');\r\nfor (var i = 0; i < allRowHeaders.length; i++) {\r\nallRowHeaders[i].setAttribute('role','rowheader');\r\n}\r\n} catch (e) {\r\nconsole.log(\"AddTableARIA(): \" + e);\r\n}\r\n}\r\n\r\nAddTableARIA();\r\n\r\n\r\n\r\n\r\n<\/script>\t\t\t\t<\/div>\n\t\t\t\t\t<\/div>\n\t\t\t\t<\/div>\n\t\t<div class=\"elementor-element elementor-element-22def52 e-flex e-con-boxed e-con e-parent\" data-id=\"22def52\" data-element_type=\"container\" data-e-type=\"container\" data-settings=\"{&quot;background_background&quot;:&quot;classic&quot;}\">\n\t\t\t\t\t<div class=\"e-con-inner\">\n\t\t\t\t<div class=\"elementor-element elementor-element-7804149 elementor-widget elementor-widget-heading\" data-id=\"7804149\" data-element_type=\"widget\" data-e-type=\"widget\" data-widget_type=\"heading.default\">\n\t\t\t\t\t<h2 class=\"elementor-heading-title elementor-size-default\">Mehr entdecken<\/h2>\t\t\t\t<\/div>\n\t\t\t\t<div class=\"elementor-element elementor-element-67f71a7 elementor-widget elementor-widget-heading\" data-id=\"67f71a7\" data-element_type=\"widget\" data-e-type=\"widget\" data-widget_type=\"heading.default\">\n\t\t\t\t\t<span class=\"elementor-heading-title elementor-size-default\">Sprechen Sie mit unserem Team f\u00fcr weitere Informationen \u00fcber unsere Werkstatteinrichtungen und Dienstleistungen<\/span>\t\t\t\t<\/div>\n\t\t\t\t<div class=\"elementor-element elementor-element-ef705be elementor-align-center elementor-widget elementor-widget-button\" data-id=\"ef705be\" data-element_type=\"widget\" data-e-type=\"widget\" data-widget_type=\"button.default\">\n\t\t\t\t\t\t\t\t\t\t<a class=\"elementor-button elementor-button-link elementor-size-sm\" href=\"https:\/\/dura.com\/de\/geschaeftskunden\/kontakt\/\">\n\t\t\t\t\t\t<span class=\"elementor-button-content-wrapper\">\n\t\t\t\t\t\t\t\t\t<span class=\"elementor-button-text\">Nehmen Sie Kontakt auf<\/span>\n\t\t\t\t\t<\/span>\n\t\t\t\t\t<\/a>\n\t\t\t\t\t\t\t\t<\/div>\n\t\t\t\t\t<\/div>\n\t\t\t\t<\/div>\n\t\t\t\t<\/div>\n\t\t","protected":false},"excerpt":{"rendered":"<p>PROFESSIONALISIEREN SIE IHREN ARBEITSBEREICH Von den einfachsten Lageranforderungen bis hin zu einer Flaggschiff-Werkstatt mit mehreren Lagerpl\u00e4tzen verf\u00fcgt Dura \u00fcber das n\u00f6tige Fachwissen und die passenden Systeme. Eine professionell gestaltete L\u00f6sung, die genau Ihren Anforderungen entspricht und auf Langlebigkeit ausgelegt ist, wird sich f\u00fcr Ihr Unternehmen auszahlen. Unsere Schr\u00e4nke wurden in zwei verschiedenen Sortimenten entwickelt, um [&hellip;]<\/p>\n","protected":false},"author":1,"featured_media":0,"parent":7862,"menu_order":0,"comment_status":"closed","ping_status":"closed","template":"","meta":{"_acf_changed":false,"footnotes":""},"class_list":["post-7915","page","type-page","status-publish","hentry"],"acf":[],"_links":{"self":[{"href":"https:\/\/dura.com\/de\/wp-json\/wp\/v2\/pages\/7915","targetHints":{"allow":["GET"]}}],"collection":[{"href":"https:\/\/dura.com\/de\/wp-json\/wp\/v2\/pages"}],"about":[{"href":"https:\/\/dura.com\/de\/wp-json\/wp\/v2\/types\/page"}],"author":[{"embeddable":true,"href":"https:\/\/dura.com\/de\/wp-json\/wp\/v2\/users\/1"}],"replies":[{"embeddable":true,"href":"https:\/\/dura.com\/de\/wp-json\/wp\/v2\/comments?post=7915"}],"version-history":[{"count":0,"href":"https:\/\/dura.com\/de\/wp-json\/wp\/v2\/pages\/7915\/revisions"}],"up":[{"embeddable":true,"href":"https:\/\/dura.com\/de\/wp-json\/wp\/v2\/pages\/7862"}],"wp:attachment":[{"href":"https:\/\/dura.com\/de\/wp-json\/wp\/v2\/media?parent=7915"}],"curies":[{"name":"wp","href":"https:\/\/api.w.org\/{rel}","templated":true}]}}