{"id":7862,"date":"2025-09-01T05:06:48","date_gmt":"2025-09-01T05:06:48","guid":{"rendered":"https:\/\/duramain.wpenginepowered.com\/geschaeftskunden\/"},"modified":"2026-04-20T11:53:42","modified_gmt":"2026-04-20T11:53:42","slug":"geschaeftskunden","status":"publish","type":"page","link":"https:\/\/dura.com\/de\/geschaeftskunden\/","title":{"rendered":"Gesch\u00e4ftskunden"},"content":{"rendered":"\t\t<div data-elementor-type=\"wp-page\" data-elementor-id=\"7862\" class=\"elementor elementor-7862 elementor-972\" data-elementor-post-type=\"page\">\n\t\t\t\t<div class=\"elementor-element elementor-element-525e66e e-flex e-con-boxed e-con e-parent\" data-id=\"525e66e\" data-element_type=\"container\" data-e-type=\"container\" data-settings=\"{&quot;background_background&quot;:&quot;classic&quot;}\">\n\t\t\t\t\t<div class=\"e-con-inner\">\n\t\t\t\t\t<\/div>\n\t\t\t\t<\/div>\n\t\t<div class=\"elementor-element elementor-element-9703998 e-flex e-con-boxed e-con e-parent\" data-id=\"9703998\" data-element_type=\"container\" data-e-type=\"container\">\n\t\t\t\t\t<div class=\"e-con-inner\">\n\t\t\t\t<div class=\"elementor-element elementor-element-67e0a65 elementor-widget elementor-widget-heading\" data-id=\"67e0a65\" data-element_type=\"widget\" data-e-type=\"widget\" data-widget_type=\"heading.default\">\n\t\t\t\t\t<h2 class=\"elementor-heading-title elementor-size-default\">WELTWEITE PIONIERE F\u00dcR<br>INTEGRIERTE MODULARE WERKSTATTEINRICHTUNGEN<\/h2>\t\t\t\t<\/div>\n\t\t\t\t<div class=\"elementor-element elementor-element-41c4c53 elementor-widget elementor-widget-heading\" data-id=\"41c4c53\" data-element_type=\"widget\" data-e-type=\"widget\" data-widget_type=\"heading.default\">\n\t\t\t\t\t<span class=\"elementor-heading-title elementor-size-default\">Modulare Werkstatteinrichtungen von Weltklasse, entwickelt zur Maximierung der Effizienz, Organisation und Arbeitsabl\u00e4ufe Ihres Unternehmens. Mit Dura schaffen Sie das Kompetenzzentrum, das Ihre Kunden erwarten. <\/span>\t\t\t\t<\/div>\n\t\t\t\t<div class=\"elementor-element elementor-element-35edb98 elementor-widget elementor-widget-text-editor\" data-id=\"35edb98\" data-element_type=\"widget\" data-e-type=\"widget\" data-widget_type=\"text-editor.default\">\n\t\t\t\t\t\t\t\t\t<p>Unsere in Gro\u00dfbritannien entwickelten, pr\u00e4zisionsgefertigten und fachgerecht hergestellten Werkstatteinrichtungen werden nach h\u00f6chsten Standards gefertigt und gew\u00e4hrleisten Langlebigkeit sowie nahtlose Integration in Ihren Arbeitsbereich.<\/p><p>Ihre Werkstatt ist das R\u00fcckgrat Ihres Unternehmens und beeinflusst direkt Produktivit\u00e4t, Rentabilit\u00e4t und Kundenzufriedenheit. Deshalb ist es entscheidend, die Planung von Anfang an richtig umzusetzen. Als urspr\u00fcnglicher Innovator integrierter Werkstatteinrichtungen bringt Dura jahrzehntelange Expertise bei der Bereitstellung flexibler, skalierbarer und designorientierter L\u00f6sungen mit, die auf Ihre Branche zugeschnitten sind.  <\/p><p>Ob Sie eine neue Anlage einrichten, ein bestehendes Servicecenter erweitern oder einen bestehenden Arbeitsbereich komplett umgestalten \u2013 unsere Planungsexperten entwickeln einen leistungsstarken Arbeitsbereich, der sowohl die Effizienz der Techniker als auch die Unternehmensleistung steigert. Mit unserer eigenen hochmodernen Produktionsst\u00e4tte in Gro\u00dfbritannien bietet Dura preisgekr\u00f6nte Schranksysteme und modulare Werkstattl\u00f6sungen, wobei jedes St\u00fcck auf Bestellung gefertigt wird, um sicherzustellen, dass jedes Detail Ihren exakten Anforderungen entspricht. Von robuster Werkzeugaufbewahrung und Werkb\u00e4nken bis hin zu vollst\u00e4ndig integrierten Spezialwerkst\u00e4tten \u2013 unsere ma\u00dfgeschneiderten L\u00f6sungen bringen Pr\u00e4zision, Produktivit\u00e4t und Professionalit\u00e4t in Ihr Unternehmen.  <\/p>\t\t\t\t\t\t\t\t<\/div>\n\t\t\t\t\t<\/div>\n\t\t\t\t<\/div>\n\t\t<div class=\"elementor-element elementor-element-35afecd e-flex e-con-boxed e-con e-parent\" data-id=\"35afecd\" data-element_type=\"container\" data-e-type=\"container\">\n\t\t\t\t\t<div class=\"e-con-inner\">\n\t\t\t\t<div class=\"elementor-element elementor-element-87651f3 elementor-widget elementor-widget-heading\" data-id=\"87651f3\" data-element_type=\"widget\" data-e-type=\"widget\" data-widget_type=\"heading.default\">\n\t\t\t\t\t<h2 class=\"elementor-heading-title elementor-size-default\">WARUM DURA W\u00c4HLEN?<\/h2>\t\t\t\t<\/div>\n\t\t\t\t<div class=\"elementor-element elementor-element-f085b6b elementor-widget elementor-widget-text-editor\" data-id=\"f085b6b\" data-element_type=\"widget\" data-e-type=\"widget\" data-widget_type=\"text-editor.default\">\n\t\t\t\t\t\t\t\t\t<ul><li>Effizienz steigern und Leistung maximieren f\u00fcr h\u00f6here Rentabilit\u00e4t<\/li><li>Kundenvertrauen durch eine elegante, professionelle Werkstatt st\u00e4rken<\/li><li>Sicherere, sauberere Arbeitsumgebungen f\u00fcr Mitarbeiter<\/li><li>Qualifizierte Techniker durch einen optimierten Arbeitsbereich gewinnen und halten<\/li><\/ul>\t\t\t\t\t\t\t\t<\/div>\n\t\t\t\t<div class=\"elementor-element elementor-element-e96bc26 elementor-widget elementor-widget-image\" data-id=\"e96bc26\" data-element_type=\"widget\" data-e-type=\"widget\" data-widget_type=\"image.default\">\n\t\t\t\t\t\t\t\t\t\t\t\t\t\t\t<img decoding=\"async\" width=\"345\" height=\"112\" src=\"https:\/\/dura.com\/wp-content\/uploads\/2025\/09\/innovation-design-excellence.webp\" class=\"attachment-full size-full wp-image-7793\" alt=\"\" srcset=\"https:\/\/dura.com\/wp-content\/uploads\/2025\/09\/innovation-design-excellence.webp 345w, https:\/\/dura.com\/wp-content\/uploads\/2025\/09\/innovation-design-excellence-300x97.webp 300w, https:\/\/dura.com\/wp-content\/uploads\/2025\/09\/innovation-design-excellence-64x21.webp 64w\" sizes=\"(max-width: 345px) 100vw, 345px\" \/>\t\t\t\t\t\t\t\t\t\t\t\t\t\t\t<\/div>\n\t\t\t\t\t<\/div>\n\t\t\t\t<\/div>\n\t\t<div class=\"elementor-element elementor-element-b2f55fe e-flex e-con-boxed e-con e-parent\" data-id=\"b2f55fe\" data-element_type=\"container\" data-e-type=\"container\" data-settings=\"{&quot;background_background&quot;:&quot;classic&quot;}\">\n\t\t\t\t\t<div class=\"e-con-inner\">\n\t\t\t\t<div class=\"elementor-element elementor-element-2b293cd elementor-widget elementor-widget-heading\" data-id=\"2b293cd\" data-element_type=\"widget\" data-e-type=\"widget\" data-widget_type=\"heading.default\">\n\t\t\t\t\t<h2 class=\"elementor-heading-title elementor-size-default\">DER DURA-UNTERSCHIED<\/h2>\t\t\t\t<\/div>\n\t\t<div class=\"elementor-element elementor-element-9982c3e e-con-full e-flex e-con e-child\" data-id=\"9982c3e\" data-element_type=\"container\" data-e-type=\"container\">\n\t\t\t\t<div class=\"elementor-element elementor-element-934c5af elementor-widget__width-initial elementor-icon-list--layout-traditional elementor-list-item-link-full_width elementor-widget elementor-widget-icon-list\" data-id=\"934c5af\" data-element_type=\"widget\" data-e-type=\"widget\" data-widget_type=\"icon-list.default\">\n\t\t\t\t\t\t\t<ul class=\"elementor-icon-list-items\">\n\t\t\t\t\t\t\t<li class=\"elementor-icon-list-item\">\n\t\t\t\t\t\t\t\t\t\t\t<span class=\"elementor-icon-list-icon\">\n\t\t\t\t\t\t\t<svg aria-hidden=\"true\" class=\"e-font-icon-svg e-fas-check\" viewBox=\"0 0 512 512\" xmlns=\"http:\/\/www.w3.org\/2000\/svg\"><path d=\"M173.898 439.404l-166.4-166.4c-9.997-9.997-9.997-26.206 0-36.204l36.203-36.204c9.997-9.998 26.207-9.998 36.204 0L192 312.69 432.095 72.596c9.997-9.997 26.207-9.997 36.204 0l36.203 36.204c9.997 9.997 9.997 26.206 0 36.204l-294.4 294.401c-9.998 9.997-26.207 9.997-36.204-.001z\"><\/path><\/svg>\t\t\t\t\t\t<\/span>\n\t\t\t\t\t\t\t\t\t\t<span class=\"elementor-icon-list-text\">Der Pionier der modularen Werkstattl\u00f6sung \u2013 un\u00fcbertroffene Erfahrung zur Realisierung der Werkstatt, die Ihr Unternehmen ben\u00f6tigt<\/span>\n\t\t\t\t\t\t\t\t\t<\/li>\n\t\t\t\t\t\t\t\t<li class=\"elementor-icon-list-item\">\n\t\t\t\t\t\t\t\t\t\t\t<span class=\"elementor-icon-list-icon\">\n\t\t\t\t\t\t\t<svg aria-hidden=\"true\" class=\"e-font-icon-svg e-fas-check\" viewBox=\"0 0 512 512\" xmlns=\"http:\/\/www.w3.org\/2000\/svg\"><path d=\"M173.898 439.404l-166.4-166.4c-9.997-9.997-9.997-26.206 0-36.204l36.203-36.204c9.997-9.998 26.207-9.998 36.204 0L192 312.69 432.095 72.596c9.997-9.997 26.207-9.997 36.204 0l36.203 36.204c9.997 9.997 9.997 26.206 0 36.204l-294.4 294.401c-9.998 9.997-26.207 9.997-36.204-.001z\"><\/path><\/svg>\t\t\t\t\t\t<\/span>\n\t\t\t\t\t\t\t\t\t\t<span class=\"elementor-icon-list-text\">Modulares Produkt f\u00fcr vollst\u00e4ndige Flexibilit\u00e4t und Integration in Ihre Einrichtungen und Prozesse<\/span>\n\t\t\t\t\t\t\t\t\t<\/li>\n\t\t\t\t\t\t\t\t<li class=\"elementor-icon-list-item\">\n\t\t\t\t\t\t\t\t\t\t\t<span class=\"elementor-icon-list-icon\">\n\t\t\t\t\t\t\t<svg aria-hidden=\"true\" class=\"e-font-icon-svg e-fas-check\" viewBox=\"0 0 512 512\" xmlns=\"http:\/\/www.w3.org\/2000\/svg\"><path d=\"M173.898 439.404l-166.4-166.4c-9.997-9.997-9.997-26.206 0-36.204l36.203-36.204c9.997-9.998 26.207-9.998 36.204 0L192 312.69 432.095 72.596c9.997-9.997 26.207-9.997 36.204 0l36.203 36.204c9.997 9.997 9.997 26.206 0 36.204l-294.4 294.401c-9.998 9.997-26.207 9.997-36.204-.001z\"><\/path><\/svg>\t\t\t\t\t\t<\/span>\n\t\t\t\t\t\t\t\t\t\t<span class=\"elementor-icon-list-text\">Hauseigene Designer zur Betreuung Ihres Projekts von der ersten Beratung bis zur finalen \u00dcbergabe<\/span>\n\t\t\t\t\t\t\t\t\t<\/li>\n\t\t\t\t\t\t<\/ul>\n\t\t\t\t\t\t<\/div>\n\t\t\t\t<div class=\"elementor-element elementor-element-f2037e7 elementor-widget__width-initial elementor-icon-list--layout-traditional elementor-list-item-link-full_width elementor-widget elementor-widget-icon-list\" data-id=\"f2037e7\" data-element_type=\"widget\" data-e-type=\"widget\" data-widget_type=\"icon-list.default\">\n\t\t\t\t\t\t\t<ul class=\"elementor-icon-list-items\">\n\t\t\t\t\t\t\t<li class=\"elementor-icon-list-item\">\n\t\t\t\t\t\t\t\t\t\t\t<span class=\"elementor-icon-list-icon\">\n\t\t\t\t\t\t\t<svg aria-hidden=\"true\" class=\"e-font-icon-svg e-fas-check\" viewBox=\"0 0 512 512\" xmlns=\"http:\/\/www.w3.org\/2000\/svg\"><path d=\"M173.898 439.404l-166.4-166.4c-9.997-9.997-9.997-26.206 0-36.204l36.203-36.204c9.997-9.998 26.207-9.998 36.204 0L192 312.69 432.095 72.596c9.997-9.997 26.207-9.997 36.204 0l36.203 36.204c9.997 9.997 9.997 26.206 0 36.204l-294.4 294.401c-9.998 9.997-26.207 9.997-36.204-.001z\"><\/path><\/svg>\t\t\t\t\t\t<\/span>\n\t\t\t\t\t\t\t\t\t\t<span class=\"elementor-icon-list-text\">Hochwertige Dienstleistungen durch ein Netzwerk bester Partner im Bereich Werkstattausstattung<\/span>\n\t\t\t\t\t\t\t\t\t<\/li>\n\t\t\t\t\t\t\t\t<li class=\"elementor-icon-list-item\">\n\t\t\t\t\t\t\t\t\t\t\t<span class=\"elementor-icon-list-icon\">\n\t\t\t\t\t\t\t<svg aria-hidden=\"true\" class=\"e-font-icon-svg e-fas-check\" viewBox=\"0 0 512 512\" xmlns=\"http:\/\/www.w3.org\/2000\/svg\"><path d=\"M173.898 439.404l-166.4-166.4c-9.997-9.997-9.997-26.206 0-36.204l36.203-36.204c9.997-9.998 26.207-9.998 36.204 0L192 312.69 432.095 72.596c9.997-9.997 26.207-9.997 36.204 0l36.203 36.204c9.997 9.997 9.997 26.206 0 36.204l-294.4 294.401c-9.998 9.997-26.207 9.997-36.204-.001z\"><\/path><\/svg>\t\t\t\t\t\t<\/span>\n\t\t\t\t\t\t\t\t\t\t<span class=\"elementor-icon-list-text\">Eine der fortschrittlichsten Metallumformungsanlagen Gro\u00dfbritanniens mit begehrten Lackierungszertifizierungen von AkzoNobel und Axalta (Teil der Dupont Group)<\/span>\n\t\t\t\t\t\t\t\t\t<\/li>\n\t\t\t\t\t\t\t\t<li class=\"elementor-icon-list-item\">\n\t\t\t\t\t\t\t\t\t\t\t<span class=\"elementor-icon-list-icon\">\n\t\t\t\t\t\t\t<svg aria-hidden=\"true\" class=\"e-font-icon-svg e-fas-check\" viewBox=\"0 0 512 512\" xmlns=\"http:\/\/www.w3.org\/2000\/svg\"><path d=\"M173.898 439.404l-166.4-166.4c-9.997-9.997-9.997-26.206 0-36.204l36.203-36.204c9.997-9.998 26.207-9.998 36.204 0L192 312.69 432.095 72.596c9.997-9.997 26.207-9.997 36.204 0l36.203 36.204c9.997 9.997 9.997 26.206 0 36.204l-294.4 294.401c-9.998 9.997-26.207 9.997-36.204-.001z\"><\/path><\/svg>\t\t\t\t\t\t<\/span>\n\t\t\t\t\t\t\t\t\t\t<span class=\"elementor-icon-list-text\">Dienstleistungen f\u00fcr individuelles Produktdesign oder Entwicklung neuer M\u00f6belkonzepte<\/span>\n\t\t\t\t\t\t\t\t\t<\/li>\n\t\t\t\t\t\t<\/ul>\n\t\t\t\t\t\t<\/div>\n\t\t\t\t<\/div>\n\t\t\t\t\t<\/div>\n\t\t\t\t<\/div>\n\t\t<div class=\"elementor-element elementor-element-4f1c5eb e-flex e-con-boxed e-con e-parent\" data-id=\"4f1c5eb\" data-element_type=\"container\" data-e-type=\"container\">\n\t\t\t\t\t<div class=\"e-con-inner\">\n\t\t\t\t<div class=\"elementor-element elementor-element-c11b510 elementor-widget elementor-widget-heading\" data-id=\"c11b510\" data-element_type=\"widget\" data-e-type=\"widget\" data-widget_type=\"heading.default\">\n\t\t\t\t\t<h2 class=\"elementor-heading-title elementor-size-default\">DIE F\u00dcHRENDEN UNTERNEHMEN UND ORGANISATIONEN, DIE WIR BETREUEN<\/h2>\t\t\t\t<\/div>\n\t\t\t\t<div class=\"elementor-element elementor-element-b60bc0f elementor-widget elementor-widget-text-editor\" data-id=\"b60bc0f\" data-element_type=\"widget\" data-e-type=\"widget\" data-widget_type=\"text-editor.default\">\n\t\t\t\t\t\t\t\t\t<p>Die modularen Werkstatteinrichtungen von Dura sind darauf ausgelegt, den spezifischen Anforderungen von Branchen wie Automobil, Luft- und Raumfahrt, Fertigung und Motorsport gerecht zu werden und langlebige, effiziente und vollst\u00e4ndig integrierte L\u00f6sungen f\u00fcr leistungsstarke Arbeitsbereiche bereitzustellen.<\/p>\t\t\t\t\t\t\t\t<\/div>\n\t\t\t\t\t<\/div>\n\t\t\t\t<\/div>\n\t\t<div class=\"elementor-element elementor-element-4a3c382 e-flex e-con-boxed e-con e-parent\" data-id=\"4a3c382\" data-element_type=\"container\" data-e-type=\"container\">\n\t\t\t\t\t<div class=\"e-con-inner\">\n\t\t\t\t<div class=\"elementor-element elementor-element-c424703 elementor-widget elementor-widget-image-carousel\" data-id=\"c424703\" data-element_type=\"widget\" data-e-type=\"widget\" data-settings=\"{&quot;slides_to_show&quot;:&quot;10&quot;,&quot;slides_to_scroll&quot;:&quot;1&quot;,&quot;navigation&quot;:&quot;none&quot;,&quot;autoplay_speed&quot;:3000,&quot;image_spacing_custom&quot;:{&quot;unit&quot;:&quot;px&quot;,&quot;size&quot;:46,&quot;sizes&quot;:[]},&quot;slides_to_show_mobile&quot;:&quot;2&quot;,&quot;slides_to_scroll_tablet&quot;:&quot;3&quot;,&quot;slides_to_scroll_mobile&quot;:&quot;3&quot;,&quot;slides_to_show_tablet&quot;:&quot;3&quot;,&quot;autoplay&quot;:&quot;yes&quot;,&quot;pause_on_hover&quot;:&quot;yes&quot;,&quot;pause_on_interaction&quot;:&quot;yes&quot;,&quot;infinite&quot;:&quot;yes&quot;,&quot;speed&quot;:500,&quot;image_spacing_custom_tablet&quot;:{&quot;unit&quot;:&quot;px&quot;,&quot;size&quot;:&quot;&quot;,&quot;sizes&quot;:[]},&quot;image_spacing_custom_mobile&quot;:{&quot;unit&quot;:&quot;px&quot;,&quot;size&quot;:&quot;&quot;,&quot;sizes&quot;:[]}}\" data-widget_type=\"image-carousel.default\">\n\t\t\t\t\t\t\t<div class=\"elementor-image-carousel-wrapper swiper\" role=\"region\" aria-roledescription=\"carousel\" aria-label=\"Image Carousel\" dir=\"ltr\">\n\t\t\t<div class=\"elementor-image-carousel swiper-wrapper\" aria-live=\"off\">\n\t\t\t\t\t\t\t\t<div class=\"swiper-slide\" role=\"group\" aria-roledescription=\"slide\" aria-label=\"1 von 14\"><figure class=\"swiper-slide-inner\"><img decoding=\"async\" class=\"swiper-slide-image\" src=\"https:\/\/dura.com\/wp-content\/uploads\/2025\/09\/IMAGE_BO_Carousel_WMAm.jpg\" alt=\"IMAGE_BO_Carousel_WMAm\" \/><\/figure><\/div><div class=\"swiper-slide\" role=\"group\" aria-roledescription=\"slide\" aria-label=\"2 von 14\"><figure class=\"swiper-slide-inner\"><img decoding=\"async\" class=\"swiper-slide-image\" src=\"https:\/\/dura.com\/wp-content\/uploads\/2025\/09\/IMAGE_B0_Carousel_Vert.jpg\" alt=\"IMAGE_B0_Carousel_Vert\" \/><\/figure><\/div><div class=\"swiper-slide\" role=\"group\" aria-roledescription=\"slide\" aria-label=\"3 von 14\"><figure class=\"swiper-slide-inner\"><img decoding=\"async\" class=\"swiper-slide-image\" src=\"https:\/\/dura.com\/wp-content\/uploads\/2025\/09\/IMAGE_B0_Carousel_Roll.jpg\" alt=\"IMAGE_B0_Carousel_Roll\" \/><\/figure><\/div><div class=\"swiper-slide\" role=\"group\" aria-roledescription=\"slide\" aria-label=\"4 von 14\"><figure class=\"swiper-slide-inner\"><img decoding=\"async\" class=\"swiper-slide-image\" src=\"https:\/\/dura.com\/wp-content\/uploads\/2025\/09\/IMAGE_B0_Carousel_Pors.jpg\" alt=\"IMAGE_B0_Carousel_Pors\" \/><\/figure><\/div><div class=\"swiper-slide\" role=\"group\" aria-roledescription=\"slide\" aria-label=\"5 von 14\"><figure class=\"swiper-slide-inner\"><img decoding=\"async\" class=\"swiper-slide-image\" src=\"https:\/\/dura.com\/wp-content\/uploads\/2025\/09\/IMAGE_B0_Carousel_NIFR.jpg\" alt=\"IMAGE_B0_Carousel_NIFR\" \/><\/figure><\/div><div class=\"swiper-slide\" role=\"group\" aria-roledescription=\"slide\" aria-label=\"6 von 14\"><figure class=\"swiper-slide-inner\"><img decoding=\"async\" class=\"swiper-slide-image\" src=\"https:\/\/dura.com\/wp-content\/uploads\/2025\/09\/IMAGE_B0_Carousel_MetP.jpg\" alt=\"IMAGE_B0_Carousel_MetP\" \/><\/figure><\/div><div class=\"swiper-slide\" role=\"group\" aria-roledescription=\"slide\" aria-label=\"7 von 14\"><figure class=\"swiper-slide-inner\"><img decoding=\"async\" class=\"swiper-slide-image\" src=\"https:\/\/dura.com\/wp-content\/uploads\/2025\/09\/IMAGE_B0_Carousel_McLa.jpg\" alt=\"IMAGE_B0_Carousel_McLa\" \/><\/figure><\/div><div class=\"swiper-slide\" role=\"group\" aria-roledescription=\"slide\" aria-label=\"8 von 14\"><figure class=\"swiper-slide-inner\"><img decoding=\"async\" class=\"swiper-slide-image\" src=\"https:\/\/dura.com\/wp-content\/uploads\/2025\/09\/IMAGE_B0_Carousel_Lubb.jpg\" alt=\"IMAGE_B0_Carousel_Lubb\" \/><\/figure><\/div><div class=\"swiper-slide\" role=\"group\" aria-roledescription=\"slide\" aria-label=\"9 von 14\"><figure class=\"swiper-slide-inner\"><img decoding=\"async\" class=\"swiper-slide-image\" src=\"https:\/\/dura.com\/wp-content\/uploads\/2025\/09\/IMAGE_B0_Carousel_Lamb.jpg\" alt=\"IMAGE_B0_Carousel_Lamb\" \/><\/figure><\/div><div class=\"swiper-slide\" role=\"group\" aria-roledescription=\"slide\" aria-label=\"10 von 14\"><figure class=\"swiper-slide-inner\"><img decoding=\"async\" class=\"swiper-slide-image\" src=\"https:\/\/dura.com\/wp-content\/uploads\/2025\/09\/IMAGE_B0_Carousel_Cate.jpg\" alt=\"IMAGE_B0_Carousel_Cate\" \/><\/figure><\/div><div class=\"swiper-slide\" role=\"group\" aria-roledescription=\"slide\" aria-label=\"11 von 14\"><figure class=\"swiper-slide-inner\"><img decoding=\"async\" class=\"swiper-slide-image\" src=\"https:\/\/dura.com\/wp-content\/uploads\/2025\/09\/IMAGE_B0_Carousel_BMW.jpg\" alt=\"IMAGE_B0_Carousel_BMW\" \/><\/figure><\/div><div class=\"swiper-slide\" role=\"group\" aria-roledescription=\"slide\" aria-label=\"12 von 14\"><figure class=\"swiper-slide-inner\"><img decoding=\"async\" class=\"swiper-slide-image\" src=\"https:\/\/dura.com\/wp-content\/uploads\/2025\/09\/IMAGE_B0_Carousel_Bent.jpg\" alt=\"IMAGE_B0_Carousel_Bent\" \/><\/figure><\/div><div class=\"swiper-slide\" role=\"group\" aria-roledescription=\"slide\" aria-label=\"13 von 14\"><figure class=\"swiper-slide-inner\"><img decoding=\"async\" class=\"swiper-slide-image\" src=\"https:\/\/dura.com\/wp-content\/uploads\/2025\/09\/IMAGE_B0_Carousel_Audi.jpg\" alt=\"IMAGE_B0_Carousel_Audi\" \/><\/figure><\/div><div class=\"swiper-slide\" role=\"group\" aria-roledescription=\"slide\" aria-label=\"14 von 14\"><figure class=\"swiper-slide-inner\"><img decoding=\"async\" class=\"swiper-slide-image\" src=\"https:\/\/dura.com\/wp-content\/uploads\/2025\/09\/IMAGE_B0_Carousel_AMar.jpg\" alt=\"IMAGE_B0_Carousel_AMar\" \/><\/figure><\/div>\t\t\t<\/div>\n\t\t\t\t\t\t\t\n\t\t\t\t\t\t\t\t\t<\/div>\n\t\t\t\t\t\t<\/div>\n\t\t\t\t\t<\/div>\n\t\t\t\t<\/div>\n\t\t<div class=\"elementor-element elementor-element-f82f641 e-flex e-con-boxed e-con e-parent\" data-id=\"f82f641\" data-element_type=\"container\" data-e-type=\"container\">\n\t\t\t\t\t<div class=\"e-con-inner\">\n\t\t<div class=\"elementor-element elementor-element-c570d90 e-con-full e-flex e-con e-child\" data-id=\"c570d90\" data-element_type=\"container\" data-e-type=\"container\">\n\t\t\t\t<div class=\"elementor-element elementor-element-0629ed0 elementor-widget elementor-widget-text-editor\" data-id=\"0629ed0\" data-element_type=\"widget\" data-e-type=\"widget\" data-widget_type=\"text-editor.default\">\n\t\t\t\t\t\t\t\t\t<ul><li>Automobilmontagewerke und Servicezentren<\/li><li>Hauptvertretungen und unabh\u00e4ngige Spezialisten<\/li><li>Rettungsdienste und ma\u00dfgeschneiderte Fahrzeugbetriebe<\/li><li>Motorsport und Formel 1<\/li><li>Wettkampf- und Mannschaftssport<\/li><li>\u00d6l, Gas und Offshore<\/li><li>Einzelhandel und Verbraucher-Arbeitsbereiche<\/li><\/ul>\t\t\t\t\t\t\t\t<\/div>\n\t\t\t\t<\/div>\n\t\t<div class=\"elementor-element elementor-element-9867a14 e-con-full e-flex e-con e-child\" data-id=\"9867a14\" data-element_type=\"container\" data-e-type=\"container\">\n\t\t\t\t<div class=\"elementor-element elementor-element-2400744 elementor-widget elementor-widget-text-editor\" data-id=\"2400744\" data-element_type=\"widget\" data-e-type=\"widget\" data-widget_type=\"text-editor.default\">\n\t\t\t\t\t\t\t\t\t<ul><li>Ingenieurwesen, Industrie und Fertigung<\/li><li>Nautik, Marine und Schifffahrt<\/li><li>Luftfahrt-Wartungszentren und Luft- und Raumfahrtwerkst\u00e4tten<\/li><li>Medizin, Labor und Forschung &amp; Entwicklung (F&amp;E)<\/li><li>Bildung und Ausbildung<\/li><li>Spezial-, Sicherheits- und Verteidigungsanwendungen<\/li><\/ul>\t\t\t\t\t\t\t\t<\/div>\n\t\t\t\t<\/div>\n\t\t\t\t\t<\/div>\n\t\t\t\t<\/div>\n\t\t<div class=\"elementor-element elementor-element-1055931 e-flex e-con-boxed e-con e-parent\" data-id=\"1055931\" data-element_type=\"container\" data-e-type=\"container\" data-settings=\"{&quot;background_background&quot;:&quot;classic&quot;}\">\n\t\t\t\t\t<div class=\"e-con-inner\">\n\t\t<div class=\"elementor-element elementor-element-8888596 e-con-full e-flex e-con e-child\" data-id=\"8888596\" data-element_type=\"container\" data-e-type=\"container\">\n\t\t\t\t<div class=\"elementor-element elementor-element-3021977 elementor-widget elementor-widget-heading\" data-id=\"3021977\" data-element_type=\"widget\" data-e-type=\"widget\" data-widget_type=\"heading.default\">\n\t\t\t\t\t<h2 class=\"elementor-heading-title elementor-size-default\">UNSERE WELTKLASSE-EINRICHTUNGEN<\/h2>\t\t\t\t<\/div>\n\t\t\t\t<div class=\"elementor-element elementor-element-3b0b0e8 elementor-widget elementor-widget-heading\" data-id=\"3b0b0e8\" data-element_type=\"widget\" data-e-type=\"widget\" data-widget_type=\"heading.default\">\n\t\t\t\t\t<span class=\"elementor-heading-title elementor-size-default\">Entdecken Sie die Vorteile unserer modularen Serien<\/span>\t\t\t\t<\/div>\n\t\t\t\t<\/div>\n\t\t<div class=\"elementor-element elementor-element-2f07151 e-con-full e-flex e-con e-child\" data-id=\"2f07151\" data-element_type=\"container\" data-e-type=\"container\">\n\t\t\t\t<div class=\"elementor-element elementor-element-ababcd0 elementor-align-center elementor-widget elementor-widget-button\" data-id=\"ababcd0\" data-element_type=\"widget\" data-e-type=\"widget\" data-widget_type=\"button.default\">\n\t\t\t\t\t\t\t\t\t\t<a class=\"elementor-button elementor-button-link elementor-size-sm\" href=\"https:\/\/dura.com\/de\/geschaeftskunden\/produkte\/\">\n\t\t\t\t\t\t<span class=\"elementor-button-content-wrapper\">\n\t\t\t\t\t\t\t\t\t<span class=\"elementor-button-text\">Mehr erfahren<\/span>\n\t\t\t\t\t<\/span>\n\t\t\t\t\t<\/a>\n\t\t\t\t\t\t\t\t<\/div>\n\t\t\t\t<\/div>\n\t\t\t\t\t<\/div>\n\t\t\t\t<\/div>\n\t\t<div class=\"elementor-element elementor-element-e8c5be9 e-flex e-con-boxed e-con e-parent\" data-id=\"e8c5be9\" data-element_type=\"container\" data-e-type=\"container\">\n\t\t\t\t\t<div class=\"e-con-inner\">\n\t\t\t\t<div class=\"elementor-element elementor-element-48c993c elementor-widget elementor-widget-heading\" data-id=\"48c993c\" data-element_type=\"widget\" data-e-type=\"widget\" data-widget_type=\"heading.default\">\n\t\t\t\t\t<h2 class=\"elementor-heading-title elementor-size-default\">Neuigkeiten<\/h2>\t\t\t\t<\/div>\n\t\t\t\t\t<\/div>\n\t\t\t\t<\/div>\n\t\t<div class=\"elementor-element elementor-element-74b152b e-flex e-con-boxed e-con e-parent\" data-id=\"74b152b\" data-element_type=\"container\" data-e-type=\"container\" data-settings=\"{&quot;background_background&quot;:&quot;classic&quot;}\">\n\t\t\t\t\t<div class=\"e-con-inner\">\n\t\t\t\t<div class=\"elementor-element elementor-element-63c5410 elementor-widget elementor-widget-heading\" data-id=\"63c5410\" data-element_type=\"widget\" data-e-type=\"widget\" data-widget_type=\"heading.default\">\n\t\t\t\t\t<h2 class=\"elementor-heading-title elementor-size-default\">Mehr entdecken<\/h2>\t\t\t\t<\/div>\n\t\t\t\t<div class=\"elementor-element elementor-element-74e584d elementor-widget elementor-widget-heading\" data-id=\"74e584d\" data-element_type=\"widget\" data-e-type=\"widget\" data-widget_type=\"heading.default\">\n\t\t\t\t\t<span class=\"elementor-heading-title elementor-size-default\">Sprechen Sie mit unserem Team f\u00fcr weitere Informationen \u00fcber unsere Werkstatteinrichtungen und Dienstleistungen<\/span>\t\t\t\t<\/div>\n\t\t\t\t<div class=\"elementor-element elementor-element-9f238d2 elementor-align-center elementor-widget elementor-widget-button\" data-id=\"9f238d2\" data-element_type=\"widget\" data-e-type=\"widget\" data-widget_type=\"button.default\">\n\t\t\t\t\t\t\t\t\t\t<a class=\"elementor-button elementor-button-link elementor-size-sm\" href=\"https:\/\/dura.com\/de\/geschaeftskunden\/kontakt\/\">\n\t\t\t\t\t\t<span class=\"elementor-button-content-wrapper\">\n\t\t\t\t\t\t\t\t\t<span class=\"elementor-button-text\">Kontakt aufnehmen<\/span>\n\t\t\t\t\t<\/span>\n\t\t\t\t\t<\/a>\n\t\t\t\t\t\t\t\t<\/div>\n\t\t\t\t\t<\/div>\n\t\t\t\t<\/div>\n\t\t\t\t<\/div>\n\t\t","protected":false},"excerpt":{"rendered":"<p>WELTWEITE PIONIERE F\u00dcRINTEGRIERTE MODULARE WERKSTATTEINRICHTUNGEN Modulare Werkstatteinrichtungen von Weltklasse, entwickelt zur Maximierung der Effizienz, Organisation und Arbeitsabl\u00e4ufe Ihres Unternehmens. Mit Dura schaffen Sie das Kompetenzzentrum, das Ihre Kunden erwarten. Unsere in Gro\u00dfbritannien entwickelten, pr\u00e4zisionsgefertigten und fachgerecht hergestellten Werkstatteinrichtungen werden nach h\u00f6chsten Standards gefertigt und gew\u00e4hrleisten Langlebigkeit sowie nahtlose Integration in Ihren Arbeitsbereich. Ihre Werkstatt ist [&hellip;]<\/p>\n","protected":false},"author":1,"featured_media":0,"parent":0,"menu_order":0,"comment_status":"closed","ping_status":"closed","template":"","meta":{"_acf_changed":false,"footnotes":""},"class_list":["post-7862","page","type-page","status-publish","hentry"],"acf":[],"_links":{"self":[{"href":"https:\/\/dura.com\/de\/wp-json\/wp\/v2\/pages\/7862","targetHints":{"allow":["GET"]}}],"collection":[{"href":"https:\/\/dura.com\/de\/wp-json\/wp\/v2\/pages"}],"about":[{"href":"https:\/\/dura.com\/de\/wp-json\/wp\/v2\/types\/page"}],"author":[{"embeddable":true,"href":"https:\/\/dura.com\/de\/wp-json\/wp\/v2\/users\/1"}],"replies":[{"embeddable":true,"href":"https:\/\/dura.com\/de\/wp-json\/wp\/v2\/comments?post=7862"}],"version-history":[{"count":0,"href":"https:\/\/dura.com\/de\/wp-json\/wp\/v2\/pages\/7862\/revisions"}],"wp:attachment":[{"href":"https:\/\/dura.com\/de\/wp-json\/wp\/v2\/media?parent=7862"}],"curies":[{"name":"wp","href":"https:\/\/api.w.org\/{rel}","templated":true}]}}